{"id":232,"date":"2025-10-28T07:38:41","date_gmt":"2025-10-28T07:38:41","guid":{"rendered":"https:\/\/acecoll.com\/?post_type=product&#038;p=232"},"modified":"2026-02-11T07:22:54","modified_gmt":"2026-02-11T07:22:54","slug":"af019-medium-bowie-knife-full-tang-d2-steel","status":"publish","type":"product","link":"https:\/\/acecoll.com\/fr\/produit\/af019-medium-bowie-knife-full-tang-d2-steel\/","title":{"rendered":"AC019 Couteau de type cure-dent Arkansas"},"content":{"rendered":"<p>Le couteau AC019 Arkansas Toothpick-Style est un couteau Bowie de qualit\u00e9 qui offre \u00e0 la fois des performances fonctionnelles et une valeur de collection.<\/p>\n<p>La lame est en acier D2 haute performance, forg\u00e9e \u00e0 la main pour atteindre une duret\u00e9 de 61\u00b1HRC. Elle est tranchante, r\u00e9sistante \u00e0 l'usure et \u00e0 la corrosion.<\/p>\n<p>Dot\u00e9 d'une construction \u00e0 angle droit, le couteau reste solide et fiable, m\u00eame en cas d'utilisation intensive.<\/p>\n<p>Le profil allong\u00e9 combin\u00e9 \u00e0 une colonne vert\u00e9brale \u00e9paisse offre une excellente puissance de per\u00e7age et de coupe, tout en mettant en valeur l'esth\u00e9tique classique du Bowie, \u00e0 savoir la force et l'\u00e9quilibre.<\/p>\n<p>Le manche en bois massif tient confortablement dans la main et le pommeau en acier am\u00e9liore \u00e0 la fois l'\u00e9quilibre et la durabilit\u00e9.<\/p>\n<p>L'\u00e9tui en cuir v\u00e9ritable est finement con\u00e7u pour prot\u00e9ger le couteau et permettre un transport pratique \u00e0 la ceinture ou dans un sac.<\/p>\n<p>Que ce soit pour la chasse, le camping, la survie dans la jungle, les aventures en plein air ou la collection, l'AC019 est fiable.<\/p>\n<p>&nbsp;<\/p>","protected":false},"excerpt":{"rendered":"<p><strong>Design Bowie classique :<\/strong> La lame allong\u00e9e aux lignes semblables \u00e0 celles d'une \u00e9p\u00e9e offre \u00e0 la fois un fort pouvoir de perforation et une esth\u00e9tique \u00e9l\u00e9gante, mettant en valeur un \u00e9quilibre parfait entre la force et l'artisanat.<br \/>\n<strong>Lame en acier D2 haute performance :<\/strong> D'une duret\u00e9 de 61\u00b1HRC, il offre un tranchant durable, une excellente r\u00e9sistance \u00e0 l'usure et une r\u00e9sistance sup\u00e9rieure \u00e0 la corrosion, id\u00e9ale pour les t\u00e2ches ext\u00e9rieures exigeantes.<br \/>\n<strong>Construction Full-Tang :<\/strong> La lame est forg\u00e9e en une seule pi\u00e8ce pour une r\u00e9sistance et une stabilit\u00e9 maximales, ce qui garantit la s\u00e9curit\u00e9 et la fiabilit\u00e9 lors du d\u00e9coupage et de l'enfoncement.<br \/>\n<strong>Utilisation polyvalente \u00e0 l'ext\u00e9rieur :<\/strong> Parfait pour la chasse, le camping, la survie dans la jungle et les aventures en plein air ; allie performance pratique et valeur de collection.<\/p>","protected":false},"featured_media":332,"comment_status":"open","ping_status":"closed","template":"","meta":{"_acf_changed":false,"inline_featured_image":false,"slim_seo":{"title":"Grand couteau Bowie pour l'aventure et la collection - ACECOLL","description":"AC019 Large Bowie Knife, id\u00e9al pour la chasse, le camping, la survie dans la jungle et l'aventure en plein air. Un couteau Bowie de premi\u00e8re qualit\u00e9 qui offre \u00e0 la fois une performance pratique et une valeur de collection - maintenant en vente, cliquez pour en savoir plus !"}},"product_brand":[],"product_cat":[22,16,23,18],"product_tag":[],"class_list":{"0":"post-232","1":"product","2":"type-product","3":"status-publish","4":"has-post-thumbnail","6":"product_cat-bowie-knife","7":"product_cat-fixed-blade-knife","8":"product_cat-hunting-knives","9":"product_cat-survival-knives","11":"first","12":"instock","13":"taxable","14":"shipping-taxable","15":"purchasable","16":"product-type-simple"},"acf":[],"_links":{"self":[{"href":"https:\/\/acecoll.com\/fr\/wp-json\/wp\/v2\/product\/232","targetHints":{"allow":["GET"]}}],"collection":[{"href":"https:\/\/acecoll.com\/fr\/wp-json\/wp\/v2\/product"}],"about":[{"href":"https:\/\/acecoll.com\/fr\/wp-json\/wp\/v2\/types\/product"}],"replies":[{"embeddable":true,"href":"https:\/\/acecoll.com\/fr\/wp-json\/wp\/v2\/comments?post=232"}],"version-history":[{"count":5,"href":"https:\/\/acecoll.com\/fr\/wp-json\/wp\/v2\/product\/232\/revisions"}],"predecessor-version":[{"id":1971,"href":"https:\/\/acecoll.com\/fr\/wp-json\/wp\/v2\/product\/232\/revisions\/1971"}],"wp:featuredmedia":[{"embeddable":true,"href":"https:\/\/acecoll.com\/fr\/wp-json\/wp\/v2\/media\/332"}],"wp:attachment":[{"href":"https:\/\/acecoll.com\/fr\/wp-json\/wp\/v2\/media?parent=232"}],"wp:term":[{"taxonomy":"product_brand","embeddable":true,"href":"https:\/\/acecoll.com\/fr\/wp-json\/wp\/v2\/product_brand?post=232"},{"taxonomy":"product_cat","embeddable":true,"href":"https:\/\/acecoll.com\/fr\/wp-json\/wp\/v2\/product_cat?post=232"},{"taxonomy":"product_tag","embeddable":true,"href":"https:\/\/acecoll.com\/fr\/wp-json\/wp\/v2\/product_tag?post=232"}],"curies":[{"name":"wp","href":"https:\/\/api.w.org\/{rel}","templated":true}]}}