{"id":233,"date":"2025-10-28T07:38:41","date_gmt":"2025-10-28T07:38:41","guid":{"rendered":"https:\/\/acecoll.com\/?post_type=product&#038;p=233"},"modified":"2026-02-11T07:23:19","modified_gmt":"2026-02-11T07:23:19","slug":"af021-couteau-a-lame-fixe-large-tanto","status":"publish","type":"product","link":"https:\/\/acecoll.com\/fr\/produit\/af021-couteau-a-lame-fixe-large-tanto\/","title":{"rendered":"AC021 Machette tactique moyenne | Couteau de survie lourd"},"content":{"rendered":"<p>AC021 Medium Tactical Machete is a heavy-duty tactical survival knife designed for demanding outdoor use.<br \/>\nLa lame est forg\u00e9e dans un acier \u00e0 outils CPM-T440V haute performance, offrant une duret\u00e9 et un tranchant \u00e9lev\u00e9s, ainsi qu'une excellente r\u00e9sistance \u00e0 l'usure. Elle est capable d'effectuer des t\u00e2ches de coupe et de d\u00e9coupage difficiles avec facilit\u00e9.<br \/>\nLe couteau est dot\u00e9 d'une construction \u00e0 plein bras pour une solidit\u00e9, une stabilit\u00e9 et une s\u00e9curit\u00e9 sup\u00e9rieures.<br \/>\nSa colonne vert\u00e9brale de 8 mm d'\u00e9paisseur lui conf\u00e8re un \u00e9lan et une force d'impact exceptionnels, ce qui en fait un outil id\u00e9al pour le travail du bois, l'installation d'un campement ou la survie en milieu sauvage.<\/p>\n<p>Le manche en bois massif s'adapte confortablement \u00e0 la main, offrant une prise s\u00fbre et antid\u00e9rapante, tandis que le fourreau en cuir cousu \u00e0 la main ajoute \u00e0 la fois fonctionnalit\u00e9 et texture raffin\u00e9e.<\/p>\n<p>Whether for camping, wood chopping, jungle exploration, or outdoor survival, the AC021 delivers powerful performance and excellent handling\u2014making it a trusted heavy-duty blade for outdoor enthusiasts and knife collectors alike.<\/p>","protected":false},"excerpt":{"rendered":"<p>Acier haute performance : Forg\u00e9 \u00e0 partir d'un acier \u00e0 outils CPM-T440V de premi\u00e8re qualit\u00e9, d'une grande duret\u00e9 et d'une excellente r\u00e9sistance \u00e0 l'usure.<br \/>\nLame extra-\u00e9paisse de 8 mm : La lame mi-courte de 8 mm d'\u00e9paisseur offre une force de coupe puissante et une grande capacit\u00e9 d'impact.<br \/>\nConstruction Full-Tang : La conception monobloc \u00e0 crochet int\u00e9gral offre une r\u00e9sistance et une fiabilit\u00e9 sup\u00e9rieures, id\u00e9ales pour les t\u00e2ches de plein air intenses.<br \/>\nPoign\u00e9e ergonomique en bois : Poign\u00e9e compl\u00e8te et confortable, antid\u00e9rapante et s\u00fbre, facile \u00e0 contr\u00f4ler m\u00eame lors d'une utilisation prolong\u00e9e.<br \/>\nFourreau en cuir v\u00e9ritable : Cousu \u00e0 la main avec une grande finesse d'ex\u00e9cution, une texture de premi\u00e8re qualit\u00e9, et pratique pour le port \u00e0 la ceinture ou \u00e0 l'\u00e9paule.<br \/>\nApplications polyvalentes : Parfait pour le camping, la coupe de bois, la survie en milieu naturel et l'entra\u00eenement tactique.<\/p>","protected":false},"featured_media":1015,"comment_status":"open","ping_status":"closed","template":"","meta":{"_acf_changed":false,"inline_featured_image":false,"slim_seo":{"description":"La machette tactique moyenne AC021 est un couteau de survie robuste qui allie puissance et savoir-faire. pour le camping, le travail du bois, l'exploration de la jungle et la survie en plein air.","title":"AC021 Medium Tactical Machete | Heavy Survival Knife - ACECOLL"}},"product_brand":[],"product_cat":[16,18,21],"product_tag":[],"class_list":{"0":"post-233","1":"product","2":"type-product","3":"status-publish","4":"has-post-thumbnail","6":"product_cat-fixed-blade-knife","7":"product_cat-survival-knives","8":"product_cat-tanto-knives","10":"first","11":"instock","12":"taxable","13":"shipping-taxable","14":"purchasable","15":"product-type-simple"},"acf":[],"_links":{"self":[{"href":"https:\/\/acecoll.com\/fr\/wp-json\/wp\/v2\/product\/233","targetHints":{"allow":["GET"]}}],"collection":[{"href":"https:\/\/acecoll.com\/fr\/wp-json\/wp\/v2\/product"}],"about":[{"href":"https:\/\/acecoll.com\/fr\/wp-json\/wp\/v2\/types\/product"}],"replies":[{"embeddable":true,"href":"https:\/\/acecoll.com\/fr\/wp-json\/wp\/v2\/comments?post=233"}],"version-history":[{"count":4,"href":"https:\/\/acecoll.com\/fr\/wp-json\/wp\/v2\/product\/233\/revisions"}],"predecessor-version":[{"id":1397,"href":"https:\/\/acecoll.com\/fr\/wp-json\/wp\/v2\/product\/233\/revisions\/1397"}],"wp:featuredmedia":[{"embeddable":true,"href":"https:\/\/acecoll.com\/fr\/wp-json\/wp\/v2\/media\/1015"}],"wp:attachment":[{"href":"https:\/\/acecoll.com\/fr\/wp-json\/wp\/v2\/media?parent=233"}],"wp:term":[{"taxonomy":"product_brand","embeddable":true,"href":"https:\/\/acecoll.com\/fr\/wp-json\/wp\/v2\/product_brand?post=233"},{"taxonomy":"product_cat","embeddable":true,"href":"https:\/\/acecoll.com\/fr\/wp-json\/wp\/v2\/product_cat?post=233"},{"taxonomy":"product_tag","embeddable":true,"href":"https:\/\/acecoll.com\/fr\/wp-json\/wp\/v2\/product_tag?post=233"}],"curies":[{"name":"wp","href":"https:\/\/api.w.org\/{rel}","templated":true}]}}