{"id":234,"date":"2025-10-28T07:38:41","date_gmt":"2025-10-28T07:38:41","guid":{"rendered":"https:\/\/acecoll.com\/?post_type=product&#038;p=234"},"modified":"2026-02-11T07:23:28","modified_gmt":"2026-02-11T07:23:28","slug":"af022-couteau-dexterieur-en-acier-damasse-manche-en-bois-debene","status":"publish","type":"product","link":"https:\/\/acecoll.com\/fr\/produit\/af022-couteau-dexterieur-en-acier-damasse-manche-en-bois-debene\/","title":{"rendered":"AC022 Couteau Damascus Tanto"},"content":{"rendered":"<p>AC022 Tanto Damascus knife is a premium handcrafted knife that combines artistry and performance.<br \/>\nLa lame est fabriqu\u00e9e en acier Damas de haute qualit\u00e9, forg\u00e9 et trait\u00e9 thermiquement \u00e0 travers de multiples couches pour cr\u00e9er un motif unique de vagues en 3D. Elle est tranchante, r\u00e9sistante \u00e0 l'usure et offre une robustesse et une stabilit\u00e9 exceptionnelles.<br \/>\nLe couteau est construit avec une lame traversant le manche, ce qui garantit sa solidit\u00e9 et sa fiabilit\u00e9 en cas d'utilisation intensive.<br \/>\nLa poign\u00e9e est fabriqu\u00e9e en bois d'\u00e9b\u00e8ne fonc\u00e9, offrant une prise en main confortable, \u00e0 la fois \u00e9l\u00e9gante et pratique.<br \/>\nIl est livr\u00e9 avec un \u00e9tui en cuir raffin\u00e9 qui permet de le transporter facilement et de le prot\u00e9ger efficacement.<br \/>\nWhether for camping, hunting, outdoor adventures, or as a collector\u2019s display piece, the AC022 stands out with its superb craftsmanship and powerful aesthetics, making it a truly reliable and collectible Damascus knife.<\/p>","protected":false},"excerpt":{"rendered":"<p data-start=\"830\" data-end=\"928\">Lame en acier Damas de qualit\u00e9 sup\u00e9rieure - Fabriqu\u00e9e en acier Damas haute performance, forg\u00e9 et tremp\u00e9 \u00e0 travers plusieurs couches pour cr\u00e9er un motif unique de vagues en 3D. Combine \u00e0 la fois fonctionnalit\u00e9 et valeur de collection.<br \/>\nConstruction Full-Tang - La lame traverse le manche, ce qui garantit une solidit\u00e9, un \u00e9quilibre et une fiabilit\u00e9 exceptionnels.<br \/>\nManche en bois d'\u00e9b\u00e8ne, confortable et antid\u00e9rapant - Fabriqu\u00e9 en bois d'\u00e9b\u00e8ne s\u00e9lectionn\u00e9, il offre une prise en main douce et ergonomique, \u00e0 la fois \u00e9l\u00e9gante et pratique.<br \/>\n\u00c9tui en cuir v\u00e9ritable exquis - \u00c9tui en cuir cousu \u00e0 la main avec une texture \u00e9paisse qui prot\u00e8ge le couteau tout en ajoutant une esth\u00e9tique vintage.<br \/>\nArtisanat forg\u00e9 \u00e0 la main avec une grande valeur de collection - Chaque couteau est forg\u00e9 individuellement \u00e0 la main par des artisans qualifi\u00e9s, ce qui n\u00e9cessite un long cycle de production et des techniques complexes, ce qui en fait une v\u00e9ritable pi\u00e8ce de collection.<\/p>","protected":false},"featured_media":1025,"comment_status":"open","ping_status":"closed","template":"","meta":{"_acf_changed":false,"inline_featured_image":false,"slim_seo":{"description":"Le couteau Tanto Damascus AC022, que ce soit pour la survie en plein air, le camping, la chasse ou comme pi\u00e8ce de collection, t\u00e9moigne d'un savoir-faire et d'une solidit\u00e9 exceptionnels. C'est la tendance du moment - cliquez pour en savoir plus !","title":"AC022 Damascus Tanto Knife - ACECOLL"}},"product_brand":[],"product_cat":[23,18,21],"product_tag":[],"class_list":{"0":"post-234","1":"product","2":"type-product","3":"status-publish","4":"has-post-thumbnail","6":"product_cat-hunting-knives","7":"product_cat-survival-knives","8":"product_cat-tanto-knives","10":"first","11":"instock","12":"taxable","13":"shipping-taxable","14":"purchasable","15":"product-type-simple"},"acf":[],"_links":{"self":[{"href":"https:\/\/acecoll.com\/fr\/wp-json\/wp\/v2\/product\/234","targetHints":{"allow":["GET"]}}],"collection":[{"href":"https:\/\/acecoll.com\/fr\/wp-json\/wp\/v2\/product"}],"about":[{"href":"https:\/\/acecoll.com\/fr\/wp-json\/wp\/v2\/types\/product"}],"replies":[{"embeddable":true,"href":"https:\/\/acecoll.com\/fr\/wp-json\/wp\/v2\/comments?post=234"}],"version-history":[{"count":6,"href":"https:\/\/acecoll.com\/fr\/wp-json\/wp\/v2\/product\/234\/revisions"}],"predecessor-version":[{"id":1705,"href":"https:\/\/acecoll.com\/fr\/wp-json\/wp\/v2\/product\/234\/revisions\/1705"}],"wp:featuredmedia":[{"embeddable":true,"href":"https:\/\/acecoll.com\/fr\/wp-json\/wp\/v2\/media\/1025"}],"wp:attachment":[{"href":"https:\/\/acecoll.com\/fr\/wp-json\/wp\/v2\/media?parent=234"}],"wp:term":[{"taxonomy":"product_brand","embeddable":true,"href":"https:\/\/acecoll.com\/fr\/wp-json\/wp\/v2\/product_brand?post=234"},{"taxonomy":"product_cat","embeddable":true,"href":"https:\/\/acecoll.com\/fr\/wp-json\/wp\/v2\/product_cat?post=234"},{"taxonomy":"product_tag","embeddable":true,"href":"https:\/\/acecoll.com\/fr\/wp-json\/wp\/v2\/product_tag?post=234"}],"curies":[{"name":"wp","href":"https:\/\/api.w.org\/{rel}","templated":true}]}}