{"id":235,"date":"2025-10-28T07:38:41","date_gmt":"2025-10-28T07:38:41","guid":{"rendered":"https:\/\/acecoll.com\/?post_type=product&#038;p=235"},"modified":"2026-02-11T07:23:39","modified_gmt":"2026-02-11T07:23:39","slug":"af023-couteau-tactique-a-lame-fixe-manche-en-g10-sable-acier-vg10","status":"publish","type":"product","link":"https:\/\/acecoll.com\/fr\/produit\/af023-couteau-tactique-a-lame-fixe-manche-en-g10-sable-acier-vg10\/","title":{"rendered":"AC023 Couteau Tactique \u00e0 Lame Fixe - Manche G10 sable, acier VG10"},"content":{"rendered":"<p>Le couteau tactique AC023 Medium-Short est un couteau d'ext\u00e9rieur haut de gamme qui allie savoir-faire et performance sur le terrain.<br \/>\nLa lame est forg\u00e9e dans un acier inoxydable VG10 de haute qualit\u00e9 et polie \u00e0 la main par des milliers de cycles pour obtenir une finition miroir, ce qui t\u00e9moigne d'une qualit\u00e9 de fabrication exceptionnelle.<br \/>\nL'\u00e9pine dorsale de 8 mm d'\u00e9paisseur permet de percer et de hacher puissamment.<br \/>\nLa poign\u00e9e en G10 offre une prise en main confortable, antid\u00e9rapante et r\u00e9sistante \u00e0 l'usure, garantissant un contr\u00f4le s\u00fbr m\u00eame dans les environnements difficiles.<br \/>\nIl est livr\u00e9 avec un \u00e9tui l\u00e9ger et durable en Kydex pour un transport facile et un acc\u00e8s rapide.<br \/>\nQue ce soit pour le camping, la chasse, les aventures de survie ou l'EDC de tous les jours, l'AC023 offre des performances exceptionnelles et une qualit\u00e9 raffin\u00e9e, ce qui en fait un compagnon tactique fiable.<\/p>","protected":false},"excerpt":{"rendered":"<p>Fabrication de premi\u00e8re qualit\u00e9 : Lame en acier inoxydable VG10, polie miroir par des milliers de proc\u00e9d\u00e9s de finition \u00e0 la main pour une surface brillante et r\u00e9fl\u00e9chissante.<br \/>\nLame tr\u00e8s r\u00e9sistante : l'\u00e9pine dorsale de 8 mm d'\u00e9paisseur offre une puissance de per\u00e7age et de hachage exceptionnelle.<br \/>\nPrise en main s\u00fbre : La poign\u00e9e G10 textur\u00e9e am\u00e9liore le contr\u00f4le et la stabilit\u00e9 dans toutes les conditions.<br \/>\n\u00c9tui en Kydex : Livr\u00e9 avec un \u00e9tui en Kydex durable pour un transport facile et un acc\u00e8s rapide.<br \/>\nUtilisation polyvalente : Id\u00e9al pour la chasse, le camping, la survie en plein air, l'aventure et l'EDC.<\/p>","protected":false},"featured_media":1415,"comment_status":"open","ping_status":"closed","template":"","meta":{"_acf_changed":false,"inline_featured_image":false,"slim_seo":{"title":"AC023 Tactical Fixed Blade Knife - Sand G10 Handle, VG10 Steel - ACECOLL","description":"Fabrication de premi\u00e8re qualit\u00e9 : Lame en acier inoxydable VG10, polie miroir par des milliers de proc\u00e9d\u00e9s de finition \u00e0 la main pour une surface brillante et r\u00e9fl\u00e9chissante. Haute r\u00e9sistance"}},"product_brand":[],"product_cat":[16,17,18,19],"product_tag":[],"class_list":{"0":"post-235","1":"product","2":"type-product","3":"status-publish","4":"has-post-thumbnail","6":"product_cat-fixed-blade-knife","7":"product_cat-full-tang-knives","8":"product_cat-survival-knives","9":"product_cat-tactical-knives","11":"first","12":"instock","13":"taxable","14":"shipping-taxable","15":"purchasable","16":"product-type-simple"},"acf":[],"_links":{"self":[{"href":"https:\/\/acecoll.com\/fr\/wp-json\/wp\/v2\/product\/235","targetHints":{"allow":["GET"]}}],"collection":[{"href":"https:\/\/acecoll.com\/fr\/wp-json\/wp\/v2\/product"}],"about":[{"href":"https:\/\/acecoll.com\/fr\/wp-json\/wp\/v2\/types\/product"}],"replies":[{"embeddable":true,"href":"https:\/\/acecoll.com\/fr\/wp-json\/wp\/v2\/comments?post=235"}],"version-history":[{"count":5,"href":"https:\/\/acecoll.com\/fr\/wp-json\/wp\/v2\/product\/235\/revisions"}],"predecessor-version":[{"id":1422,"href":"https:\/\/acecoll.com\/fr\/wp-json\/wp\/v2\/product\/235\/revisions\/1422"}],"wp:featuredmedia":[{"embeddable":true,"href":"https:\/\/acecoll.com\/fr\/wp-json\/wp\/v2\/media\/1415"}],"wp:attachment":[{"href":"https:\/\/acecoll.com\/fr\/wp-json\/wp\/v2\/media?parent=235"}],"wp:term":[{"taxonomy":"product_brand","embeddable":true,"href":"https:\/\/acecoll.com\/fr\/wp-json\/wp\/v2\/product_brand?post=235"},{"taxonomy":"product_cat","embeddable":true,"href":"https:\/\/acecoll.com\/fr\/wp-json\/wp\/v2\/product_cat?post=235"},{"taxonomy":"product_tag","embeddable":true,"href":"https:\/\/acecoll.com\/fr\/wp-json\/wp\/v2\/product_tag?post=235"}],"curies":[{"name":"wp","href":"https:\/\/api.w.org\/{rel}","templated":true}]}}