{"id":236,"date":"2025-10-28T07:38:41","date_gmt":"2025-10-28T07:38:41","guid":{"rendered":"https:\/\/acecoll.com\/?post_type=product&#038;p=236"},"modified":"2026-03-26T07:36:17","modified_gmt":"2026-03-26T07:36:17","slug":"af024-couteau-tactique-a-lame-fixe-acier-san-mai-manche-g10-pleine-soie","status":"publish","type":"product","link":"https:\/\/acecoll.com\/fr\/produit\/af024-couteau-tactique-a-lame-fixe-acier-san-mai-manche-g10-pleine-soie\/","title":{"rendered":"AC024 Couteau de survie tactique San mai"},"content":{"rendered":"<p>AC024 San Mai Tactical Survival Knife est un couteau d'ext\u00e9rieur de premi\u00e8re qualit\u00e9 qui combine un savoir-faire de forgeage avanc\u00e9 et des performances pratiques.<br \/>\nLa lame utilise la technologie de forgeage haut de gamme San Mai, int\u00e9grant parfaitement trois aciers diff\u00e9rents pour obtenir un excellent tranchant, une grande robustesse et une bonne r\u00e9sistance \u00e0 la corrosion.<br \/>\nLe couteau est dot\u00e9 d'une lame pleine, ce qui garantit sa stabilit\u00e9 et sa fiabilit\u00e9 en cas d'utilisation intensive.<br \/>\nLa poign\u00e9e ergonomique antid\u00e9rapante offre une prise en main confortable et permet de garder le contr\u00f4le m\u00eame dans des environnements humides ou difficiles.<br \/>\nIl est livr\u00e9 avec un \u00e9tui en Kydex durable et l\u00e9ger pour un transport facile et un tirage rapide, adapt\u00e9 aux applications de plein air, de survie et tactiques.<br \/>\nChaque AC024 est forg\u00e9 selon des normes \u00e9lev\u00e9es, avec un savoir-faire complexe et un co\u00fbt de production \u00e9lev\u00e9, offrant \u00e0 la fois des performances pratiques et une valeur de collection.<\/p>","protected":false},"excerpt":{"rendered":"<p>Artisanat San Mai de premi\u00e8re qualit\u00e9 : Forg\u00e9 avec la technique avanc\u00e9e San Mai combinant trois aciers diff\u00e9rents pour le tranchant, la robustesse et une excellente r\u00e9sistance \u00e0 la corrosion.<br \/>\nConstruction Full-Tang : La lame traverse l'ensemble du manche, ce qui garantit sa solidit\u00e9 et sa fiabilit\u00e9 en cas d'utilisation intensive.<br \/>\nPoign\u00e9e ergonomique antid\u00e9rapante : Fabriqu\u00e9e dans un mat\u00e9riau r\u00e9sistant \u00e0 l'usure pour une prise en main confortable et s\u00fbre, elle permet de conserver un contr\u00f4le pr\u00e9cis m\u00eame dans des conditions humides.<br \/>\n\u00c9tui en Kydex : L\u00e9ger et durable, il permet de d\u00e9gainer rapidement et de porter l'arme en toute s\u00e9curit\u00e9. Il convient aux activit\u00e9s de plein air, \u00e0 la survie et \u00e0 l'utilisation tactique.<br \/>\nUne qualit\u00e9 digne d'un collectionneur : L'acier San Mai est le fruit d'un travail artisanal tr\u00e8s complexe et co\u00fbteux, ce qui lui conf\u00e8re une qualit\u00e9 exceptionnelle et une valeur de collection.<\/p>","protected":false},"featured_media":357,"comment_status":"open","ping_status":"closed","template":"","meta":{"_acf_changed":false,"inline_featured_image":false,"slim_seo":{"description":"AC024 Le couteau de survie tactique San Mai combine tranchant, robustesse et excellente r\u00e9sistance \u00e0 la corrosion. Fabriqu\u00e9 avec le savoir-faire de San Mai et une qualit\u00e9 de collection.","title":"AC024 San mai Tactical Survival Knife - ACECOLL"}},"product_brand":[],"product_cat":[16,18,19],"product_tag":[],"class_list":{"0":"post-236","1":"product","2":"type-product","3":"status-publish","4":"has-post-thumbnail","6":"product_cat-fixed-blade-knife","7":"product_cat-survival-knives","8":"product_cat-tactical-knives","10":"first","11":"instock","12":"taxable","13":"shipping-taxable","14":"purchasable","15":"product-type-simple"},"acf":[],"_links":{"self":[{"href":"https:\/\/acecoll.com\/fr\/wp-json\/wp\/v2\/product\/236","targetHints":{"allow":["GET"]}}],"collection":[{"href":"https:\/\/acecoll.com\/fr\/wp-json\/wp\/v2\/product"}],"about":[{"href":"https:\/\/acecoll.com\/fr\/wp-json\/wp\/v2\/types\/product"}],"replies":[{"embeddable":true,"href":"https:\/\/acecoll.com\/fr\/wp-json\/wp\/v2\/comments?post=236"}],"version-history":[{"count":5,"href":"https:\/\/acecoll.com\/fr\/wp-json\/wp\/v2\/product\/236\/revisions"}],"predecessor-version":[{"id":1975,"href":"https:\/\/acecoll.com\/fr\/wp-json\/wp\/v2\/product\/236\/revisions\/1975"}],"wp:featuredmedia":[{"embeddable":true,"href":"https:\/\/acecoll.com\/fr\/wp-json\/wp\/v2\/media\/357"}],"wp:attachment":[{"href":"https:\/\/acecoll.com\/fr\/wp-json\/wp\/v2\/media?parent=236"}],"wp:term":[{"taxonomy":"product_brand","embeddable":true,"href":"https:\/\/acecoll.com\/fr\/wp-json\/wp\/v2\/product_brand?post=236"},{"taxonomy":"product_cat","embeddable":true,"href":"https:\/\/acecoll.com\/fr\/wp-json\/wp\/v2\/product_cat?post=236"},{"taxonomy":"product_tag","embeddable":true,"href":"https:\/\/acecoll.com\/fr\/wp-json\/wp\/v2\/product_tag?post=236"}],"curies":[{"name":"wp","href":"https:\/\/api.w.org\/{rel}","templated":true}]}}