{"id":239,"date":"2025-10-28T07:38:42","date_gmt":"2025-10-28T07:38:42","guid":{"rendered":"https:\/\/acecoll.com\/?post_type=product&#038;p=239"},"modified":"2026-02-11T07:22:37","modified_gmt":"2026-02-11T07:22:37","slug":"af017-dague-tactique-avec-lame-fuller-en-acier-aus-10-pour-lexterieur","status":"publish","type":"product","link":"https:\/\/acecoll.com\/fr\/produit\/af017-dague-tactique-avec-lame-fuller-en-acier-aus-10-pour-lexterieur\/","title":{"rendered":"AC017 Dague de survie tactique moyenne"},"content":{"rendered":"<p>La dague de survie tactique AC017 Medium est une dague finement fabriqu\u00e9e, avec un manche plein, qui allie performance tactique et savoir-faire artisanal.<\/p>\n<p>La lame est forg\u00e9e \u00e0 la main dans un acier inoxydable AUS-10 de haute performance, offrant un tranchant exceptionnel, une grande robustesse et une r\u00e9sistance remarquable \u00e0 la corrosion et \u00e0 l'usure.<\/p>\n<p>La conception de la rainure centrale de l'\u00e2me permet non seulement de r\u00e9duire le poids total, mais aussi d'am\u00e9liorer la rigidit\u00e9 structurelle et d'ajouter une profondeur visuelle \u00e0 la lame.<\/p>\n<p>Dot\u00e9 d'une construction \u00e0 angle droit sur toute la longueur du manche, il garantit une r\u00e9sistance et une fiabilit\u00e9 sup\u00e9rieures, m\u00eame en cas d'utilisation intensive.<\/p>\n<p>Le manche en bois dur offre une prise en main confortable et antid\u00e9rapante, alliant savoir-faire et s\u00e9curit\u00e9. L'\u00e9tui en cuir de style ancien s'ajuste parfaitement pour un rangement s\u00fbr et un transport facile.<\/p>\n<p>Que ce soit pour le camping, la chasse, la survie en plein air, l'exploration de la nature sauvage ou l'exposition d'une collection, l'AC017 est une dague tactique de premi\u00e8re qualit\u00e9 qui incarne \u00e0 la fois la force et l'artisanat.<\/p>","protected":false},"excerpt":{"rendered":"<p>Poignard sym\u00e9trique \u00e0 double tranchant : Style tactique classique pour l'attaque et la d\u00e9fense, alliant praticit\u00e9 et valeur de collection.<br \/>\nStructure \u00e0 rainures plus larges : R\u00e9duit le poids total de la lame tout en am\u00e9liorant la rigidit\u00e9 et en offrant un aspect tactique saisissant.<br \/>\nAcier AUS-10 haute performance : Offre une r\u00e9sistance et un tranchant exceptionnels.<br \/>\nConstruction Full-tang : La lame traverse l'ensemble du manche, ce qui garantit une solidit\u00e9 et une fiabilit\u00e9 exceptionnelles.<br \/>\nManche en bois dur : Poign\u00e9e confortable, stable et antid\u00e9rapante qui allie savoir-faire et facilit\u00e9 d'utilisation.<br \/>\n\u00c9tui en cuir : Offre une bonne tenue pour un rangement s\u00fbr tout en pr\u00e9sentant un aspect raffin\u00e9 et haut de gamme.<br \/>\n\u00c9dition artisanale limit\u00e9e : Chaque pi\u00e8ce est forg\u00e9e et polie \u00e0 la main par des artisans qualifi\u00e9s, ce qui souligne sa valeur unique de collection.<\/p>","protected":false},"featured_media":372,"comment_status":"open","ping_status":"closed","template":"","meta":{"_acf_changed":false,"inline_featured_image":false,"slim_seo":{"description":"L'AC017 est dot\u00e9 d'un design \u00e0 rainures et d'une construction \u00e0 plein bras, ce qui lui conf\u00e8re \u00e0 la fois tranchant et stabilit\u00e9. Un couteau tactique haut de gamme qui allie robustesse et savoir-faire - actuellement en vente, cliquez pour en savoir plus !","title":"AC017 Medium Tactical Survival Dagger - ACECOLL"}},"product_brand":[],"product_cat":[17,20],"product_tag":[],"class_list":{"0":"post-239","1":"product","2":"type-product","3":"status-publish","4":"has-post-thumbnail","6":"product_cat-full-tang-knives","7":"product_cat-tactical-dagger","9":"first","10":"instock","11":"taxable","12":"shipping-taxable","13":"purchasable","14":"product-type-simple"},"acf":[],"_links":{"self":[{"href":"https:\/\/acecoll.com\/fr\/wp-json\/wp\/v2\/product\/239","targetHints":{"allow":["GET"]}}],"collection":[{"href":"https:\/\/acecoll.com\/fr\/wp-json\/wp\/v2\/product"}],"about":[{"href":"https:\/\/acecoll.com\/fr\/wp-json\/wp\/v2\/types\/product"}],"replies":[{"embeddable":true,"href":"https:\/\/acecoll.com\/fr\/wp-json\/wp\/v2\/comments?post=239"}],"version-history":[{"count":4,"href":"https:\/\/acecoll.com\/fr\/wp-json\/wp\/v2\/product\/239\/revisions"}],"predecessor-version":[{"id":1250,"href":"https:\/\/acecoll.com\/fr\/wp-json\/wp\/v2\/product\/239\/revisions\/1250"}],"wp:featuredmedia":[{"embeddable":true,"href":"https:\/\/acecoll.com\/fr\/wp-json\/wp\/v2\/media\/372"}],"wp:attachment":[{"href":"https:\/\/acecoll.com\/fr\/wp-json\/wp\/v2\/media?parent=239"}],"wp:term":[{"taxonomy":"product_brand","embeddable":true,"href":"https:\/\/acecoll.com\/fr\/wp-json\/wp\/v2\/product_brand?post=239"},{"taxonomy":"product_cat","embeddable":true,"href":"https:\/\/acecoll.com\/fr\/wp-json\/wp\/v2\/product_cat?post=239"},{"taxonomy":"product_tag","embeddable":true,"href":"https:\/\/acecoll.com\/fr\/wp-json\/wp\/v2\/product_tag?post=239"}],"curies":[{"name":"wp","href":"https:\/\/api.w.org\/{rel}","templated":true}]}}