{"id":243,"date":"2025-10-28T07:38:42","date_gmt":"2025-10-28T07:38:42","guid":{"rendered":"https:\/\/acecoll.com\/?post_type=product&#038;p=243"},"modified":"2025-11-27T01:51:02","modified_gmt":"2025-11-27T01:51:02","slug":"af001-medium-clip-point-tactical-survival-knife","status":"publish","type":"product","link":"https:\/\/acecoll.com\/fr\/produit\/af001-medium-clip-point-tactical-survival-knife\/","title":{"rendered":"AC001 Medium Clip Point Tactical &amp; Survival Knife (couteau tactique et de survie)"},"content":{"rendered":"<p>AC001 Medium Clip Point Tactical &amp; Survival Knife combines practical performance with a clean, minimalist design.<\/p>\n<p>La lame est forg\u00e9e \u00e0 partir d'un acier \u00e0 outils D2 haute performance, offrant un tranchant, une r\u00e9sistance \u00e0 l'usure, une excellente protection contre la corrosion et une conservation durable du tranchant. La construction Full-Tang s'\u00e9tend jusqu'au manche, assurant une fiabilit\u00e9 solide lors d'une utilisation intensive en ext\u00e9rieur.<\/p>\n<p>La poign\u00e9e renforc\u00e9e en nylon est con\u00e7ue de mani\u00e8re ergonomique pour une prise en main s\u00fbre, antid\u00e9rapante et confortable. Il est livr\u00e9 avec un \u00e9tui en Kydex durable pour un transport facile et un acc\u00e8s rapide, id\u00e9al pour le camping, la randonn\u00e9e, la survie, la chasse et le transport quotidien.<\/p>\n<p>Disponible en noir et en marron.<\/p>","protected":false},"excerpt":{"rendered":"<ul>\n<li><b><span data-font-family=\"\u5b8b\u4f53\">Lame en acier D2 haute performance :<\/span><\/b><span data-font-family=\"\u5b8b\u4f53\"> Fabriqu\u00e9 en acier \u00e0 outils D2 de premi\u00e8re qualit\u00e9 pour un tranchant sup\u00e9rieur, une r\u00e9sistance \u00e0 l'usure et une protection contre la corrosion.<\/span><\/li>\n<li><b><span data-font-family=\"\u5b8b\u4f53\">Am\u00e9nagement ext\u00e9rieur professionnel :<\/span><\/b><span data-font-family=\"\u5b8b\u4f53\"> Cr\u00e9\u00e9 par un passionn\u00e9 d'activit\u00e9s de plein air exp\u00e9riment\u00e9. La courbure pr\u00e9cise de la lame offre une efficacit\u00e9 de coupe et un contr\u00f4le excellents. Le processus de trempe cryog\u00e9nique affine la structure de l'acier, am\u00e9liorant la r\u00e9sistance et la t\u00e9nacit\u00e9.<\/span><\/li>\n<li><b><span data-font-family=\"\u5b8b\u4f53\">Poign\u00e9e ergonomique :<\/span><\/b><span data-font-family=\"\u5b8b\u4f53\"> La poign\u00e9e renforc\u00e9e en nylon offre une prise s\u00fbre et antid\u00e9rapante. De profondes rainures pour les doigts assurent stabilit\u00e9 et pr\u00e9cision, m\u00eame avec les mains mouill\u00e9es.<\/span><\/li>\n<li><b><span data-font-family=\"\u5b8b\u4f53\">L\u00e9ger et polyvalent :<\/span><\/b><span data-font-family=\"\u5b8b\u4f53\"> Ne p\u00e8se que 230 g. Compact et agile, il est id\u00e9al pour le camping, la randonn\u00e9e, la survie, la chasse ou le transport quotidien.<\/span><\/li>\n<li><b><span data-font-family=\"\u5b8b\u4f53\">Options de couleur :<\/span><\/b><span data-font-family=\"\u5b8b\u4f53\"> Disponible en noir ou en brun.<\/span><\/li>\n<\/ul>","protected":false},"featured_media":387,"comment_status":"open","ping_status":"closed","template":"","meta":{"_acf_changed":false,"inline_featured_image":false,"slim_seo":{"title":"Couteau Tactique et de Survie \u00e0 Pince Moyenne - ACECOLL","description":"AC001 Medium Clip Point Tactical &amp; Survival Knife, con\u00e7u par des passionn\u00e9s d'activit\u00e9s de plein air, id\u00e9al pour le camping, la randonn\u00e9e, la survie, la chasse et l'EDC, cliquez pour en savoir plus !"}},"product_brand":[],"product_cat":[16,17,18,19],"product_tag":[],"class_list":{"0":"post-243","1":"product","2":"type-product","3":"status-publish","4":"has-post-thumbnail","6":"product_cat-fixed-blade-knife","7":"product_cat-full-tang-knives","8":"product_cat-survival-knives","9":"product_cat-tactical-knives","11":"first","12":"instock","13":"taxable","14":"shipping-taxable","15":"purchasable","16":"product-type-variable"},"acf":[],"_links":{"self":[{"href":"https:\/\/acecoll.com\/fr\/wp-json\/wp\/v2\/product\/243","targetHints":{"allow":["GET"]}}],"collection":[{"href":"https:\/\/acecoll.com\/fr\/wp-json\/wp\/v2\/product"}],"about":[{"href":"https:\/\/acecoll.com\/fr\/wp-json\/wp\/v2\/types\/product"}],"replies":[{"embeddable":true,"href":"https:\/\/acecoll.com\/fr\/wp-json\/wp\/v2\/comments?post=243"}],"version-history":[{"count":10,"href":"https:\/\/acecoll.com\/fr\/wp-json\/wp\/v2\/product\/243\/revisions"}],"predecessor-version":[{"id":1680,"href":"https:\/\/acecoll.com\/fr\/wp-json\/wp\/v2\/product\/243\/revisions\/1680"}],"wp:featuredmedia":[{"embeddable":true,"href":"https:\/\/acecoll.com\/fr\/wp-json\/wp\/v2\/media\/387"}],"wp:attachment":[{"href":"https:\/\/acecoll.com\/fr\/wp-json\/wp\/v2\/media?parent=243"}],"wp:term":[{"taxonomy":"product_brand","embeddable":true,"href":"https:\/\/acecoll.com\/fr\/wp-json\/wp\/v2\/product_brand?post=243"},{"taxonomy":"product_cat","embeddable":true,"href":"https:\/\/acecoll.com\/fr\/wp-json\/wp\/v2\/product_cat?post=243"},{"taxonomy":"product_tag","embeddable":true,"href":"https:\/\/acecoll.com\/fr\/wp-json\/wp\/v2\/product_tag?post=243"}],"curies":[{"name":"wp","href":"https:\/\/api.w.org\/{rel}","templated":true}]}}