{"id":244,"date":"2025-10-28T07:38:42","date_gmt":"2025-10-28T07:38:42","guid":{"rendered":"https:\/\/acecoll.com\/?post_type=product&#038;p=244"},"modified":"2025-11-14T02:19:55","modified_gmt":"2025-11-14T02:19:55","slug":"af002-medium-spear-point-tactical-survival-dagger","status":"publish","type":"product","link":"https:\/\/acecoll.com\/fr\/produit\/af002-medium-spear-point-tactical-survival-dagger\/","title":{"rendered":"Dague tactique et de survie AC002 Medium Spear Point"},"content":{"rendered":"<p>Le poignard tactique et de survie AC002 Medium Spear Point est con\u00e7u pour les utilisateurs en ext\u00e9rieur qui recherchent la haute performance et la fiabilit\u00e9.<\/p>\n<p>The blade is made of premium M390 steel, sharp and durable, with excellent wear and corrosion resistance. The full tang structure further ensures a solid and stable build.<\/p>\n<p>Manche en bois pour une prise en main confortable, associ\u00e9 \u00e0 un \u00e9tui en cuir v\u00e9ritable. Il est \u00e9galement dot\u00e9 d'un bouton pression en laiton massif et d'un trou de lani\u00e8re, permettant un acc\u00e8s rapide et facile \u00e0 partir d'une ceinture ou d'une botte.<\/p>\n<p>Longueur totale 10,2 pouces, longueur de la lame 5,5 pouces, une taille bien \u00e9quilibr\u00e9e qui convient parfaitement au transport en ext\u00e9rieur ou \u00e0 l'utilisation en cas d'urgence.<\/p>\n<p>Que ce soit pour le camping, la randonn\u00e9e, l'EDC ou la survie en ext\u00e9rieur, l'AC002 est un outil polyvalent fiable sur lequel vous pouvez compter.<\/p>","protected":false},"excerpt":{"rendered":"<p>Acier de premi\u00e8re qualit\u00e9 : La lame est fabriqu\u00e9e en acier M390 haut de gamme, tranchant et durable, avec une excellente r\u00e9sistance \u00e0 l'usure et \u00e0 la corrosion. La construction pleine soie am\u00e9liore encore la stabilit\u00e9 du couteau.<br \/>\nPoign\u00e9e confortable : Con\u00e7u avec une poign\u00e9e en bois massif, antid\u00e9rapante et durable, confortable \u00e0 tenir, assurant un contr\u00f4le stable dans divers environnements ext\u00e9rieurs.<br \/>\nRangement s\u00fbr : Livr\u00e9 avec un \u00e9tui en cuir pour prot\u00e9ger fermement la lame et \u00e9viter qu'elle ne glisse. Dot\u00e9 d'un trou d'attache, il peut \u00eatre attach\u00e9 \u00e0 une ceinture ou \u00e0 une botte pour un transport plus s\u00fbr.<br \/>\nUtilisation polyvalente : Convient pour le camping, la randonn\u00e9e, l'EDC, la survie et un large \u00e9ventail de sc\u00e9narios de plein air.<\/p>","protected":false},"featured_media":393,"comment_status":"open","ping_status":"closed","template":"","meta":{"_acf_changed":false,"inline_featured_image":false,"slim_seo":{"title":"Dague tactique et de survie AC002 Medium Spear Point - ACECOLL","description":"AC002 Medium Tactical &amp; Survival Dagger : acier M390 de premi\u00e8re qualit\u00e9 + pleine soie. Id\u00e9al pour le camping, la randonn\u00e9e, l'EDC et la survie en ext\u00e9rieur. Maintenant disponible - cliquez pour en savoir plus !"}},"product_brand":[],"product_cat":[16,20],"product_tag":[],"class_list":{"0":"post-244","1":"product","2":"type-product","3":"status-publish","4":"has-post-thumbnail","6":"product_cat-fixed-blade-knife","7":"product_cat-tactical-dagger","9":"first","10":"instock","11":"taxable","12":"shipping-taxable","13":"purchasable","14":"product-type-simple"},"acf":[],"_links":{"self":[{"href":"https:\/\/acecoll.com\/fr\/wp-json\/wp\/v2\/product\/244","targetHints":{"allow":["GET"]}}],"collection":[{"href":"https:\/\/acecoll.com\/fr\/wp-json\/wp\/v2\/product"}],"about":[{"href":"https:\/\/acecoll.com\/fr\/wp-json\/wp\/v2\/types\/product"}],"replies":[{"embeddable":true,"href":"https:\/\/acecoll.com\/fr\/wp-json\/wp\/v2\/comments?post=244"}],"version-history":[{"count":5,"href":"https:\/\/acecoll.com\/fr\/wp-json\/wp\/v2\/product\/244\/revisions"}],"predecessor-version":[{"id":1317,"href":"https:\/\/acecoll.com\/fr\/wp-json\/wp\/v2\/product\/244\/revisions\/1317"}],"wp:featuredmedia":[{"embeddable":true,"href":"https:\/\/acecoll.com\/fr\/wp-json\/wp\/v2\/media\/393"}],"wp:attachment":[{"href":"https:\/\/acecoll.com\/fr\/wp-json\/wp\/v2\/media?parent=244"}],"wp:term":[{"taxonomy":"product_brand","embeddable":true,"href":"https:\/\/acecoll.com\/fr\/wp-json\/wp\/v2\/product_brand?post=244"},{"taxonomy":"product_cat","embeddable":true,"href":"https:\/\/acecoll.com\/fr\/wp-json\/wp\/v2\/product_cat?post=244"},{"taxonomy":"product_tag","embeddable":true,"href":"https:\/\/acecoll.com\/fr\/wp-json\/wp\/v2\/product_tag?post=244"}],"curies":[{"name":"wp","href":"https:\/\/api.w.org\/{rel}","templated":true}]}}