{"id":245,"date":"2025-10-28T07:38:42","date_gmt":"2025-10-28T07:38:42","guid":{"rendered":"https:\/\/acecoll.com\/?post_type=product&#038;p=245"},"modified":"2025-11-12T14:52:42","modified_gmt":"2025-11-12T14:52:42","slug":"af003-tanto-jungle-tactical-survival-knife-medium","status":"publish","type":"product","link":"https:\/\/acecoll.com\/fr\/produit\/af003-tanto-jungle-tactical-survival-knife-medium\/","title":{"rendered":"AC003 Tanto Jungle Couteau Tactique et de Survie (Moyen)"},"content":{"rendered":"<p>AC003 Medium Tanto Jungle Tactical &amp; Survival Knife, designed for outdoor adventure and heavy-duty tasks.<\/p>\n<p>La lame est forg\u00e9e \u00e0 la main dans un acier SKD-11 d'une duret\u00e9 de 61 HRC. Gr\u00e2ce \u00e0 son tranchant en V, ce couteau tactique convient \u00e0 un large \u00e9ventail de t\u00e2ches de coupe en ext\u00e9rieur.<\/p>\n<p>Full tang construction combined with a black G10 non-slip handle ensures greater stability and reliability.<\/p>\n<p>\u00c9quip\u00e9 d'un \u00e9tui en Kydex, pratique \u00e0 porter \u00e0 la ceinture ou dans un sac \u00e0 dos, il est plus souple et plus pratique \u00e0 utiliser.<\/p>\n<p>For Camping, Hiking &amp; Bushcraft, the AC003 Tactical Survival Knife will be your trusted companion.<\/p>","protected":false},"excerpt":{"rendered":"<ul>\n<li><strong>Acier de premi\u00e8re qualit\u00e9 :<\/strong> Le couteau AC003 Jungle Tactical &amp; Survival est forg\u00e9 \u00e0 la main en acier SKD-11, d'une duret\u00e9 allant jusqu'\u00e0 61 HRC, ce qui garantit sa durabilit\u00e9.<\/li>\n<li><strong>Construction Full-Tang :<\/strong> Lame monobloc avec poign\u00e9e antid\u00e9rapante en G10 pour une prise en main plus stable et plus fiable.<\/li>\n<li><strong>Bord en forme de V :<\/strong> Tranchant et puissant, il convient \u00e0 la coupe, au hachage et \u00e0 divers travaux d'ext\u00e9rieur.<\/li>\n<li><strong>Fourreau en Kydex :<\/strong> Livr\u00e9 avec un \u00e9tui en Kydex tr\u00e8s r\u00e9sistant et l\u00e9ger qui permet un r\u00e9glage multi-angle, pratique pour un port \u00e0 la ceinture ou en sac \u00e0 dos.<\/li>\n<li><strong>Utilisation polyvalente \u00e0 l'ext\u00e9rieur :<\/strong> Id\u00e9al pour le camping, la randonn\u00e9e et la survie dans la jungle. Peut \u00e9galement \u00eatre utilis\u00e9 pour pr\u00e9parer la nourriture, couper du bois, couper de la corde et briser du verre en cas d'urgence.<\/li>\n<\/ul>","protected":false},"featured_media":399,"comment_status":"open","ping_status":"closed","template":"","meta":{"_acf_changed":false,"inline_featured_image":false,"slim_seo":{"title":"Jungle Tanto Couteau Tactique et de Survie (Moyen) - ACECOLL","description":"AC003 Tanto Jungle Tactical &amp; Survival Knife (Medium) : Acier SKD-11 forg\u00e9 \u00e0 la main + manche antid\u00e9rapant, \u00e9tui en Kydex, pour le camping, la randonn\u00e9e, l'artisanat. Maintenant disponible - cliquez pour en savoir plus !"}},"product_brand":[],"product_cat":[16,19,21],"product_tag":[],"class_list":{"0":"post-245","1":"product","2":"type-product","3":"status-publish","4":"has-post-thumbnail","6":"product_cat-fixed-blade-knife","7":"product_cat-tactical-knives","8":"product_cat-tanto-knives","10":"first","11":"instock","12":"taxable","13":"shipping-taxable","14":"purchasable","15":"product-type-simple"},"acf":[],"_links":{"self":[{"href":"https:\/\/acecoll.com\/fr\/wp-json\/wp\/v2\/product\/245","targetHints":{"allow":["GET"]}}],"collection":[{"href":"https:\/\/acecoll.com\/fr\/wp-json\/wp\/v2\/product"}],"about":[{"href":"https:\/\/acecoll.com\/fr\/wp-json\/wp\/v2\/types\/product"}],"replies":[{"embeddable":true,"href":"https:\/\/acecoll.com\/fr\/wp-json\/wp\/v2\/comments?post=245"}],"version-history":[{"count":5,"href":"https:\/\/acecoll.com\/fr\/wp-json\/wp\/v2\/product\/245\/revisions"}],"predecessor-version":[{"id":1214,"href":"https:\/\/acecoll.com\/fr\/wp-json\/wp\/v2\/product\/245\/revisions\/1214"}],"wp:featuredmedia":[{"embeddable":true,"href":"https:\/\/acecoll.com\/fr\/wp-json\/wp\/v2\/media\/399"}],"wp:attachment":[{"href":"https:\/\/acecoll.com\/fr\/wp-json\/wp\/v2\/media?parent=245"}],"wp:term":[{"taxonomy":"product_brand","embeddable":true,"href":"https:\/\/acecoll.com\/fr\/wp-json\/wp\/v2\/product_brand?post=245"},{"taxonomy":"product_cat","embeddable":true,"href":"https:\/\/acecoll.com\/fr\/wp-json\/wp\/v2\/product_cat?post=245"},{"taxonomy":"product_tag","embeddable":true,"href":"https:\/\/acecoll.com\/fr\/wp-json\/wp\/v2\/product_tag?post=245"}],"curies":[{"name":"wp","href":"https:\/\/api.w.org\/{rel}","templated":true}]}}