{"id":1807,"date":"2025-12-18T06:19:25","date_gmt":"2025-12-18T06:19:25","guid":{"rendered":"https:\/\/acecoll.com\/?page_id=1807"},"modified":"2026-03-13T02:15:44","modified_gmt":"2026-03-13T02:15:44","slug":"termini-di-servizio","status":"publish","type":"page","link":"https:\/\/acecoll.com\/it\/termini-di-servizio\/","title":{"rendered":"Termini di servizio"},"content":{"rendered":"<h2 class=\"wp-block-heading\">Termini di servizio<\/h2>\n\n<p>Questo sito web \u00e8 gestito da <a href=\"https:\/\/acecoll.com\/it\/\">ACECOLL<\/a>. In questo contesto, \u201cnoi\u201d e \u201cnostro\u201d si riferiscono ad ACECOLL. Forniamo a lei (l'utente) questo sito web, incluse tutte le informazioni, gli strumenti e i servizi, a condizione che accetti tutti i termini, le condizioni, le politiche e le dichiarazioni qui esposte.<\/p>\n<p><span data-font-family=\"\u5fae\u8f6f\u96c5\u9ed1\">Accedendo al nostro sito web e\/o acquistando qualsiasi prodotto da noi, lei accetta di utilizzare i nostri \u201cServizi\u201d e di essere vincolato da questi Termini di servizio (\u201cTermini\u201d), compresi eventuali termini, condizioni o politiche aggiuntive citate nel presente documento o collegate da questo sito web.<\/span><\/p>\n<p><span data-font-family=\"\u5fae\u8f6f\u96c5\u9ed1\">I presenti Termini di servizio si applicano a tutti gli utenti del sito web, compresi, ma non solo, i visitatori, i fornitori, i clienti, i commercianti e\/o i collaboratori di contenuti.<\/span><\/p>\n<p><span data-font-family=\"\u5fae\u8f6f\u96c5\u9ed1\">La preghiamo di leggere attentamente i presenti Termini prima di accedere o utilizzare questo sito web. L'accesso o l'utilizzo di qualsiasi parte di questo sito web costituisce il suo consenso ad essere vincolato da questi Termini. Se non accetta tutti i termini e le condizioni del presente accordo, non pu\u00f2 accedere a questo sito web o utilizzare alcun servizio. Se questi Termini di servizio sono considerati un'offerta, l'accettazione \u00e8 limitata a questi Termini di servizio.<\/span><\/p>\n<p><span data-font-family=\"\u5fae\u8f6f\u96c5\u9ed1\">Qualsiasi nuova funzionalit\u00e0 o strumento aggiunto al negozio attuale \u00e8 soggetto a questi Termini di servizio. Pu\u00f2 consultare l'ultima versione dei Termini di servizio su questa pagina in qualsiasi momento. Ci riserviamo il diritto di aggiornare, modificare o sostituire qualsiasi parte di questi Termini di servizio pubblicando aggiornamenti e\/o modifiche sul sito web. \u00c8 sua responsabilit\u00e0 controllare periodicamente questa pagina per verificare le modifiche. L'uso continuato o l'accesso a questo sito web dopo la pubblicazione di eventuali modifiche costituisce l'accettazione di tali modifiche.<\/span><\/p>\n<p><span data-font-family=\"\u5fae\u8f6f\u96c5\u9ed1\">Il nostro negozio online \u00e8 ospitato sulla piattaforma Woocommerce. Ci fornisce una piattaforma di e-commerce online che ci permette di vendere prodotti e servizi a lei.<\/span><\/p>\n\n<h2 class=\"wp-block-heading\">Termini del negozio online<\/h2>\n\n<p>Accettando i presenti Termini di servizio, lei dichiara di aver raggiunto la maggiore et\u00e0 nel suo Stato o provincia. Accetta inoltre di supervisionare eventuali minori a carico che possono utilizzare questo sito web.<\/p>\n<p>Non pu\u00f2 utilizzare i nostri prodotti o servizi per scopi illegali o non autorizzati. Deve rispettare tutte le leggi applicabili, comprese quelle sul copyright, e non pu\u00f2 distribuire worm, virus o qualsiasi altro codice distruttivo. La violazione di questi termini pu\u00f2 comportare la cessazione immediata del suo accesso o dei suoi servizi.<\/p>\n\n<h2 class=\"wp-block-heading\">Termini e condizioni generali<\/h2>\n\n<p>Ci riserviamo il diritto di rifiutare di fornire servizi a chiunque, in qualsiasi momento e per qualsiasi motivo.<\/p><p>Lei \u00e8 consapevole che i suoi contenuti (esclusi i dati della carta di credito) possono essere trasmessi in modo non criptato e possono: <br \/>(a) passa su diverse reti; e <br \/>(b) essere modificato per soddisfare i requisiti tecnici delle reti o dei dispositivi collegati. <br \/>Le informazioni della carta di credito, tuttavia, sono sempre criptate durante la trasmissione.<\/p><p>Lei accetta di non copiare, riprodurre, vendere, rivendere o utilizzare in altro modo qualsiasi parte del Servizio, o di effettuare qualsiasi contatto attraverso il sito web, senza il nostro esplicito permesso scritto.<\/p><p>I titoli del presente Contratto sono solo per comodit\u00e0 e non influiscono sull'interpretazione di questi termini.<\/p>\n\n<h2 class=\"wp-block-heading\">Accuratezza, completezza e tempestivit\u00e0 delle informazioni<\/h2>\n\n<p>Non siamo responsabili di eventuali imprecisioni, incompletezze o intempestivit\u00e0 delle informazioni fornite su questo sito web. Il contenuto di questo sito web \u00e8 solo di riferimento generale e non deve essere utilizzato come unica base decisionale. Prima di prendere qualsiasi decisione, deve consultare fonti di informazione pi\u00f9 autorevoli, accurate, complete o tempestive. Utilizza il contenuto di questo sito web a suo rischio e pericolo.<\/p><p>Questo sito web pu\u00f2 contenere informazioni storiche. Le informazioni storiche non riflettono necessariamente la situazione attuale e sono solo di riferimento. Ci riserviamo il diritto di modificare il contenuto di questo sito web in qualsiasi momento, ma non abbiamo alcun obbligo di aggiornare le informazioni presenti sul sito web. Lei accetta di essere l'unico responsabile del monitoraggio delle modifiche apportate a questo sito web.<\/p>\n\n<h2 class=\"wp-block-heading\">\u00a0Modifiche ai Termini di servizio<\/h2>\n\n<p><span dir=\"auto\">Pu\u00f2 consultare l'ultima versione dei Termini di servizio su questa pagina in qualsiasi momento.<\/span><\/p><p><span dir=\"auto\">Ci riserviamo il diritto di aggiornare, modificare o sostituire qualsiasi parte dei presenti Termini di servizio a nostra esclusiva discrezione, e tali aggiornamenti e modifiche saranno pubblicati sul nostro sito web. \u00c8 sua responsabilit\u00e0 controllare periodicamente il nostro sito web per verificare la presenza di eventuali modifiche. L'uso continuato o l'accesso al nostro sito web o ai nostri servizi dopo eventuali modifiche ai presenti Termini di servizio costituiscono l'accettazione di tali modifiche.<\/span><\/p>\n\n<h2 class=\"wp-block-heading\">Contatti<\/h2>\n\n<p>Per domande sui termini di servizio, invii un'e-mail a info@acecoll.com.<\/p>","protected":false},"excerpt":{"rendered":"<p>Terms of Service This website is operated by ACECOLL. In this context, \u201cwe\u201d and \u201cour\u201d refer to ACECOLL. We provide you (the user) with this website, including all information, tools, and services, subject to your acceptance of all terms, conditions, policies, and statements set forth herein. By accessing our website and\/or purchasing any goods from [&hellip;]<\/p>","protected":false},"author":4,"featured_media":0,"parent":0,"menu_order":0,"comment_status":"closed","ping_status":"closed","template":"","meta":{"_acf_changed":false,"inline_featured_image":false,"slim_seo":{"description":"I Termini di servizio delineano le regole, le condizioni e le politiche che disciplinano l'uso del sito web, dei prodotti e dei servizi ACECOLL.","title":"Terms of Service - ACECOLL"},"footnotes":""},"class_list":["post-1807","page","type-page","status-publish","hentry"],"acf":[],"_links":{"self":[{"href":"https:\/\/acecoll.com\/it\/wp-json\/wp\/v2\/pages\/1807","targetHints":{"allow":["GET"]}}],"collection":[{"href":"https:\/\/acecoll.com\/it\/wp-json\/wp\/v2\/pages"}],"about":[{"href":"https:\/\/acecoll.com\/it\/wp-json\/wp\/v2\/types\/page"}],"author":[{"embeddable":true,"href":"https:\/\/acecoll.com\/it\/wp-json\/wp\/v2\/users\/4"}],"replies":[{"embeddable":true,"href":"https:\/\/acecoll.com\/it\/wp-json\/wp\/v2\/comments?post=1807"}],"version-history":[{"count":17,"href":"https:\/\/acecoll.com\/it\/wp-json\/wp\/v2\/pages\/1807\/revisions"}],"predecessor-version":[{"id":1987,"href":"https:\/\/acecoll.com\/it\/wp-json\/wp\/v2\/pages\/1807\/revisions\/1987"}],"wp:attachment":[{"href":"https:\/\/acecoll.com\/it\/wp-json\/wp\/v2\/media?parent=1807"}],"curies":[{"name":"wp","href":"https:\/\/api.w.org\/{rel}","templated":true}]}}