{"id":613,"date":"2025-10-28T11:05:26","date_gmt":"2025-10-28T11:05:26","guid":{"rendered":"https:\/\/acecoll.com\/?page_id=613"},"modified":"2026-03-13T01:52:07","modified_gmt":"2026-03-13T01:52:07","slug":"politica-di-spedizione","status":"publish","type":"page","link":"https:\/\/acecoll.com\/it\/politica-di-spedizione\/","title":{"rendered":"Politica di spedizione"},"content":{"rendered":"<h1 class=\"wp-block-heading\">Politica di spedizione<\/h1>\n\n<h2 class=\"wp-block-heading\">Copertura della spedizione<\/h2>\n\n<p>Offriamo spedizioni in tutto il mondo con spedizione gratuita su tutti gli ordini.<\/p>\n\n<h2 class=\"wp-block-heading\">Tempo di elaborazione dell'ordine<\/h2>\n\n<p>Tempo di elaborazione dell'ordine: 1-3 giorni lavorativi<br \/>Consegna stimata: 10-20 giorni lavorativi<\/p>\n\n<h2 class=\"wp-block-heading\">Tracciamento dell'ordine<\/h2>\n\n<p>Per seguire il suo ordine, pu\u00f2 visitare il sito web di monitoraggio della logistica globale<br \/><a href=\"https:\/\/www.17track.net\/en\" target=\"_blank\" rel=\"noopener\">https:\/\/www.17track.net\/en<\/a><br \/>o il sito web dell'azienda di espresso<br \/><a href=\"https:\/\/www.ems.com.cn\/english\/\" target=\"_blank\" rel=\"noopener\">https:\/\/www.ems.com.cn\/english\/<\/a>, Controlli lo stato del suo ordine.<\/p>\n\n<h2 class=\"wp-block-heading\">Requisiti dell'indirizzo di spedizione<\/h2>\n\n<p>Per facilitare l'intero processo di spedizione e garantire che riceva il suo articolo in modo tempestivo, la preghiamo di fornirci il suo indirizzo completo, compresa la citt\u00e0, lo stato e la regione (se applicabile).<\/p>\n\n<h2 class=\"wp-block-heading\">Elaborazione dell'ordine<\/h2>\n\n<p>Vogliamo assicurarci che riceva il suo articolo il pi\u00f9 rapidamente possibile. Al momento dell'ordine, si assicuri di selezionare il modello e il colore corretto, poich\u00e9 non possiamo modificare l'ordine. Una volta inserito nel sistema, l'ordine non pu\u00f2 essere modificato o annullato.<\/p>\n\n<h2 class=\"wp-block-heading\">Informazioni di spedizione non corrette<\/h2>\n\n<!-- wp:Array \/-->\n\n<h2 class=\"wp-block-heading\">Conferma di spedizione<\/h2>\n\n<!-- wp:Array \/-->\n\n<h2 class=\"wp-block-heading\">Dettagli sulla tracciabilit\u00e0 dell'ordine<\/h2>\n\n<p>In qualit\u00e0 di destinatario, il suo ufficio doganale locale potrebbe richiedere documentazione aggiuntiva e tempo per sdoganare il suo pacco, il che potrebbe ritardare il tempo di consegna stimato.<\/p><p>Il suo ordine potrebbe esserle consegnato tramite l'ufficio postale locale o il corriere locale.<\/p><p>Se non \u00e8 in casa al momento della consegna, il servizio postale pu\u00f2 lasciare una cartolina di notifica con le istruzioni su come e dove ritirarla.<\/p><p>Se il suo pacco \u00e8 stato contrassegnato come \u201cConsegnato\u201d ma lei non l'ha ricevuto, i veicoli di consegna UPS utilizzano il GPS per aggiornare automaticamente il pacco come \u201cConsegnato\u201d in anticipo.<\/p><p>La preghiamo di attendere un altro giorno lavorativo, poich\u00e9 il pacco potrebbe essere erroneamente contrassegnato come consegnato e arrivare il giorno successivo.<\/p><p>La invitiamo a contattare l'ufficio postale UPS locale. L'ufficio postale locale sar\u00e0 in grado di fornire un servizio migliore e pi\u00f9 rapido. Chieda chi ha consegnato il pacco e chieda i dettagli della consegna di quel giorno.<\/p>\n\n<h2 class=\"wp-block-heading\">Accordo di esonero dal rischio, esonero di responsabilit\u00e0 e indennit\u00e0<\/h2>\n\n<p><a href=\"https:\/\/acecoll.com\/it\/\">ACECOLL<\/a> non garantisce che gli individui o le aziende possano vendere, acquistare, possedere o trasportare legalmente i coltelli.<\/p>\n<p>Tutti gli articoli previsti dalla legge federale, statale o locale. Questi articoli includono, ma non sono limitati a, coltelli da tasca, coltelli a serramanico, coltelli a serramanico, articoli con lame nascoste e lame a doppio taglio.<\/p>\n<p>Riteniamo che sia estremamente importante seguire le linee guida stabilite dalla legge statale. Acquistando un articolo da ACECOLL, l'acquirente garantisce di essere in regola con tutte le leggi federali, locali e statali e di poter acquistare legalmente l'articolo.<\/p>\n<p>I coltelli possono essere pericolosi se non vengono maneggiati correttamente. Tenga lontano dalla portata dei bambini. Consigliamo vivamente di non vendere gli articoli acquistati da ACECOLL ai minori senza il permesso dei genitori.<\/p>\n<p>Se ha qualche domanda, ci contatti per telefono o via e-mail, le risponderemo il prima possibile.<\/p>","protected":false},"excerpt":{"rendered":"<p>Shipping policy Shipping Coverage We offer worldwide shipping with free shipping on all orders. Order Processing Time Order processing time: 1-3 working daysEstimated Delivery: 10-20 business days Order Tracking To track your order, you can visit the global logistics tracking websitehttps:\/\/www.17track.net\/enor the express company\u2019s websitehttps:\/\/www.ems.com.cn\/english\/, check your order status. Shipping Address Requirements To facilitate the [&hellip;]<\/p>","protected":false},"author":4,"featured_media":0,"parent":0,"menu_order":0,"comment_status":"closed","ping_status":"closed","template":"","meta":{"_acf_changed":false,"inline_featured_image":false,"slim_seo":{"title":"Shipping policy - ACECOLL","description":"Politica di spedizione Copertura della spedizione Offriamo la spedizione in tutto il mondo con spedizione gratuita su tutti gli ordini. Tempo di elaborazione dell'ordine Tempo di elaborazione dell'ordine: 1-3 giorni lavorativi Es"},"footnotes":""},"class_list":["post-613","page","type-page","status-publish","hentry"],"acf":[],"_links":{"self":[{"href":"https:\/\/acecoll.com\/it\/wp-json\/wp\/v2\/pages\/613","targetHints":{"allow":["GET"]}}],"collection":[{"href":"https:\/\/acecoll.com\/it\/wp-json\/wp\/v2\/pages"}],"about":[{"href":"https:\/\/acecoll.com\/it\/wp-json\/wp\/v2\/types\/page"}],"author":[{"embeddable":true,"href":"https:\/\/acecoll.com\/it\/wp-json\/wp\/v2\/users\/4"}],"replies":[{"embeddable":true,"href":"https:\/\/acecoll.com\/it\/wp-json\/wp\/v2\/comments?post=613"}],"version-history":[{"count":11,"href":"https:\/\/acecoll.com\/it\/wp-json\/wp\/v2\/pages\/613\/revisions"}],"predecessor-version":[{"id":1985,"href":"https:\/\/acecoll.com\/it\/wp-json\/wp\/v2\/pages\/613\/revisions\/1985"}],"wp:attachment":[{"href":"https:\/\/acecoll.com\/it\/wp-json\/wp\/v2\/media?parent=613"}],"curies":[{"name":"wp","href":"https:\/\/api.w.org\/{rel}","templated":true}]}}