{"id":1456,"date":"2025-11-20T13:32:15","date_gmt":"2025-11-20T13:32:15","guid":{"rendered":"https:\/\/acecoll.com\/?post_type=product&#038;p=1456"},"modified":"2026-04-07T07:15:40","modified_gmt":"2026-04-07T07:15:40","slug":"ac032-machete-kukri-grande-per-impieghi-gravosi","status":"publish","type":"product","link":"https:\/\/acecoll.com\/it\/product\/ac032-machete-kukri-grande-per-impieghi-gravosi\/","title":{"rendered":"AC032 Machete Kukri grande per uso intensivo"},"content":{"rendered":"<p>AC032 \u00e8 un machete Kukri per impieghi gravosi, progettato per la triturazione e la raccolta all'aperto ad alta intensit\u00e0.<\/p>\n<p>L'intero coltello presenta un design Full Tang, che assicura la stabilit\u00e0 strutturale durante i compiti pi\u00f9 gravosi.<\/p>\n<p>La lama utilizza un acciaio inossidabile AUS-10 di alta qualit\u00e0. Dopo il trattamento termico, la durezza si stabilizza a 62 HRC, garantendo una tenuta superiore del filo e una resistenza alla corrosione.<\/p>\n<p>Il manico \u00e8 in legno di Weng\u00e9, che offre una presa solida e assorbe i colpi di taglio.<\/p>\n<p>Anche il fodero \u00e8 realizzato su misura in legno di Weng\u00e9, con funzione sia protettiva che espositiva.<\/p>\n<p>Lo spessore di 6 mm unito alla massa pesante del coltello, in combinazione con il vantaggio di peso del profilo Kukri, consente all'AC032 di generare un'estrema energia cinetica di taglio. In questo modo \u00e8 in grado di gestire efficacemente compiti come la pulizia dei sentieri e lo spacco della legna.<\/p>\n<p>Allo stesso tempo, i suoi materiali di prima qualit\u00e0 e l'artigianato, insieme all'aspetto e al design imponente, gli conferiscono il valore distinto di un pezzo da esposizione da collezione di alto livello.<\/p>","protected":false},"excerpt":{"rendered":"<p>Estetica pesante da collezione Le dimensioni massicce di 18 pollici (460 mm), abbinate al manico in legno di Weng\u00e9 e al fodero in legno personalizzato, creano un look imponente e di qualit\u00e0. Oltre a un robusto strumento di sopravvivenza, \u00e8 un pezzo da esposizione per gli appassionati di coltelli, ideale per le collezioni o come regalo.<\/p>\n<p>La qualit\u00e0 dell'acciaio premium \u00e8 caratterizzata da un acciaio inossidabile AUS-10 di alta gamma, trattato termicamente a 62 HRC. offre un'eccellente resistenza alla corrosione e un'eccezionale ritenzione del filo.<\/p>\n<p>Spessore di 6 mm e massima potenza di taglio Il dorso extra-spesso di 6 mm e il peso di 866 g (1,9 libbre), uniti al profilo del Kukri con peso in avanti, generano uno slancio enorme con uno sforzo minimo. Ideale per la pulizia della giungla, il taglio della legna e le attivit\u00e0 tattiche di irruzione.<\/p>\n<p>Robusta costruzione Full Tang Presenta un design Full Tang integrato per garantire l'integrit\u00e0 strutturale anche in caso di abuso estremo. Il manico in legno massiccio offre una presa sicura e assorbe efficacemente gli urti durante i tagli pesanti.<\/p>","protected":false},"featured_media":1461,"comment_status":"open","ping_status":"closed","template":"","meta":{"_acf_changed":false,"inline_featured_image":false,"slim_seo":{"description":"AC032 Machete Kukri grande e resistente: Estetica da collezione con fodero in legno. Soddisfa le esigenze tattiche di sopravvivenza e di esposizione. Ora disponibile, clicchi per i dettagli!","title":"AC032 Heavy Duty Large Kukri Machete - ACECOLL"}},"product_brand":[],"product_cat":[16,17,26],"product_tag":[],"class_list":{"0":"post-1456","1":"product","2":"type-product","3":"status-publish","4":"has-post-thumbnail","6":"product_cat-fixed-blade-knife","7":"product_cat-full-tang-knives","8":"product_cat-kukri-style-knives","10":"first","11":"instock","12":"taxable","13":"shipping-taxable","14":"purchasable","15":"product-type-simple"},"acf":[],"_links":{"self":[{"href":"https:\/\/acecoll.com\/it\/wp-json\/wp\/v2\/product\/1456","targetHints":{"allow":["GET"]}}],"collection":[{"href":"https:\/\/acecoll.com\/it\/wp-json\/wp\/v2\/product"}],"about":[{"href":"https:\/\/acecoll.com\/it\/wp-json\/wp\/v2\/types\/product"}],"replies":[{"embeddable":true,"href":"https:\/\/acecoll.com\/it\/wp-json\/wp\/v2\/comments?post=1456"}],"version-history":[{"count":4,"href":"https:\/\/acecoll.com\/it\/wp-json\/wp\/v2\/product\/1456\/revisions"}],"predecessor-version":[{"id":2032,"href":"https:\/\/acecoll.com\/it\/wp-json\/wp\/v2\/product\/1456\/revisions\/2032"}],"wp:featuredmedia":[{"embeddable":true,"href":"https:\/\/acecoll.com\/it\/wp-json\/wp\/v2\/media\/1461"}],"wp:attachment":[{"href":"https:\/\/acecoll.com\/it\/wp-json\/wp\/v2\/media?parent=1456"}],"wp:term":[{"taxonomy":"product_brand","embeddable":true,"href":"https:\/\/acecoll.com\/it\/wp-json\/wp\/v2\/product_brand?post=1456"},{"taxonomy":"product_cat","embeddable":true,"href":"https:\/\/acecoll.com\/it\/wp-json\/wp\/v2\/product_cat?post=1456"},{"taxonomy":"product_tag","embeddable":true,"href":"https:\/\/acecoll.com\/it\/wp-json\/wp\/v2\/product_tag?post=1456"}],"curies":[{"name":"wp","href":"https:\/\/api.w.org\/{rel}","templated":true}]}}