{"id":1473,"date":"2025-11-20T13:41:54","date_gmt":"2025-11-20T13:41:54","guid":{"rendered":"https:\/\/acecoll.com\/?post_type=product&#038;p=1473"},"modified":"2026-04-07T08:13:18","modified_gmt":"2026-04-07T08:13:18","slug":"ac034-machete-kukri-oversize-extra-lungo-da-collezione","status":"publish","type":"product","link":"https:\/\/acecoll.com\/it\/product\/ac034-machete-kukri-oversize-extra-lungo-da-collezione\/","title":{"rendered":"AC034 Machete Kukri da collezione sovradimensionato ed extra-lungo"},"content":{"rendered":"<p>L'AC034 \u00e8 un coltello Kukri da collezione sovradimensionato. Il suo design si concentra su un'esposizione di alto livello. Allo stesso tempo, questo coltello offre prestazioni eccezionali.<\/p>\n<p>Con un'imponente lunghezza complessiva di $600mm\\ (23,62 pollici\\)$, l'AC034 stabilisce il suo status di oggetto da collezione extra-large.La lama utilizza acciaio DC53 di alta qualit\u00e0. Lo spessore del dorso raggiunge $6mm$. Offre un'eccezionale tenacit\u00e0, resistenza all'usura e durezza.<\/p>\n<p>Il manico \u00e8 realizzato in raro legno di Pao Ferro con bellissime venature naturali. Offre una presa confortevole.<\/p>\n<p>Include un fodero in pelle personalizzato, spesso e di alta qualit\u00e0. La combinazione assicura una distinzione sia per l'esposizione che per la conservazione. Questo eleva in modo significativo il valore della collezione e il prestigio generale dell'AC034.<\/p>","protected":false},"excerpt":{"rendered":"<p>Specifiche sovradimensionate: Impressionante lunghezza complessiva di $600mm\\ (23,62 pollici)$, che stabilisce il suo status di oggetto da collezione extra-large. Progettato per gli appassionati di fascia alta, offre un forte impatto visivo e un significativo valore di investimento.<br \/>\nManico in legno pregiato: Manico realizzato in raro Pao Ferro (legno nero africano) con bellissime venature naturali. Offre una presa comoda e sicura; il materiale e la finitura riflettono una qualit\u00e0 e un lusso senza compromessi.<br \/>\nFodero in pelle personalizzato: Include un fodero in vera pelle, spesso e dal design personalizzato. Il fodero valorizza la presentazione del coltello e fornisce una soluzione distinta sia per l'esposizione che per la conservazione.<br \/>\nAcciaio DC53 ad alte prestazioni: La lama utilizza acciaio DC53 di alta qualit\u00e0. Questo materiale assicura un'eccezionale tenacit\u00e0, resistenza all'usura e durezza, garantendo capacit\u00e0 di taglio e di sminuzzamento superiori, oltre al suo valore collezionistico.<br \/>\nRegalo ideale e pezzo da esposizione: \u00c8 un pezzo iconico per i collezionisti di coltelli militari\/esterni o un regalo di alto livello per gli appassionati, che offre un valore ineguagliabile e una presenza straordinaria.<\/p>","protected":false},"featured_media":1479,"comment_status":"open","ping_status":"closed","template":"","meta":{"_acf_changed":false,"inline_featured_image":false,"slim_seo":{"title":"AC034 Oversized & Extra-Long Collectible Kukri Machete - ACECOLL","description":"Specifiche sovradimensionate: L'impressionante lunghezza complessiva di $600mm\\ (23,62 pollici)$ stabilisce il suo status di oggetto da collezione extra-large. Progettato per gli appassionati di fascia alta"}},"product_brand":[],"product_cat":[16,26],"product_tag":[],"class_list":{"0":"post-1473","1":"product","2":"type-product","3":"status-publish","4":"has-post-thumbnail","6":"product_cat-fixed-blade-knife","7":"product_cat-kukri-style-knives","9":"first","10":"instock","11":"taxable","12":"shipping-taxable","13":"purchasable","14":"product-type-simple"},"acf":[],"_links":{"self":[{"href":"https:\/\/acecoll.com\/it\/wp-json\/wp\/v2\/product\/1473","targetHints":{"allow":["GET"]}}],"collection":[{"href":"https:\/\/acecoll.com\/it\/wp-json\/wp\/v2\/product"}],"about":[{"href":"https:\/\/acecoll.com\/it\/wp-json\/wp\/v2\/types\/product"}],"replies":[{"embeddable":true,"href":"https:\/\/acecoll.com\/it\/wp-json\/wp\/v2\/comments?post=1473"}],"version-history":[{"count":3,"href":"https:\/\/acecoll.com\/it\/wp-json\/wp\/v2\/product\/1473\/revisions"}],"predecessor-version":[{"id":2035,"href":"https:\/\/acecoll.com\/it\/wp-json\/wp\/v2\/product\/1473\/revisions\/2035"}],"wp:featuredmedia":[{"embeddable":true,"href":"https:\/\/acecoll.com\/it\/wp-json\/wp\/v2\/media\/1479"}],"wp:attachment":[{"href":"https:\/\/acecoll.com\/it\/wp-json\/wp\/v2\/media?parent=1473"}],"wp:term":[{"taxonomy":"product_brand","embeddable":true,"href":"https:\/\/acecoll.com\/it\/wp-json\/wp\/v2\/product_brand?post=1473"},{"taxonomy":"product_cat","embeddable":true,"href":"https:\/\/acecoll.com\/it\/wp-json\/wp\/v2\/product_cat?post=1473"},{"taxonomy":"product_tag","embeddable":true,"href":"https:\/\/acecoll.com\/it\/wp-json\/wp\/v2\/product_tag?post=1473"}],"curies":[{"name":"wp","href":"https:\/\/api.w.org\/{rel}","templated":true}]}}