{"id":221,"date":"2025-10-28T07:38:40","date_gmt":"2025-10-28T07:38:40","guid":{"rendered":"https:\/\/acecoll.com\/?post_type=product&#038;p=221"},"modified":"2026-02-11T07:19:18","modified_gmt":"2026-02-11T07:19:18","slug":"coltello-da-caccia-af006-in-acciaio-m390-per-la-caccia-allaperto-e-la-sopravvivenza","status":"publish","type":"product","link":"https:\/\/acecoll.com\/it\/product\/coltello-da-caccia-af006-in-acciaio-m390-per-la-caccia-allaperto-e-la-sopravvivenza\/","title":{"rendered":"AC006 Coltello Bowie da caccia per la caccia all'aperto e la sopravvivenza"},"content":{"rendered":"<p>AC006 Classic Hunting Bowie Knife is a premium outdoor knife that combines practicality with collectible value.<\/p>\n<p>Realizzato in acciaio da polvere M390 di alta qualit\u00e0 e forgiato a mano per un'affilatura duratura. La costruzione full-tang assicura che la lama sia solida e affidabile, mantenendo un'eccellente stabilit\u00e0 anche in caso di uso intenso.<\/p>\n<p>L'impugnatura \u00e8 realizzata in palissandro naturale e viene fornita con un fodero in pelle di alta qualit\u00e0 per un facile trasporto alla cintura e per la portabilit\u00e0. Per la caccia, il campeggio, la sopravvivenza o l'esplorazione all'aperto, l'AC006 offre prestazioni di taglio e controllo eccezionali.<\/p>","protected":false},"excerpt":{"rendered":"<p>Lama premium in acciaio a polvere M390: Realizzata in acciaio a polvere inossidabile M390 per un'affilatura e una durata eccezionali.<br \/>\nRealizzato a mano con precisione: Ogni coltello \u00e8 forgiato e lucidato da abili artigiani, per mostrare un'eccezionale abilit\u00e0 artigianale e un valore da collezione.<br \/>\nCostruzione Full-Tang: La lama e il manico sono formati in modo integrale, garantendo un'elevata resistenza e un'eccellente stabilit\u00e0.<br \/>\nManico in palissandro: L'impugnatura in palissandro offre una presa solida e antiscivolo, che rimane confortevole durante l'uso prolungato.<br \/>\nFodero in pelle di alta qualit\u00e0: Viene fornito con un fodero in pelle finemente lavorato, con motivi dettagliati, un passante per la cintura e una chiusura a scatto per un comodo trasporto.<br \/>\nUso versatile all'aperto: Perfetto per la caccia, il campeggio, la sopravvivenza e la protezione all'aperto: il suo compagno affidabile in qualsiasi avventura nella natura.<\/p>","protected":false},"featured_media":262,"comment_status":"open","ping_status":"closed","template":"","meta":{"_acf_changed":false,"inline_featured_image":false,"slim_seo":{"title":"Coltello Bowie da caccia per la caccia all'aperto e la sopravvivenza - ACECOLL","description":"Il coltello Bowie da caccia classico AC006 \u00e8 realizzato in acciaio pregiato, forgiato a mano e abbinato a un fodero in pelle di alta qualit\u00e0 per un facile trasporto. Perfetto per la caccia, il campeggio, la sopravvivenza e le avventure all'aperto. In vendita ora, clicchi per saperne di pi\u00f9!"}},"product_brand":[],"product_cat":[16,23],"product_tag":[],"class_list":{"0":"post-221","1":"product","2":"type-product","3":"status-publish","4":"has-post-thumbnail","6":"product_cat-fixed-blade-knife","7":"product_cat-hunting-knives","9":"first","10":"instock","11":"taxable","12":"shipping-taxable","13":"purchasable","14":"product-type-simple"},"acf":[],"_links":{"self":[{"href":"https:\/\/acecoll.com\/it\/wp-json\/wp\/v2\/product\/221","targetHints":{"allow":["GET"]}}],"collection":[{"href":"https:\/\/acecoll.com\/it\/wp-json\/wp\/v2\/product"}],"about":[{"href":"https:\/\/acecoll.com\/it\/wp-json\/wp\/v2\/types\/product"}],"replies":[{"embeddable":true,"href":"https:\/\/acecoll.com\/it\/wp-json\/wp\/v2\/comments?post=221"}],"version-history":[{"count":8,"href":"https:\/\/acecoll.com\/it\/wp-json\/wp\/v2\/product\/221\/revisions"}],"predecessor-version":[{"id":1322,"href":"https:\/\/acecoll.com\/it\/wp-json\/wp\/v2\/product\/221\/revisions\/1322"}],"wp:featuredmedia":[{"embeddable":true,"href":"https:\/\/acecoll.com\/it\/wp-json\/wp\/v2\/media\/262"}],"wp:attachment":[{"href":"https:\/\/acecoll.com\/it\/wp-json\/wp\/v2\/media?parent=221"}],"wp:term":[{"taxonomy":"product_brand","embeddable":true,"href":"https:\/\/acecoll.com\/it\/wp-json\/wp\/v2\/product_brand?post=221"},{"taxonomy":"product_cat","embeddable":true,"href":"https:\/\/acecoll.com\/it\/wp-json\/wp\/v2\/product_cat?post=221"},{"taxonomy":"product_tag","embeddable":true,"href":"https:\/\/acecoll.com\/it\/wp-json\/wp\/v2\/product_tag?post=221"}],"curies":[{"name":"wp","href":"https:\/\/api.w.org\/{rel}","templated":true}]}}