{"id":224,"date":"2025-10-28T07:38:41","date_gmt":"2025-10-28T07:38:41","guid":{"rendered":"https:\/\/acecoll.com\/?post_type=product&#038;p=224"},"modified":"2026-02-11T07:19:57","modified_gmt":"2026-02-11T07:19:57","slug":"af009-coltello-tattico-tanto","status":"publish","type":"product","link":"https:\/\/acecoll.com\/it\/product\/af009-coltello-tattico-tanto\/","title":{"rendered":"AC009 Coltello tattico e da sopravvivenza Tanto"},"content":{"rendered":"<p>AC009 Tanto Tactical &amp; Survival Knife, a high-end outdoor knife that combines power and precision craftsmanship.<br \/>\nForged from high-strength Z-Wear stainless steel with a hardness of 60\u00b1HRC.<br \/>\nLa costruzione full-tang e la lama spessa 7 mm assicurano stabilit\u00e0 e affidabilit\u00e0 anche in caso di uso intenso.<br \/>\nL'impugnatura in G10 ha un design ergonomico, \u00e8 antiscivolo, resistente al calore e comoda da impugnare.<br \/>\nViene fornito con un fodero in Kydex che \u00e8 leggero, resistente e consente un facile trasporto e un rapido accesso.<br \/>\nChe sia per il campeggio, la caccia, la pesca, l'avventura, la sopravvivenza all'aperto o la collezione, l'AF009 offre prestazioni eccezionali con una qualit\u00e0 e un'artigianalit\u00e0 raffinate.<\/p>","protected":false},"excerpt":{"rendered":"<p><strong>Design della lama di tipo samurai Tanto:<\/strong> Il bordo dritto e affilato offre potenti prestazioni di taglio e perforazione, adatte a un'ampia gamma di attivit\u00e0 all'aperto.<br \/>\n<strong>Lama in acciaio inossidabile Z-Wear ispessita:<\/strong> Forgiato in acciaio Z-Wear ad alta resistenza con durezza 60\u00b1HRC. Affilato, resistente all'usura e altamente resistente alla corrosione. La lama spessa 7 mm offre maggiore potenza e durata.<br \/>\n<strong>Costruzione fissa Full-Tang:<\/strong> La struttura in un unico pezzo garantisce stabilit\u00e0 e affidabilit\u00e0 in caso di uso intensivo.<br \/>\n<strong>Manico in fibra di nylon G10:<\/strong> Il design ergonomico, antiscivolo, resistente al calore, offre una presa sicura e confortevole.<br \/>\n<strong>Fodero in kydex ad alta resistenza:<\/strong> Leggero, resistente e consente un accesso facile e veloce.<br \/>\n<strong>Applicazione professionale multiscena:<\/strong> Ideale per il campeggio, la caccia, la pesca, l'esplorazione e la sopravvivenza all'aperto. Adatto anche per la raccolta.<\/p>","protected":false},"featured_media":281,"comment_status":"open","ping_status":"closed","template":"","meta":{"_acf_changed":false,"inline_featured_image":false,"slim_seo":{"description":"AC009 Coltello tattico e da sopravvivenza Tanto, realizzato con acciaio di prima qualit\u00e0 e lavorazione superiore. Progettato sia per l'uso all'aperto che per la raccolta. Qualit\u00e0 eccezionale - clicchi per saperne di pi\u00f9!","title":"AC009 Tanto Tactical & survival Knife - ACECOLL"}},"product_brand":[],"product_cat":[16,17,19,21],"product_tag":[],"class_list":{"0":"post-224","1":"product","2":"type-product","3":"status-publish","4":"has-post-thumbnail","6":"product_cat-fixed-blade-knife","7":"product_cat-full-tang-knives","8":"product_cat-tactical-knives","9":"product_cat-tanto-knives","11":"first","12":"instock","13":"purchasable","14":"product-type-simple"},"acf":[],"_links":{"self":[{"href":"https:\/\/acecoll.com\/it\/wp-json\/wp\/v2\/product\/224","targetHints":{"allow":["GET"]}}],"collection":[{"href":"https:\/\/acecoll.com\/it\/wp-json\/wp\/v2\/product"}],"about":[{"href":"https:\/\/acecoll.com\/it\/wp-json\/wp\/v2\/types\/product"}],"replies":[{"embeddable":true,"href":"https:\/\/acecoll.com\/it\/wp-json\/wp\/v2\/comments?post=224"}],"version-history":[{"count":4,"href":"https:\/\/acecoll.com\/it\/wp-json\/wp\/v2\/product\/224\/revisions"}],"predecessor-version":[{"id":1319,"href":"https:\/\/acecoll.com\/it\/wp-json\/wp\/v2\/product\/224\/revisions\/1319"}],"wp:featuredmedia":[{"embeddable":true,"href":"https:\/\/acecoll.com\/it\/wp-json\/wp\/v2\/media\/281"}],"wp:attachment":[{"href":"https:\/\/acecoll.com\/it\/wp-json\/wp\/v2\/media?parent=224"}],"wp:term":[{"taxonomy":"product_brand","embeddable":true,"href":"https:\/\/acecoll.com\/it\/wp-json\/wp\/v2\/product_brand?post=224"},{"taxonomy":"product_cat","embeddable":true,"href":"https:\/\/acecoll.com\/it\/wp-json\/wp\/v2\/product_cat?post=224"},{"taxonomy":"product_tag","embeddable":true,"href":"https:\/\/acecoll.com\/it\/wp-json\/wp\/v2\/product_tag?post=224"}],"curies":[{"name":"wp","href":"https:\/\/api.w.org\/{rel}","templated":true}]}}