{"id":232,"date":"2025-10-28T07:38:41","date_gmt":"2025-10-28T07:38:41","guid":{"rendered":"https:\/\/acecoll.com\/?post_type=product&#038;p=232"},"modified":"2026-02-11T07:22:54","modified_gmt":"2026-02-11T07:22:54","slug":"af019-coltello-bowie-medio-a-codolo-pieno-in-acciaio-d2","status":"publish","type":"product","link":"https:\/\/acecoll.com\/it\/product\/af019-coltello-bowie-medio-a-codolo-pieno-in-acciaio-d2\/","title":{"rendered":"AC019 Coltello Arkansas tipo stuzzicadenti"},"content":{"rendered":"<p>AC019 Arkansas Toothpick-Style \u00e8 un raffinato coltello Bowie che offre sia prestazioni funzionali che valore da collezione.<\/p>\n<p>La lama \u00e8 realizzata in acciaio D2 ad alte prestazioni, forgiato a mano per raggiungere una durezza di 61\u00b1HRC. \u00c8 affilata, resistente all'usura e altamente resistente alla corrosione.<\/p>\n<p>Realizzato con una costruzione full-tang, il coltello rimane solido e affidabile anche in caso di uso intenso.<\/p>\n<p>Il profilo allungato, combinato con una spina dorsale spessa, fornisce un'eccellente potenza di perforazione e di taglio, mostrando al contempo la classica estetica Bowie di forza ed equilibrio.<\/p>\n<p>L'impugnatura in legno massiccio si adatta comodamente alla mano, mentre il pomo in acciaio migliora l'equilibrio e la durata.<\/p>\n<p>Il fodero in vera pelle \u00e8 finemente realizzato per proteggere il coltello e consentire un comodo trasporto alla cintura o in uno zaino.<\/p>\n<p>Che sia per la caccia, il campeggio, la sopravvivenza nella giungla, le avventure all'aperto o il collezionismo, l'AC019 funziona con affidabilit\u00e0.<\/p>\n<p>&nbsp;<\/p>","protected":false},"excerpt":{"rendered":"<p><strong>Classico design Bowie:<\/strong> La lama allungata con linee simili a quelle di una spada offre sia una forte forza di perforazione che un'estetica elegante, mostrando un perfetto equilibrio tra forza e artigianalit\u00e0.<br \/>\n<strong>Lama in acciaio D2 ad alte prestazioni:<\/strong> Classificato a 61\u00b1HRC, offre un'affilatura duratura, un'eccellente resistenza all'usura e un'ottima resistenza alla corrosione, ideale per le attivit\u00e0 outdoor pi\u00f9 impegnative.<br \/>\n<strong>Costruzione Full-Tang:<\/strong> La lama \u00e8 forgiata in un unico pezzo per la massima resistenza e stabilit\u00e0, garantendo sicurezza e affidabilit\u00e0 durante il taglio e la spinta.<br \/>\n<strong>Uso versatile all'aperto:<\/strong> Perfetto per la caccia, il campeggio, la sopravvivenza nella giungla e le avventure all'aperto; combina prestazioni pratiche e valore da collezione.<\/p>","protected":false},"featured_media":332,"comment_status":"open","ping_status":"closed","template":"","meta":{"_acf_changed":false,"inline_featured_image":false,"slim_seo":{"title":"Coltello Bowie grande per l'avventura all'aperto e la collezione - ACECOLL","description":"AC019 Coltello Bowie grande, ideale per la caccia, il campeggio, la sopravvivenza nella giungla e l'avventura all'aperto. Un coltello Bowie di qualit\u00e0 superiore che offre prestazioni pratiche e valore da collezione - ora in vendita, clicchi per saperne di pi\u00f9!"}},"product_brand":[],"product_cat":[22,16,23,18],"product_tag":[],"class_list":{"0":"post-232","1":"product","2":"type-product","3":"status-publish","4":"has-post-thumbnail","6":"product_cat-bowie-knife","7":"product_cat-fixed-blade-knife","8":"product_cat-hunting-knives","9":"product_cat-survival-knives","11":"first","12":"instock","13":"taxable","14":"shipping-taxable","15":"purchasable","16":"product-type-simple"},"acf":[],"_links":{"self":[{"href":"https:\/\/acecoll.com\/it\/wp-json\/wp\/v2\/product\/232","targetHints":{"allow":["GET"]}}],"collection":[{"href":"https:\/\/acecoll.com\/it\/wp-json\/wp\/v2\/product"}],"about":[{"href":"https:\/\/acecoll.com\/it\/wp-json\/wp\/v2\/types\/product"}],"replies":[{"embeddable":true,"href":"https:\/\/acecoll.com\/it\/wp-json\/wp\/v2\/comments?post=232"}],"version-history":[{"count":5,"href":"https:\/\/acecoll.com\/it\/wp-json\/wp\/v2\/product\/232\/revisions"}],"predecessor-version":[{"id":1971,"href":"https:\/\/acecoll.com\/it\/wp-json\/wp\/v2\/product\/232\/revisions\/1971"}],"wp:featuredmedia":[{"embeddable":true,"href":"https:\/\/acecoll.com\/it\/wp-json\/wp\/v2\/media\/332"}],"wp:attachment":[{"href":"https:\/\/acecoll.com\/it\/wp-json\/wp\/v2\/media?parent=232"}],"wp:term":[{"taxonomy":"product_brand","embeddable":true,"href":"https:\/\/acecoll.com\/it\/wp-json\/wp\/v2\/product_brand?post=232"},{"taxonomy":"product_cat","embeddable":true,"href":"https:\/\/acecoll.com\/it\/wp-json\/wp\/v2\/product_cat?post=232"},{"taxonomy":"product_tag","embeddable":true,"href":"https:\/\/acecoll.com\/it\/wp-json\/wp\/v2\/product_tag?post=232"}],"curies":[{"name":"wp","href":"https:\/\/api.w.org\/{rel}","templated":true}]}}