{"id":233,"date":"2025-10-28T07:38:41","date_gmt":"2025-10-28T07:38:41","guid":{"rendered":"https:\/\/acecoll.com\/?post_type=product&#038;p=233"},"modified":"2026-02-11T07:23:19","modified_gmt":"2026-02-11T07:23:19","slug":"af021-coltello-a-lama-fissa-con-lama-larga-tanto","status":"publish","type":"product","link":"https:\/\/acecoll.com\/it\/product\/af021-coltello-a-lama-fissa-con-lama-larga-tanto\/","title":{"rendered":"AC021 Machete tattico medio | Coltello da sopravvivenza pesante"},"content":{"rendered":"<p>AC021 Medium Tactical Machete is a heavy-duty tactical survival knife designed for demanding outdoor use.<br \/>\nLa lama \u00e8 forgiata in acciaio per utensili CPM-T440V ad alte prestazioni, che offre un'elevata durezza, affilatura e un'eccellente resistenza all'usura, in grado di gestire con facilit\u00e0 le attivit\u00e0 di taglio e le attivit\u00e0 di taglio pesanti.<br \/>\nIl coltello presenta una costruzione full-tang per una resistenza, una stabilit\u00e0 e una sicurezza superiori.<br \/>\nLa sua colonna vertebrale spessa 8 mm offre un'eccezionale forza d'urto e di slancio, rendendola ideale per la lavorazione del legno, l'allestimento del campo o la sopravvivenza nella natura.<\/p>\n<p>Il manico in legno massiccio si adatta comodamente alla mano, offrendo una presa sicura e antiscivolo, mentre il fodero in pelle cucito a mano aggiunge funzionalit\u00e0 e consistenza raffinata.<\/p>\n<p>Whether for camping, wood chopping, jungle exploration, or outdoor survival, the AC021 delivers powerful performance and excellent handling\u2014making it a trusted heavy-duty blade for outdoor enthusiasts and knife collectors alike.<\/p>","protected":false},"excerpt":{"rendered":"<p>Acciaio ad alte prestazioni: Forgiato da un acciaio da utensili premium CPM-T440V con elevata durezza ed eccellente resistenza all'usura.<br \/>\nDorso extra-spesso da 8 mm: La lama medio-corta con spessore di 8 mm offre una potente forza di taglio e una forte performance di impatto.<br \/>\nCostruzione full-tang: Design full-tang in un unico pezzo per una resistenza e un'affidabilit\u00e0 superiori, ideale per le attivit\u00e0 outdoor ad alta intensit\u00e0.<br \/>\nImpugnatura ergonomica in legno: Impugnatura completa e confortevole, antiscivolo e sicura, facile da controllare anche durante un uso prolungato.<br \/>\nFodero in vera pelle: Cucito a mano con un'accurata lavorazione artigianale, texture premium e comodo da portare alla cintura o alla spalla.<br \/>\nApplicazioni versatili: Perfetto per il campeggio, il taglio della legna, la sopravvivenza nella natura e l'addestramento tattico.<\/p>","protected":false},"featured_media":1015,"comment_status":"open","ping_status":"closed","template":"","meta":{"_acf_changed":false,"inline_featured_image":false,"slim_seo":{"description":"AC021 Medium Tactical Machete \u00e8 un coltello da sopravvivenza pesante che combina potenza e maestria. per il campeggio, la lavorazione del legno, l'esplorazione della giungla e la sopravvivenza all'aperto.Per saperne di pi\u00f9 ora","title":"AC021 Medium Tactical Machete | Heavy Survival Knife - ACECOLL"}},"product_brand":[],"product_cat":[16,18,21],"product_tag":[],"class_list":{"0":"post-233","1":"product","2":"type-product","3":"status-publish","4":"has-post-thumbnail","6":"product_cat-fixed-blade-knife","7":"product_cat-survival-knives","8":"product_cat-tanto-knives","10":"first","11":"instock","12":"taxable","13":"shipping-taxable","14":"purchasable","15":"product-type-simple"},"acf":[],"_links":{"self":[{"href":"https:\/\/acecoll.com\/it\/wp-json\/wp\/v2\/product\/233","targetHints":{"allow":["GET"]}}],"collection":[{"href":"https:\/\/acecoll.com\/it\/wp-json\/wp\/v2\/product"}],"about":[{"href":"https:\/\/acecoll.com\/it\/wp-json\/wp\/v2\/types\/product"}],"replies":[{"embeddable":true,"href":"https:\/\/acecoll.com\/it\/wp-json\/wp\/v2\/comments?post=233"}],"version-history":[{"count":4,"href":"https:\/\/acecoll.com\/it\/wp-json\/wp\/v2\/product\/233\/revisions"}],"predecessor-version":[{"id":1397,"href":"https:\/\/acecoll.com\/it\/wp-json\/wp\/v2\/product\/233\/revisions\/1397"}],"wp:featuredmedia":[{"embeddable":true,"href":"https:\/\/acecoll.com\/it\/wp-json\/wp\/v2\/media\/1015"}],"wp:attachment":[{"href":"https:\/\/acecoll.com\/it\/wp-json\/wp\/v2\/media?parent=233"}],"wp:term":[{"taxonomy":"product_brand","embeddable":true,"href":"https:\/\/acecoll.com\/it\/wp-json\/wp\/v2\/product_brand?post=233"},{"taxonomy":"product_cat","embeddable":true,"href":"https:\/\/acecoll.com\/it\/wp-json\/wp\/v2\/product_cat?post=233"},{"taxonomy":"product_tag","embeddable":true,"href":"https:\/\/acecoll.com\/it\/wp-json\/wp\/v2\/product_tag?post=233"}],"curies":[{"name":"wp","href":"https:\/\/api.w.org\/{rel}","templated":true}]}}