{"id":234,"date":"2025-10-28T07:38:41","date_gmt":"2025-10-28T07:38:41","guid":{"rendered":"https:\/\/acecoll.com\/?post_type=product&#038;p=234"},"modified":"2026-02-11T07:23:28","modified_gmt":"2026-02-11T07:23:28","slug":"af022-coltello-da-esterno-in-acciaio-damasco-manico-in-legno-debano","status":"publish","type":"product","link":"https:\/\/acecoll.com\/it\/product\/af022-coltello-da-esterno-in-acciaio-damasco-manico-in-legno-debano\/","title":{"rendered":"AC022 Coltello Damasco Tanto"},"content":{"rendered":"<p>AC022 Coltello Tanto Damascus \u00e8 un coltello artigianale di alta qualit\u00e0 che combina arte e prestazioni.<br \/>\nLa lama \u00e8 realizzata in acciaio Damasco di alta qualit\u00e0, forgiato e trattato termicamente attraverso pi\u00f9 strati per creare un esclusivo motivo a onde 3D. \u00c8 affilata, resistente all'usura e offre un'eccezionale robustezza e stabilit\u00e0.<br \/>\nIl coltello presenta una costruzione full-tang, con la lama che attraversa il manico per garantire resistenza e affidabilit\u00e0 in caso di uso intenso.<br \/>\nIl manico \u00e8 realizzato in legno di ebano scuro, per offrire una presa comoda e al tempo stesso elegante e pratica.<br \/>\n\u00c8 dotato di un raffinato fodero in pelle per un comodo trasporto e una protezione efficace.<br \/>\nWhether for camping, hunting, outdoor adventures, or as a collector\u2019s display piece, the AC022 stands out with its superb craftsmanship and powerful aesthetics, making it a truly reliable and collectible Damascus knife.<\/p>","protected":false},"excerpt":{"rendered":"<p data-start=\"830\" data-end=\"928\">Lama in acciaio Damasco Premium - Realizzata in acciaio Damasco ad alte prestazioni, forgiato e temprato attraverso pi\u00f9 strati per creare un esclusivo motivo a onde 3D. Combina funzionalit\u00e0 e valore da collezione.<br \/>\nCostruzione Full-Tang - La lama passa attraverso l'impugnatura, assicurando una forza, un equilibrio e un'affidabilit\u00e0 eccezionali.<br \/>\nManico in legno di ebano, confortevole e antiscivolo - Realizzato in legno di ebano selezionato, offre una presa liscia ed ergonomica, elegante e pratica.<br \/>\nSquisito fodero in vera pelle - Fodero in pelle cucito a mano con una struttura spessa che protegge il coltello e aggiunge un'estetica vintage.<br \/>\nArtigianato forgiato a mano con alto valore collezionistico - Ogni coltello \u00e8 forgiato a mano individualmente da abili artigiani e richiede un lungo ciclo di produzione e tecniche complesse, che lo rendono un vero pezzo da collezione.<\/p>","protected":false},"featured_media":1025,"comment_status":"open","ping_status":"closed","template":"","meta":{"_acf_changed":false,"inline_featured_image":false,"slim_seo":{"description":"Il coltello AC022 Tanto Damascus, sia per la sopravvivenza all'aperto, il campeggio, la caccia o come pezzo da collezione, mostra un'eccezionale maestria e resistenza. Ora di tendenza: clicchi per saperne di pi\u00f9!","title":"AC022 Damascus Tanto Knife - ACECOLL"}},"product_brand":[],"product_cat":[23,18,21],"product_tag":[],"class_list":{"0":"post-234","1":"product","2":"type-product","3":"status-publish","4":"has-post-thumbnail","6":"product_cat-hunting-knives","7":"product_cat-survival-knives","8":"product_cat-tanto-knives","10":"first","11":"instock","12":"taxable","13":"shipping-taxable","14":"purchasable","15":"product-type-simple"},"acf":[],"_links":{"self":[{"href":"https:\/\/acecoll.com\/it\/wp-json\/wp\/v2\/product\/234","targetHints":{"allow":["GET"]}}],"collection":[{"href":"https:\/\/acecoll.com\/it\/wp-json\/wp\/v2\/product"}],"about":[{"href":"https:\/\/acecoll.com\/it\/wp-json\/wp\/v2\/types\/product"}],"replies":[{"embeddable":true,"href":"https:\/\/acecoll.com\/it\/wp-json\/wp\/v2\/comments?post=234"}],"version-history":[{"count":6,"href":"https:\/\/acecoll.com\/it\/wp-json\/wp\/v2\/product\/234\/revisions"}],"predecessor-version":[{"id":1705,"href":"https:\/\/acecoll.com\/it\/wp-json\/wp\/v2\/product\/234\/revisions\/1705"}],"wp:featuredmedia":[{"embeddable":true,"href":"https:\/\/acecoll.com\/it\/wp-json\/wp\/v2\/media\/1025"}],"wp:attachment":[{"href":"https:\/\/acecoll.com\/it\/wp-json\/wp\/v2\/media?parent=234"}],"wp:term":[{"taxonomy":"product_brand","embeddable":true,"href":"https:\/\/acecoll.com\/it\/wp-json\/wp\/v2\/product_brand?post=234"},{"taxonomy":"product_cat","embeddable":true,"href":"https:\/\/acecoll.com\/it\/wp-json\/wp\/v2\/product_cat?post=234"},{"taxonomy":"product_tag","embeddable":true,"href":"https:\/\/acecoll.com\/it\/wp-json\/wp\/v2\/product_tag?post=234"}],"curies":[{"name":"wp","href":"https:\/\/api.w.org\/{rel}","templated":true}]}}