{"id":239,"date":"2025-10-28T07:38:42","date_gmt":"2025-10-28T07:38:42","guid":{"rendered":"https:\/\/acecoll.com\/?post_type=product&#038;p=239"},"modified":"2026-02-11T07:22:37","modified_gmt":"2026-02-11T07:22:37","slug":"af017-pugnale-tattico-con-lama-fuller-aus-10-in-acciaio-per-esterni","status":"publish","type":"product","link":"https:\/\/acecoll.com\/it\/product\/af017-pugnale-tattico-con-lama-fuller-aus-10-in-acciaio-per-esterni\/","title":{"rendered":"AC017 Pugnale tattico di sopravvivenza medio"},"content":{"rendered":"<p>Il pugnale tattico di sopravvivenza medio AC017 \u00e8 un pugnale full-tang finemente lavorato che unisce le prestazioni tattiche alla maestria artigianale.<\/p>\n<p>La lama \u00e8 forgiata a mano in acciaio inossidabile AUS-10 ad alte prestazioni, che offre un'eccezionale affilatura, robustezza e una straordinaria resistenza alla corrosione e all'usura.<\/p>\n<p>Il design della scanalatura fuller centrale non solo riduce il peso complessivo, ma aumenta anche la rigidit\u00e0 strutturale e aggiunge profondit\u00e0 visiva alla lama.<\/p>\n<p>Realizzato con una costruzione full-tang che attraversa l'intera impugnatura, assicura una resistenza e un'affidabilit\u00e0 superiori anche in caso di uso intenso.<\/p>\n<p>L'impugnatura in legno duro offre una presa comoda e antiscivolo, combinando l'artigianato di pregio con una manipolazione sicura. Il fodero in pelle in stile vintage offre una vestibilit\u00e0 precisa per una conservazione sicura e un facile trasporto.<\/p>\n<p>Che sia per il campeggio, la caccia, la sopravvivenza all'aperto, l'esplorazione della natura selvaggia o l'esposizione di una collezione, l'AC017 \u00e8 un pugnale tattico di prima qualit\u00e0 che incarna forza e maestria.<\/p>","protected":false},"excerpt":{"rendered":"<p>Pugnale simmetrico a doppio taglio: Stile tattico classico per l'attacco e la difesa, che unisce la praticit\u00e0 al valore da collezione.<br \/>\nStruttura della scanalatura pi\u00f9 completa: Riduce il peso complessivo della lama, migliorando la rigidit\u00e0 e offrendo un aspetto tattico di grande impatto.<br \/>\nAcciaio AUS-10 ad alte prestazioni: Offre una resistenza e un'affilatura eccezionali.<br \/>\nCostruzione full-tang: La lama attraversa l'intero manico, garantendo un'eccezionale resistenza e affidabilit\u00e0.<br \/>\nManico in legno duro: Impugnatura comoda, stabile e antiscivolo, che unisce l'artigianalit\u00e0 all'usabilit\u00e0.<br \/>\nFodero in pelle: Offre una vestibilit\u00e0 sicura per una conservazione sicura, presentando al tempo stesso un look raffinato e di qualit\u00e0.<br \/>\nEdizione artigianale limitata: Ogni pezzo \u00e8 forgiato e lucidato a mano da abili artigiani, il che ne evidenzia il valore collezionistico unico.<\/p>","protected":false},"featured_media":372,"comment_status":"open","ping_status":"closed","template":"","meta":{"_acf_changed":false,"inline_featured_image":false,"slim_seo":{"description":"AC017, con un design a scanalatura piena e una costruzione full-tang, offre affilatezza e stabilit\u00e0. Un coltello tattico di alta qualit\u00e0 che combina forza e maestria - ora in vendita, clicchi per saperne di pi\u00f9!","title":"AC017 Medium Tactical Survival Dagger - ACECOLL"}},"product_brand":[],"product_cat":[17,20],"product_tag":[],"class_list":{"0":"post-239","1":"product","2":"type-product","3":"status-publish","4":"has-post-thumbnail","6":"product_cat-full-tang-knives","7":"product_cat-tactical-dagger","9":"first","10":"instock","11":"taxable","12":"shipping-taxable","13":"purchasable","14":"product-type-simple"},"acf":[],"_links":{"self":[{"href":"https:\/\/acecoll.com\/it\/wp-json\/wp\/v2\/product\/239","targetHints":{"allow":["GET"]}}],"collection":[{"href":"https:\/\/acecoll.com\/it\/wp-json\/wp\/v2\/product"}],"about":[{"href":"https:\/\/acecoll.com\/it\/wp-json\/wp\/v2\/types\/product"}],"replies":[{"embeddable":true,"href":"https:\/\/acecoll.com\/it\/wp-json\/wp\/v2\/comments?post=239"}],"version-history":[{"count":4,"href":"https:\/\/acecoll.com\/it\/wp-json\/wp\/v2\/product\/239\/revisions"}],"predecessor-version":[{"id":1250,"href":"https:\/\/acecoll.com\/it\/wp-json\/wp\/v2\/product\/239\/revisions\/1250"}],"wp:featuredmedia":[{"embeddable":true,"href":"https:\/\/acecoll.com\/it\/wp-json\/wp\/v2\/media\/372"}],"wp:attachment":[{"href":"https:\/\/acecoll.com\/it\/wp-json\/wp\/v2\/media?parent=239"}],"wp:term":[{"taxonomy":"product_brand","embeddable":true,"href":"https:\/\/acecoll.com\/it\/wp-json\/wp\/v2\/product_brand?post=239"},{"taxonomy":"product_cat","embeddable":true,"href":"https:\/\/acecoll.com\/it\/wp-json\/wp\/v2\/product_cat?post=239"},{"taxonomy":"product_tag","embeddable":true,"href":"https:\/\/acecoll.com\/it\/wp-json\/wp\/v2\/product_tag?post=239"}],"curies":[{"name":"wp","href":"https:\/\/api.w.org\/{rel}","templated":true}]}}