{"id":1807,"date":"2025-12-18T06:19:25","date_gmt":"2025-12-18T06:19:25","guid":{"rendered":"https:\/\/acecoll.com\/?page_id=1807"},"modified":"2026-03-13T02:15:44","modified_gmt":"2026-03-13T02:15:44","slug":"tjenestevilkar","status":"publish","type":"page","link":"https:\/\/acecoll.com\/nb\/tjenestevilkar\/","title":{"rendered":"Vilk\u00e5r for bruk"},"content":{"rendered":"<h2 class=\"wp-block-heading\">Vilk\u00e5r for bruk<\/h2>\n\n<p>Dette nettstedet drives av <a href=\"https:\/\/acecoll.com\/nb\/\">ACECOLL<\/a>. I denne sammenhengen refererer \u201cvi\u201d og \u201cv\u00e5r\u201d til ACECOLL. Vi tilbyr deg (brukeren) dette nettstedet, inkludert all informasjon, verkt\u00f8y og tjenester, under forutsetning av at du godtar alle vilk\u00e5r, betingelser, retningslinjer og erkl\u00e6ringer som er angitt her.<\/p>\n<p><span data-font-family=\"\u5fae\u8f6f\u96c5\u9ed1\">Ved \u00e5 g\u00e5 inn p\u00e5 nettstedet v\u00e5rt og\/eller kj\u00f8pe varer fra oss, samtykker du i \u00e5 bruke v\u00e5re \u201ctjenester\u201d og \u00e5 v\u00e6re bundet av disse tjenestevilk\u00e5rene (\u201cvilk\u00e5rene\u201d), inkludert eventuelle tilleggsvilk\u00e5r, betingelser eller retningslinjer som det henvises til her eller som er lenket til fra dette nettstedet.<\/span><\/p>\n<p><span data-font-family=\"\u5fae\u8f6f\u96c5\u9ed1\">Disse tjenestevilk\u00e5rene gjelder for alle brukere av nettstedet, inkludert, men ikke begrenset til, bes\u00f8kende, leverand\u00f8rer, kunder, selgere og\/eller innholdsbidragsytere.<\/span><\/p>\n<p><span data-font-family=\"\u5fae\u8f6f\u96c5\u9ed1\">Vennligst les disse vilk\u00e5rene n\u00f8ye f\u00f8r du g\u00e5r inn p\u00e5 eller bruker dette nettstedet. Din tilgang til eller bruk av noen del av dette nettstedet inneb\u00e6rer at du samtykker i \u00e5 v\u00e6re bundet av disse vilk\u00e5rene. Hvis du ikke godtar alle vilk\u00e5rene og betingelsene i denne avtalen, kan du ikke g\u00e5 inn p\u00e5 dette nettstedet eller bruke noen av tjenestene. Hvis disse tjenestevilk\u00e5rene anses som et tilbud, er aksept begrenset til disse tjenestevilk\u00e5rene.<\/span><\/p>\n<p><span data-font-family=\"\u5fae\u8f6f\u96c5\u9ed1\">Alle nye funksjoner eller verkt\u00f8y som legges til i den n\u00e5v\u00e6rende butikken, er underlagt disse tjenestevilk\u00e5rene. Du kan n\u00e5r som helst se den nyeste versjonen av tjenestevilk\u00e5rene p\u00e5 denne siden. Vi forbeholder oss retten til \u00e5 oppdatere, endre eller erstatte deler av disse tjenestevilk\u00e5rene ved \u00e5 publisere oppdateringer og\/eller endringer p\u00e5 nettstedet. Det er ditt ansvar \u00e5 sjekke denne siden med jevne mellomrom for endringer. Din fortsatte bruk av eller tilgang til dette nettstedet etter at eventuelle endringer er lagt ut, inneb\u00e6rer at du godtar disse endringene.<\/span><\/p>\n<p><span data-font-family=\"\u5fae\u8f6f\u96c5\u9ed1\">Nettbutikken v\u00e5r ligger p\u00e5 plattformen Woocommerce. De gir oss en nettbasert e-handelsplattform som gj\u00f8r det mulig for oss \u00e5 selge produkter og tjenester til deg.<\/span><\/p>\n\n<h2 class=\"wp-block-heading\">Vilk\u00e5r for nettbutikk<\/h2>\n\n<p>Ved \u00e5 godta disse tjenestevilk\u00e5rene bekrefter du at du har n\u00e5dd myndighetsalderen i din stat eller provins. Du samtykker ogs\u00e5 i \u00e5 f\u00f8re tilsyn med eventuelle mindre\u00e5rige p\u00e5r\u00f8rende som kan bruke dette nettstedet.<\/p>\n<p>Du kan ikke bruke v\u00e5re produkter eller tjenester til ulovlige eller uautoriserte form\u00e5l. Du m\u00e5 overholde alle gjeldende lover, inkludert lover om opphavsrett, og du m\u00e5 ikke distribuere ormer, virus eller annen destruktiv kode. Brudd p\u00e5 disse vilk\u00e5rene kan f\u00f8re til umiddelbar oppsigelse av din tilgang eller dine tjenester.<\/p>\n\n<h2 class=\"wp-block-heading\">Generelle vilk\u00e5r og betingelser<\/h2>\n\n<p>Vi forbeholder oss retten til \u00e5 nekte \u00e5 levere tjenester til hvem som helst n\u00e5r som helst, uansett grunn.<\/p><p>Du er innforst\u00e5tt med at innholdet ditt (unntatt kredittkortinformasjon) kan bli overf\u00f8rt ukryptert og kan: <br \/>(a) passere over ulike nettverk; og <br \/>(b) endres for \u00e5 oppfylle de tekniske kravene til tilkoblede nettverk eller enheter. <br \/>Kredittkortinformasjon krypteres imidlertid alltid under overf\u00f8ring.<\/p><p>Du samtykker i \u00e5 ikke kopiere, reprodusere, selge, videreselge eller p\u00e5 annen m\u00e5te bruke noen del av tjenesten, eller ta kontakt via nettstedet, uten v\u00e5r uttrykkelige skriftlige tillatelse.<\/p><p>Overskriftene i denne Avtalen er kun for enkelhets skyld og p\u00e5virker ikke tolkningen av disse vilk\u00e5rene.<\/p>\n\n<h2 class=\"wp-block-heading\">N\u00f8yaktighet, fullstendighet og aktualitet i informasjonen<\/h2>\n\n<p>Vi er ikke ansvarlige for eventuelle un\u00f8yaktigheter, ufullstendigheter eller manglende aktualitet i informasjonen som gis p\u00e5 dette nettstedet. Innholdet p\u00e5 dette nettstedet er kun ment som generell referanse og skal ikke brukes som eneste grunnlag for beslutningstaking. F\u00f8r du tar en beslutning, b\u00f8r du konsultere mer autoritative, n\u00f8yaktige, fullstendige eller aktuelle informasjonskilder. Du bruker innholdet p\u00e5 dette nettstedet p\u00e5 egen risiko.<\/p><p>Dette nettstedet kan inneholde historisk informasjon. Historisk informasjon gjenspeiler ikke n\u00f8dvendigvis dagens situasjon og er kun ment som referanse. Vi forbeholder oss retten til \u00e5 endre innholdet p\u00e5 dette nettstedet n\u00e5r som helst, men vi har ingen forpliktelse til \u00e5 oppdatere informasjonen p\u00e5 nettstedet. Du er selv ansvarlig for \u00e5 f\u00f8lge med p\u00e5 endringer p\u00e5 dette nettstedet.<\/p>\n\n<h2 class=\"wp-block-heading\">\u00a0Endringer i vilk\u00e5rene for bruk<\/h2>\n\n<p><span dir=\"auto\">Du kan n\u00e5r som helst se den nyeste versjonen av tjenestevilk\u00e5rene p\u00e5 denne siden.<\/span><\/p><p><span dir=\"auto\">Vi forbeholder oss retten til \u00e5 oppdatere, endre eller erstatte deler av disse tjenestevilk\u00e5rene etter eget skj\u00f8nn, og slike oppdateringer og endringer vil bli lagt ut p\u00e5 nettstedet v\u00e5rt. Det er ditt ansvar \u00e5 sjekke nettstedet v\u00e5rt med jevne mellomrom for endringer. Din fortsatte bruk av eller tilgang til nettstedet eller tjenestene v\u00e5re etter eventuelle endringer i disse tjenestevilk\u00e5rene inneb\u00e6rer at du godtar disse endringene.<\/span><\/p>\n\n<h2 class=\"wp-block-heading\">Kontakt oss<\/h2>\n\n<p>For sp\u00f8rsm\u00e5l om vilk\u00e5rene for bruk, vennligst send en e-post til info@acecoll.com.<\/p>","protected":false},"excerpt":{"rendered":"<p>Terms of Service This website is operated by ACECOLL. In this context, \u201cwe\u201d and \u201cour\u201d refer to ACECOLL. We provide you (the user) with this website, including all information, tools, and services, subject to your acceptance of all terms, conditions, policies, and statements set forth herein. By accessing our website and\/or purchasing any goods from [&hellip;]<\/p>","protected":false},"author":4,"featured_media":0,"parent":0,"menu_order":0,"comment_status":"closed","ping_status":"closed","template":"","meta":{"_acf_changed":false,"inline_featured_image":false,"slim_seo":{"description":"Vilk\u00e5rene for bruk beskriver reglene, betingelsene og retningslinjene som gjelder for bruk av ACECOLLs nettsted, produkter og tjenester.","title":"Terms of Service - ACECOLL"},"footnotes":""},"class_list":["post-1807","page","type-page","status-publish","hentry"],"acf":[],"_links":{"self":[{"href":"https:\/\/acecoll.com\/nb\/wp-json\/wp\/v2\/pages\/1807","targetHints":{"allow":["GET"]}}],"collection":[{"href":"https:\/\/acecoll.com\/nb\/wp-json\/wp\/v2\/pages"}],"about":[{"href":"https:\/\/acecoll.com\/nb\/wp-json\/wp\/v2\/types\/page"}],"author":[{"embeddable":true,"href":"https:\/\/acecoll.com\/nb\/wp-json\/wp\/v2\/users\/4"}],"replies":[{"embeddable":true,"href":"https:\/\/acecoll.com\/nb\/wp-json\/wp\/v2\/comments?post=1807"}],"version-history":[{"count":17,"href":"https:\/\/acecoll.com\/nb\/wp-json\/wp\/v2\/pages\/1807\/revisions"}],"predecessor-version":[{"id":1987,"href":"https:\/\/acecoll.com\/nb\/wp-json\/wp\/v2\/pages\/1807\/revisions\/1987"}],"wp:attachment":[{"href":"https:\/\/acecoll.com\/nb\/wp-json\/wp\/v2\/media?parent=1807"}],"curies":[{"name":"wp","href":"https:\/\/api.w.org\/{rel}","templated":true}]}}