{"id":406,"date":"2025-10-28T07:46:52","date_gmt":"2025-10-28T07:46:52","guid":{"rendered":"https:\/\/acecoll.com\/?page_id=406"},"modified":"2025-12-30T14:30:20","modified_gmt":"2025-12-30T14:30:20","slug":"om-oss","status":"publish","type":"page","link":"https:\/\/acecoll.com\/nb\/om-oss\/","title":{"rendered":"OM OSS"},"content":{"rendered":"<p>Smidd i ild, herdet for fortreffelighet<\/p>\n\n<p><span data-font-family=\"\u5fae\u8f6f\u96c5\u9ed1\">Hos ACECOLL velger vi ut kniver som er robuste, skarpe og uforglemmelige.<\/span><\/p>\n\n<div class=\"wp-block-buttons is-layout-flex wp-block-buttons-is-layout-flex\"><div class=\"wp-block-button\"><a class=\"wp-block-button__link\">Finn bladet ditt<\/a><\/div><\/div>\n\n<h3 class=\"wp-block-heading\">OM ACECOLL<\/h3>\n\n<p>I mange \u00e5r har ACECOLL v\u00e6rt opptatt av \u00e5 forene bestikkets praktiske egenskaper med kunstnerisk h\u00e5ndverk. Fra design til materialer og smiingsteknikker - vi opprettholder en \u00e5nd av ubarmhjertig raffinement og kontrollerer n\u00f8ye hvert trinn for \u00e5 levere de beste produktene som er mulig.<\/p>\n<p>Vi er opptatt av at alle kniver skal holde samlerstandard i minst \u00e9n av f\u00f8lgende dimensjoner: visuell estetikk, materialegenskaper eller smiingsteknikk.<\/p>\n<p>ACECOLL har spesialisert seg p\u00e5 \u00e5 levere h\u00e5ndlagde friluftskniver og samlerkniver av h\u00f8y kvalitet til friluftsentusiaster, knivsamlere, entusiaster av kampsportkultur og samuraikultur.<\/p>\n<p>Alle knivene v\u00e5re er designet av verdenskjente mestere og utviklet i Kina - en nasjon med en 2600 \u00e5r lang tradisjon for smiing av kalde v\u00e5pen. Det vi leverer er ikke bare verkt\u00f8y, men samleobjekter som blander eldgammel smiing med banebrytende industrielt h\u00e5ndverk.<\/p>\n<p>Enten det er til eget bruk, som samlerobjekt eller som gave til venner og familie, er v\u00e5re sverd og kniver det perfekte valget.<\/p>\n\n<h3 class=\"wp-block-heading\">Kontakt oss<\/h3>\n\n<p>Har du sp\u00f8rsm\u00e5l, kommentarer eller forretnings\u00f8nsker til ACECOLL? Ta kontakt her eller send en e-post: <span style=\"color: #e17c2b;\"><strong><u><a style=\"color: #e17c2b;\" href=\"mailto:info@example.com\">info@acecoll.com<\/a><\/u><\/strong><\/span><\/p>\n\n<figure class=\"wp-block-image size-full\"><img loading=\"lazy\" decoding=\"async\" width=\"644\" height=\"450\" src=\"https:\/\/acecoll.com\/wp-content\/uploads\/2025\/10\/ASHEN-FORGE-brand-story-illustration1.jpg\" alt class=\"wp-image-409\" srcset=\"https:\/\/acecoll.com\/wp-content\/uploads\/2025\/10\/ASHEN-FORGE-brand-story-illustration1.jpg 644w, https:\/\/acecoll.com\/wp-content\/uploads\/2025\/10\/ASHEN-FORGE-brand-story-illustration1-300x210.jpg 300w, https:\/\/acecoll.com\/wp-content\/uploads\/2025\/10\/ASHEN-FORGE-brand-story-illustration1-600x419.jpg 600w\" sizes=\"auto, (max-width: 644px) 100vw, 644px\" \/><\/figure>","protected":false},"excerpt":{"rendered":"<p>Forged in Fire,Tempered for Excellence At ACECOLL, we select knives that are resilient, sharp, and truly unforgettable. ABOUT ACECOLL For years, ACECOLL has been dedicated to seamlessly blending the practicality of cutlery with artistic craftsmanship. From design to materials to forging techniques, we uphold a spirit of relentless refinement, meticulously controlling every step to deliver [&hellip;]<\/p>","protected":false},"author":4,"featured_media":0,"parent":0,"menu_order":0,"comment_status":"closed","ping_status":"closed","template":"","meta":{"_acf_changed":false,"inline_featured_image":false,"slim_seo":{"title":"ACECOLLs merkevarehistorie - Om ACEBOTT","description":"ACECOLL har som m\u00e5l \u00e5 velge ut de beste knivene til deg, og hjelper deg med \u00e5 bygge opp din Ace-samling."},"footnotes":""},"class_list":["post-406","page","type-page","status-publish","hentry"],"acf":[],"_links":{"self":[{"href":"https:\/\/acecoll.com\/nb\/wp-json\/wp\/v2\/pages\/406","targetHints":{"allow":["GET"]}}],"collection":[{"href":"https:\/\/acecoll.com\/nb\/wp-json\/wp\/v2\/pages"}],"about":[{"href":"https:\/\/acecoll.com\/nb\/wp-json\/wp\/v2\/types\/page"}],"author":[{"embeddable":true,"href":"https:\/\/acecoll.com\/nb\/wp-json\/wp\/v2\/users\/4"}],"replies":[{"embeddable":true,"href":"https:\/\/acecoll.com\/nb\/wp-json\/wp\/v2\/comments?post=406"}],"version-history":[{"count":36,"href":"https:\/\/acecoll.com\/nb\/wp-json\/wp\/v2\/pages\/406\/revisions"}],"predecessor-version":[{"id":1930,"href":"https:\/\/acecoll.com\/nb\/wp-json\/wp\/v2\/pages\/406\/revisions\/1930"}],"wp:attachment":[{"href":"https:\/\/acecoll.com\/nb\/wp-json\/wp\/v2\/media?parent=406"}],"curies":[{"name":"wp","href":"https:\/\/api.w.org\/{rel}","templated":true}]}}