{"id":1059,"date":"2025-11-05T05:49:47","date_gmt":"2025-11-05T05:49:47","guid":{"rendered":"https:\/\/acecoll.com\/?post_type=product&#038;p=1059"},"modified":"2026-03-26T07:37:01","modified_gmt":"2026-03-26T07:37:01","slug":"af026-taktisk-overlevelseskniv-tanto-med-fast-blad-i-sanmai-stal","status":"publish","type":"product","link":"https:\/\/acecoll.com\/nb\/product\/af026-taktisk-overlevelseskniv-tanto-med-fast-blad-i-sanmai-stal\/","title":{"rendered":"AC026 San Mai Tanto taktisk kniv og overlevelseskniv"},"content":{"rendered":"<p>AC026 San Mai Tanto Tactical &amp; Survival Knife er en f\u00f8rsteklasses kniv med fast blad for utend\u00f8rsbruk som kombinerer praktisk anvendelighet og samleregenskaper.<br \/>\nBladet er smidd med San Mai-teknologi, som kombinerer tre lag med h\u00f8yytelsesst\u00e5l for \u00e5 balansere skarphet, seighet og korrosjonsbestandighet.<br \/>\nFull-Tang-strukturen sikrer stabilitet og p\u00e5litelighet under tung bruk.<br \/>\nTantobladet har en skarp egg og en sterk spiss som egner seg godt til skj\u00e6re- og piercingoppgaver.<br \/>\nDet lysegr\u00f8nne G10-h\u00e5ndtaket gir et godt grep, og den lysegr\u00f8nne Kydex-kappen er lett, slitesterk og enkel \u00e5 b\u00e6re.<br \/>\nAC026 fungerer godt, enten det er til daglig EDC, utend\u00f8rs eventyr, overlevelsesbruk eller samling<\/p>","protected":false},"excerpt":{"rendered":"<p>Samling og nytte kombinert: San Mai-smiing og satengfinish p\u00e5 bladet gj\u00f8r den egnet for b\u00e5de utend\u00f8rs bruk og samling<br \/>\nSan Mai smidd blad: Laget av tre lag med h\u00f8yytelsesst\u00e5l for skarphet, seighet og korrosjonsbestandighet<br \/>\nFull-Tang-konstruksjon: Gir h\u00f8y styrke og strukturell stabilitet<br \/>\nSklisikkert G10-h\u00e5ndtak: Strukturert overflate for et fast og komfortabelt grep<br \/>\nTaktisk hylster i Kydex: Leveres med en justerbar belteklips for enkel b\u00e6ring og rask tilgang<\/p>","protected":false},"featured_media":1066,"comment_status":"open","ping_status":"closed","template":"","meta":{"_acf_changed":false,"inline_featured_image":false,"slim_seo":{"description":"AC026 San Mai Tanto Tactical &amp; Survival Knife, ideell for EDC, utend\u00f8rs overlevelse og samling. N\u00e5 tilgjengelig, klikk for \u00e5 l\u00e6re mer.","title":"AC026 San Mai Tanto Tactical & Survival Knife - ACECOLL"}},"product_brand":[],"product_cat":[16,19,21],"product_tag":[],"class_list":{"0":"post-1059","1":"product","2":"type-product","3":"status-publish","4":"has-post-thumbnail","6":"product_cat-fixed-blade-knife","7":"product_cat-tactical-knives","8":"product_cat-tanto-knives","10":"first","11":"instock","12":"taxable","13":"shipping-taxable","14":"purchasable","15":"product-type-simple"},"acf":[],"_links":{"self":[{"href":"https:\/\/acecoll.com\/nb\/wp-json\/wp\/v2\/product\/1059","targetHints":{"allow":["GET"]}}],"collection":[{"href":"https:\/\/acecoll.com\/nb\/wp-json\/wp\/v2\/product"}],"about":[{"href":"https:\/\/acecoll.com\/nb\/wp-json\/wp\/v2\/types\/product"}],"replies":[{"embeddable":true,"href":"https:\/\/acecoll.com\/nb\/wp-json\/wp\/v2\/comments?post=1059"}],"version-history":[{"count":6,"href":"https:\/\/acecoll.com\/nb\/wp-json\/wp\/v2\/product\/1059\/revisions"}],"predecessor-version":[{"id":1708,"href":"https:\/\/acecoll.com\/nb\/wp-json\/wp\/v2\/product\/1059\/revisions\/1708"}],"wp:featuredmedia":[{"embeddable":true,"href":"https:\/\/acecoll.com\/nb\/wp-json\/wp\/v2\/media\/1066"}],"wp:attachment":[{"href":"https:\/\/acecoll.com\/nb\/wp-json\/wp\/v2\/media?parent=1059"}],"wp:term":[{"taxonomy":"product_brand","embeddable":true,"href":"https:\/\/acecoll.com\/nb\/wp-json\/wp\/v2\/product_brand?post=1059"},{"taxonomy":"product_cat","embeddable":true,"href":"https:\/\/acecoll.com\/nb\/wp-json\/wp\/v2\/product_cat?post=1059"},{"taxonomy":"product_tag","embeddable":true,"href":"https:\/\/acecoll.com\/nb\/wp-json\/wp\/v2\/product_tag?post=1059"}],"curies":[{"name":"wp","href":"https:\/\/api.w.org\/{rel}","templated":true}]}}