{"id":1456,"date":"2025-11-20T13:32:15","date_gmt":"2025-11-20T13:32:15","guid":{"rendered":"https:\/\/acecoll.com\/?post_type=product&#038;p=1456"},"modified":"2026-04-07T07:15:40","modified_gmt":"2026-04-07T07:15:40","slug":"ac032-kraftig-stor-kukri-machete","status":"publish","type":"product","link":"https:\/\/acecoll.com\/nb\/product\/ac032-kraftig-stor-kukri-machete\/","title":{"rendered":"AC032 Heavy Duty Large Kukri Machete"},"content":{"rendered":"<p>AC032 er en kraftig Kukri-machete som er utviklet for h\u00f8yintensiv utend\u00f8rs hogging og oppsamling.<\/p>\n<p>Hele kniven har Full Tang-design, noe som sikrer strukturell stabilitet under ekstremt krevende oppgaver.<\/p>\n<p>Bladet er laget av f\u00f8rsteklasses AUS-10 rustfritt st\u00e5l. Etter varmebehandling stabiliserer hardheten seg p\u00e5 62 HRC, noe som gir overlegen eggfasthet og korrosjonsbestandighet.<\/p>\n<p>H\u00e5ndtaket er av Wenge-tre, som gir et solid grep og absorberer st\u00f8t ved hogging.<\/p>\n<p>Sliren er ogs\u00e5 spesiallaget i weng\u00e9tre, og fungerer b\u00e5de som beskyttelse og utstillingsvindu.<\/p>\n<p>Tykkelsen p\u00e5 6 mm kombinert med knivens tunge masse og Kukri-profilens vektfordel gj\u00f8r at AC032 genererer en ekstrem hakkeenergi. Dette gj\u00f8r at den effektivt kan h\u00e5ndtere oppgaver som rydding av stier og vedkl\u00f8yving.<\/p>\n<p>Samtidig gir de f\u00f8rsteklasses materialene og h\u00e5ndverket, sammen med det imponerende utseendet og designet, den en tydelig verdi som et eksklusivt samleobjekt.<\/p>","protected":false},"excerpt":{"rendered":"<p>Samlerobjekt med kraftig estetikk Den massive st\u00f8rrelsen p\u00e5 460 mm (18 tommer), kombinert med et uts\u00f8kt Wenge Wood-h\u00e5ndtak og en spesialtilpasset treslire, skaper et f\u00f8rsteklasses og imponerende utseende. I tillegg til \u00e5 v\u00e6re et robust overlevelsesverkt\u00f8y er den et utstillingsobjekt for kniventusiaster, ideelt for samlinger eller som gave.<\/p>\n<p>F\u00f8rsteklasses st\u00e5lkvalitet med f\u00f8rsteklasses AUS-10 rustfritt st\u00e5l som er varmebehandlet til 62 HRC. Det gir utmerket korrosjonsbestandighet og eksepsjonell kantopprettholdelse.<\/p>\n<p>6 mm tykkelse og ultimat huggekraft Den 6 mm ekstra tykke ryggraden og vekten p\u00e5 866 g (1,9 lbs), kombinert med den foroverveide Kukri-profilen, genererer massiv kraft med minimal innsats. Ideell for jungelrydding, vedhugging og taktiske gjennombruddsoppgaver.<\/p>\n<p>Robust Full Tang-konstruksjon Har en integrert Full Tang-konstruksjon som sikrer strukturell integritet selv under ekstreme belastninger. H\u00e5ndtaket i massivt tre gir et sikkert grep og absorberer effektivt st\u00f8t under tung hugging.<\/p>","protected":false},"featured_media":1461,"comment_status":"open","ping_status":"closed","template":"","meta":{"_acf_changed":false,"inline_featured_image":false,"slim_seo":{"description":"AC032 Kraftig, stor Kukri-machete: Estetisk samlerobjekt med treskjede. Oppfyller taktiske overlevelses- og utstillingskrav. N\u00e5 tilgjengelig, klikk for detaljer!","title":"AC032 Heavy Duty Large Kukri Machete - ACECOLL"}},"product_brand":[],"product_cat":[16,17,26],"product_tag":[],"class_list":{"0":"post-1456","1":"product","2":"type-product","3":"status-publish","4":"has-post-thumbnail","6":"product_cat-fixed-blade-knife","7":"product_cat-full-tang-knives","8":"product_cat-kukri-style-knives","10":"first","11":"instock","12":"taxable","13":"shipping-taxable","14":"purchasable","15":"product-type-simple"},"acf":[],"_links":{"self":[{"href":"https:\/\/acecoll.com\/nb\/wp-json\/wp\/v2\/product\/1456","targetHints":{"allow":["GET"]}}],"collection":[{"href":"https:\/\/acecoll.com\/nb\/wp-json\/wp\/v2\/product"}],"about":[{"href":"https:\/\/acecoll.com\/nb\/wp-json\/wp\/v2\/types\/product"}],"replies":[{"embeddable":true,"href":"https:\/\/acecoll.com\/nb\/wp-json\/wp\/v2\/comments?post=1456"}],"version-history":[{"count":4,"href":"https:\/\/acecoll.com\/nb\/wp-json\/wp\/v2\/product\/1456\/revisions"}],"predecessor-version":[{"id":2032,"href":"https:\/\/acecoll.com\/nb\/wp-json\/wp\/v2\/product\/1456\/revisions\/2032"}],"wp:featuredmedia":[{"embeddable":true,"href":"https:\/\/acecoll.com\/nb\/wp-json\/wp\/v2\/media\/1461"}],"wp:attachment":[{"href":"https:\/\/acecoll.com\/nb\/wp-json\/wp\/v2\/media?parent=1456"}],"wp:term":[{"taxonomy":"product_brand","embeddable":true,"href":"https:\/\/acecoll.com\/nb\/wp-json\/wp\/v2\/product_brand?post=1456"},{"taxonomy":"product_cat","embeddable":true,"href":"https:\/\/acecoll.com\/nb\/wp-json\/wp\/v2\/product_cat?post=1456"},{"taxonomy":"product_tag","embeddable":true,"href":"https:\/\/acecoll.com\/nb\/wp-json\/wp\/v2\/product_tag?post=1456"}],"curies":[{"name":"wp","href":"https:\/\/api.w.org\/{rel}","templated":true}]}}