{"id":1481,"date":"2025-11-20T13:47:11","date_gmt":"2025-11-20T13:47:11","guid":{"rendered":"https:\/\/acecoll.com\/?post_type=product&#038;p=1481"},"modified":"2026-04-07T09:38:19","modified_gmt":"2026-04-07T09:38:19","slug":"ac035-lang-rett-taktisk-overlevelsesmachete","status":"publish","type":"product","link":"https:\/\/acecoll.com\/nb\/product\/ac035-lang-rett-taktisk-overlevelsesmachete\/","title":{"rendered":"AC035 Lang, rett taktisk overlevelsesmachete"},"content":{"rendered":"<p>AC035 er en ekstremt slitesterk, lang, rett taktisk machete. Denne kniven er mer enn bare et samle- og utstillingsobjekt, og den har en robust konstruksjon og eksepsjonell ytelse.<\/p>\n<p>Den forbl\u00f8ffende bladtykkelsen p\u00e5 8 mm og Full-Tang-strukturen sikrer kraftig hakking og ekstreme overlevelsesevner utend\u00f8rs.<\/p>\n<p>Bladet er laget av det eksklusive T440-pulverst\u00e5let. Dette er et f\u00f8rsteklasses st\u00e5l som gir overlegen h\u00f8y hardhet, slitestyrke og korrosjonsbestandighet. Det garanterer at eggen holder lenge.<\/p>\n<p>H\u00e5ndtaket er laget av utvalgt tremateriale. Det gir et solid og p\u00e5litelig grep som gjenspeiler den resolutte karakteren til en klassisk stridskniv.<\/p>\n<p>Den leveres med en spesialtilpasset skinnhylse av h\u00f8y kvalitet. Dette \u00f8ker AC035s samlingsverdi og generelle prestisje betydelig. Sliren gj\u00f8r den ogs\u00e5 lett \u00e5 ta med seg n\u00e5r du skal rydde i bushen eller utf\u00f8re overlevelsesoppgaver utend\u00f8rs.<\/p>","protected":false},"excerpt":{"rendered":"<p>Ultra-holdbar konstruksjon og ytelse: Bladet har en tykkelse p\u00e5 8 mm, noe som gir uovertruffen robusthet og slagfasthet som overg\u00e5r standard machetespesifikasjoner. Full-Tang-designet sikrer eksepsjonell ytelse under ekstreme hogst- og feltoperasjoner.<br \/>\nBlad i T440 pulverst\u00e5l: Konstruert med det eksklusive T440-pulverst\u00e5let. Dette er et f\u00f8rsteklasses st\u00e5l som kombinerer h\u00f8y hardhet, overlegen slitestyrke og p\u00e5litelig korrosjonsbestandighet, noe som sikrer at eggen holder seg godt og lenge.<br \/>\nLang, rett og taktisk design: Har et 410 mm (16,14 tommer) langt, rett blad og en unik sagrygg med to funksjoner. Det integrerer hugg-, kl\u00f8yve- og skj\u00e6refunksjoner, designet for taktisk overlevelse og tung rydding utend\u00f8rs.<br \/>\nMaterialer og h\u00e5ndverk som kan samles p\u00e5: AC035 oppn\u00e5r h\u00f8y samlings- og utstillingsverdi ved \u00e5 balansere nytteverdi og estetikk. Dette kommer tydelig frem i det h\u00f8ytytende st\u00e5let, det utvalgte treh\u00e5ndtaket (som gir et solid grep) og den generelle f\u00f8rsteklasses finishen og h\u00e5ndverket.<\/p>","protected":false},"featured_media":1482,"comment_status":"open","ping_status":"closed","template":"","meta":{"_acf_changed":false,"inline_featured_image":false,"slim_seo":{"description":"AC035 Lang taktisk overlevelsesmachete: Passer for premiumsamling, sammen med ekstrem bushcraft og tung rydding. N\u00e5 fullt lansert. Oppdag ytelsen.","title":"AC035 Long Straight Tactical Survival Machete - ACECOLL"}},"product_brand":[],"product_cat":[16,17,18],"product_tag":[],"class_list":{"0":"post-1481","1":"product","2":"type-product","3":"status-publish","4":"has-post-thumbnail","6":"product_cat-fixed-blade-knife","7":"product_cat-full-tang-knives","8":"product_cat-survival-knives","10":"first","11":"instock","12":"taxable","13":"shipping-taxable","14":"purchasable","15":"product-type-simple"},"acf":[],"_links":{"self":[{"href":"https:\/\/acecoll.com\/nb\/wp-json\/wp\/v2\/product\/1481","targetHints":{"allow":["GET"]}}],"collection":[{"href":"https:\/\/acecoll.com\/nb\/wp-json\/wp\/v2\/product"}],"about":[{"href":"https:\/\/acecoll.com\/nb\/wp-json\/wp\/v2\/types\/product"}],"replies":[{"embeddable":true,"href":"https:\/\/acecoll.com\/nb\/wp-json\/wp\/v2\/comments?post=1481"}],"version-history":[{"count":4,"href":"https:\/\/acecoll.com\/nb\/wp-json\/wp\/v2\/product\/1481\/revisions"}],"predecessor-version":[{"id":2039,"href":"https:\/\/acecoll.com\/nb\/wp-json\/wp\/v2\/product\/1481\/revisions\/2039"}],"wp:featuredmedia":[{"embeddable":true,"href":"https:\/\/acecoll.com\/nb\/wp-json\/wp\/v2\/media\/1482"}],"wp:attachment":[{"href":"https:\/\/acecoll.com\/nb\/wp-json\/wp\/v2\/media?parent=1481"}],"wp:term":[{"taxonomy":"product_brand","embeddable":true,"href":"https:\/\/acecoll.com\/nb\/wp-json\/wp\/v2\/product_brand?post=1481"},{"taxonomy":"product_cat","embeddable":true,"href":"https:\/\/acecoll.com\/nb\/wp-json\/wp\/v2\/product_cat?post=1481"},{"taxonomy":"product_tag","embeddable":true,"href":"https:\/\/acecoll.com\/nb\/wp-json\/wp\/v2\/product_tag?post=1481"}],"curies":[{"name":"wp","href":"https:\/\/api.w.org\/{rel}","templated":true}]}}