{"id":1940,"date":"2026-01-05T14:01:53","date_gmt":"2026-01-05T14:01:53","guid":{"rendered":"https:\/\/acecoll.com\/?post_type=product&#038;p=1940"},"modified":"2026-04-08T13:53:32","modified_gmt":"2026-04-08T13:53:32","slug":"ac036-lang-kniv-med-fast-blad-i-displaykvalitet","status":"publish","type":"product","link":"https:\/\/acecoll.com\/nb\/product\/ac036-lang-kniv-med-fast-blad-i-displaykvalitet\/","title":{"rendered":"AC036 Lang kniv med fast blad i utstillingsmodell"},"content":{"rendered":"<p>AC036 Display-Grade Collector's Long Fixed Blade Knife har en rett, ren bladprofil med et raffinert, minimalistisk utseende. Kniven er smidd av AUS-10-st\u00e5l og utstyrt med en skinnskede, og den er designet for samling og utstilling.<\/p>","protected":false},"excerpt":{"rendered":"<ul>\n<li>Rett, ren og lang bladprofil<\/li>\n<li>Smidd av AUS-10-st\u00e5l<\/li>\n<li>Inkluderer skinnhylse<\/li>\n<li>Egnet for innsamling og utstilling<\/li>\n<\/ul>","protected":false},"featured_media":2052,"comment_status":"open","ping_status":"closed","template":"","meta":{"_acf_changed":false,"inline_featured_image":false,"slim_seo":{"description":"AC036 Display-Grade Collector's Long Fixed Blade Knife smidd av AUS-10-st\u00e5l med rett bladprofil. Inkluderer skinnslire, Klikk for \u00e5 l\u00e6re mer!","title":"AC036 Display-Grade Long Fixed Blade Knife - ACECOLL"}},"product_brand":[],"product_cat":[16],"product_tag":[],"class_list":{"0":"post-1940","1":"product","2":"type-product","3":"status-publish","4":"has-post-thumbnail","6":"product_cat-fixed-blade-knife","8":"first","9":"instock","10":"taxable","11":"shipping-taxable","12":"purchasable","13":"product-type-simple"},"acf":[],"_links":{"self":[{"href":"https:\/\/acecoll.com\/nb\/wp-json\/wp\/v2\/product\/1940","targetHints":{"allow":["GET"]}}],"collection":[{"href":"https:\/\/acecoll.com\/nb\/wp-json\/wp\/v2\/product"}],"about":[{"href":"https:\/\/acecoll.com\/nb\/wp-json\/wp\/v2\/types\/product"}],"replies":[{"embeddable":true,"href":"https:\/\/acecoll.com\/nb\/wp-json\/wp\/v2\/comments?post=1940"}],"version-history":[{"count":7,"href":"https:\/\/acecoll.com\/nb\/wp-json\/wp\/v2\/product\/1940\/revisions"}],"predecessor-version":[{"id":2060,"href":"https:\/\/acecoll.com\/nb\/wp-json\/wp\/v2\/product\/1940\/revisions\/2060"}],"wp:featuredmedia":[{"embeddable":true,"href":"https:\/\/acecoll.com\/nb\/wp-json\/wp\/v2\/media\/2052"}],"wp:attachment":[{"href":"https:\/\/acecoll.com\/nb\/wp-json\/wp\/v2\/media?parent=1940"}],"wp:term":[{"taxonomy":"product_brand","embeddable":true,"href":"https:\/\/acecoll.com\/nb\/wp-json\/wp\/v2\/product_brand?post=1940"},{"taxonomy":"product_cat","embeddable":true,"href":"https:\/\/acecoll.com\/nb\/wp-json\/wp\/v2\/product_cat?post=1940"},{"taxonomy":"product_tag","embeddable":true,"href":"https:\/\/acecoll.com\/nb\/wp-json\/wp\/v2\/product_tag?post=1940"}],"curies":[{"name":"wp","href":"https:\/\/api.w.org\/{rel}","templated":true}]}}