{"id":219,"date":"2025-10-28T07:38:40","date_gmt":"2025-10-28T07:38:40","guid":{"rendered":"https:\/\/acecoll.com\/?post_type=product&#038;p=219"},"modified":"2025-11-12T16:29:18","modified_gmt":"2025-11-12T16:29:18","slug":"af004-medium-tanto-taktisk-overlevelseskniv","status":"publish","type":"product","link":"https:\/\/acecoll.com\/nb\/product\/af004-medium-tanto-taktisk-overlevelseskniv\/","title":{"rendered":"AC004 Medium Tanto taktisk kniv og overlevelseskniv"},"content":{"rendered":"<p>ACECOLL AC004, laget for utforsking utend\u00f8rs og allsidig bruk. SKD-11-st\u00e5lbladet er h\u00e5ndlaget med en h\u00e5ndfinish i sateng, b\u00e5de attraktivt og praktisk.<\/p>\n<p>Fulltangskonstruksjon med ergonomisk, sklisikkert G10-h\u00e5ndtak sikrer et solid og p\u00e5litelig grep, selv ved v\u00e5t eller tung bruk.<\/p>\n<p>Den justerbare Kydex-kappen med hull for snorer i h\u00e5ndtaksenden gj\u00f8r den enkel \u00e5 oppbevare og b\u00e6re, enten det er i beltet eller p\u00e5 ryggsekken.<\/p>\n<p>AC004 er en p\u00e5litelig f\u00f8lgesvenn p\u00e5 camping, fotturer, bushcraft eller andre utend\u00f8rsopplevelser.<\/p>","protected":false},"excerpt":{"rendered":"<p>Profesjonell bladdesign: 8,46-tommers Tanto-blad med h\u00e5ndbehandlet satengvask. 6 mm tykt, kombinerer skj\u00e6re-, gjennomborings- og hakkeegenskaper for ulike utend\u00f8rsoppgaver.<\/p>\n<p>Premium st\u00e5l: H\u00e5ndsmidd SKD-11-st\u00e5l med en hardhet p\u00e5 61 HRC. Skarp, holdbar og motstandsdyktig mot slitasje og korrosjon.<\/p>\n<p>Fulltang-konstruksjon: Blad i ett stykke kombinert med et sklisikkert G10-h\u00e5ndtak som gir et solid og sikkert grep.<\/p>\n<p>Kydex-slire: Svart og r\u00f8d justerbar hylse, st\u00f8tter flere b\u00e6revinkler, praktisk for feste i belte eller ryggsekk.<\/p>\n<p>Allsidig bruk: Passer til camping, fotturer og overlevelsesaktiviteter i jungelen.<\/p>","protected":false},"featured_media":249,"comment_status":"open","ping_status":"closed","template":"","meta":{"_acf_changed":false,"inline_featured_image":false,"slim_seo":{"description":"AC004 Tanto Tactical Survival Knife, h\u00e5ndsmidd SKD-11-st\u00e5l, satinvasket blad, full tange, G10-h\u00e5ndtak, Kydex-slire. Ideell for camping, fotturer og bushcraft. Handle n\u00e5 for \u00e5 l\u00e6re mer.","title":"AC004 Medium Tanto Tactical & Survival Knife - ACECOLL"}},"product_brand":[],"product_cat":[16,18,19,21],"product_tag":[],"class_list":{"0":"post-219","1":"product","2":"type-product","3":"status-publish","4":"has-post-thumbnail","6":"product_cat-fixed-blade-knife","7":"product_cat-survival-knives","8":"product_cat-tactical-knives","9":"product_cat-tanto-knives","11":"first","12":"instock","13":"taxable","14":"shipping-taxable","15":"purchasable","16":"product-type-simple"},"acf":[],"_links":{"self":[{"href":"https:\/\/acecoll.com\/nb\/wp-json\/wp\/v2\/product\/219","targetHints":{"allow":["GET"]}}],"collection":[{"href":"https:\/\/acecoll.com\/nb\/wp-json\/wp\/v2\/product"}],"about":[{"href":"https:\/\/acecoll.com\/nb\/wp-json\/wp\/v2\/types\/product"}],"replies":[{"embeddable":true,"href":"https:\/\/acecoll.com\/nb\/wp-json\/wp\/v2\/comments?post=219"}],"version-history":[{"count":4,"href":"https:\/\/acecoll.com\/nb\/wp-json\/wp\/v2\/product\/219\/revisions"}],"predecessor-version":[{"id":1221,"href":"https:\/\/acecoll.com\/nb\/wp-json\/wp\/v2\/product\/219\/revisions\/1221"}],"wp:featuredmedia":[{"embeddable":true,"href":"https:\/\/acecoll.com\/nb\/wp-json\/wp\/v2\/media\/249"}],"wp:attachment":[{"href":"https:\/\/acecoll.com\/nb\/wp-json\/wp\/v2\/media?parent=219"}],"wp:term":[{"taxonomy":"product_brand","embeddable":true,"href":"https:\/\/acecoll.com\/nb\/wp-json\/wp\/v2\/product_brand?post=219"},{"taxonomy":"product_cat","embeddable":true,"href":"https:\/\/acecoll.com\/nb\/wp-json\/wp\/v2\/product_cat?post=219"},{"taxonomy":"product_tag","embeddable":true,"href":"https:\/\/acecoll.com\/nb\/wp-json\/wp\/v2\/product_tag?post=219"}],"curies":[{"name":"wp","href":"https:\/\/api.w.org\/{rel}","templated":true}]}}