{"id":220,"date":"2025-10-28T07:38:40","date_gmt":"2025-10-28T07:38:40","guid":{"rendered":"https:\/\/acecoll.com\/?post_type=product&#038;p=220"},"modified":"2026-02-11T07:19:06","modified_gmt":"2026-02-11T07:19:06","slug":"af005-overlevelseskniv-bowie-solv-95x18-vanadiumstal","status":"publish","type":"product","link":"https:\/\/acecoll.com\/nb\/product\/af005-overlevelseskniv-bowie-solv-95x18-vanadiumstal\/","title":{"rendered":"AC005 Bowie-kniv med fullt skaft"},"content":{"rendered":"<p>ACECOLL er en Bowie-kniv som er utviklet for friluftsliv og krevende oppgaver:<\/p>\n<p>Den m\u00e5ler 13,39 tommer i total lengde, med et blad p\u00e5 8,46 tommer og en 6 mm tykk ryggrad. Det er i stand til \u00e5 hogge ved, skj\u00e6re og h\u00e5ndtere hverdagslige utend\u00f8rsoppgaver med letthet.<\/p>\n<p>Fulltangskonstruksjon med tre gjennomg\u00e5ende nagler p\u00e5 h\u00e5ndtaket \u00f8ker den generelle styrken og p\u00e5liteligheten ytterligere.<\/p>\n<p>Det svarte treh\u00e5ndtaket har en konkav, sklisikker tekstur som gir et komfortabelt og sikkert grep, selv under v\u00e5te forhold eller ved tung bruk.<\/p>\n<p>Leveres med en slitesterk, men likevel lett, svart l\u00e6rhylse med beltestropp. Den kan b\u00e6res vertikalt i midjen for enkel b\u00e6ring og rask tilgang.<\/p>\n<p>AC005 er en praktisk Bowie-kniv du kan stole p\u00e5, enten du skal p\u00e5 camping, fotturer, bushcraft eller andre utend\u00f8rsopplevelser.<\/p>","protected":false},"excerpt":{"rendered":"<p>Premium st\u00e5l: H\u00e5ndsmidd 95\u00d718 vanadiumst\u00e5l med h\u00f8y hardhet og utmerket slitestyrke, noe som sikrer enest\u00e5ende skarphet og holdbarhet.<br \/>\nFulltang-konstruksjon: Knivblad i ett stykke med tre gjennomg\u00e5ende nagler for st\u00f8rre stabilitet og p\u00e5litelighet.<br \/>\nErgonomisk h\u00e5ndtak: Svart micarta-treh\u00e5ndtak med konkav, sklisikker tekstur som gir et godt grep selv under v\u00e5te forhold eller ved tung bruk.<br \/>\nSkaft i l\u00e6r: Slitesterk og lett slire med beltestropp som er enkel \u00e5 b\u00e6re og gir rask tilgang.<br \/>\nAllsidig bruk: Perfekt for camping, fotturer, vedhugging, n\u00f8dssituasjoner og andre utend\u00f8rsopplevelser. En p\u00e5litelig f\u00f8lgesvenn for utend\u00f8rsaktiviteter.<\/p>","protected":false},"featured_media":255,"comment_status":"open","ping_status":"closed","template":"","meta":{"_acf_changed":false,"inline_featured_image":false,"slim_seo":{"description":"AC005 Large Full-Tang Bowie Knife, premium st\u00e5l, full-tang konstruksjon. Perfekt for camping, fotturer, vedhugging, bushcraft og utend\u00f8rsopplevelser. Varmt salg, klikk for \u00e5 l\u00e6re mer!","title":"AC005 Full-Tang Bowie Knife - ACECOLL"}},"product_brand":[],"product_cat":[22,16,18],"product_tag":[],"class_list":{"0":"post-220","1":"product","2":"type-product","3":"status-publish","4":"has-post-thumbnail","6":"product_cat-bowie-knife","7":"product_cat-fixed-blade-knife","8":"product_cat-survival-knives","10":"first","11":"instock","12":"taxable","13":"shipping-taxable","14":"purchasable","15":"product-type-simple"},"acf":[],"_links":{"self":[{"href":"https:\/\/acecoll.com\/nb\/wp-json\/wp\/v2\/product\/220","targetHints":{"allow":["GET"]}}],"collection":[{"href":"https:\/\/acecoll.com\/nb\/wp-json\/wp\/v2\/product"}],"about":[{"href":"https:\/\/acecoll.com\/nb\/wp-json\/wp\/v2\/types\/product"}],"replies":[{"embeddable":true,"href":"https:\/\/acecoll.com\/nb\/wp-json\/wp\/v2\/comments?post=220"}],"version-history":[{"count":5,"href":"https:\/\/acecoll.com\/nb\/wp-json\/wp\/v2\/product\/220\/revisions"}],"predecessor-version":[{"id":1235,"href":"https:\/\/acecoll.com\/nb\/wp-json\/wp\/v2\/product\/220\/revisions\/1235"}],"wp:featuredmedia":[{"embeddable":true,"href":"https:\/\/acecoll.com\/nb\/wp-json\/wp\/v2\/media\/255"}],"wp:attachment":[{"href":"https:\/\/acecoll.com\/nb\/wp-json\/wp\/v2\/media?parent=220"}],"wp:term":[{"taxonomy":"product_brand","embeddable":true,"href":"https:\/\/acecoll.com\/nb\/wp-json\/wp\/v2\/product_brand?post=220"},{"taxonomy":"product_cat","embeddable":true,"href":"https:\/\/acecoll.com\/nb\/wp-json\/wp\/v2\/product_cat?post=220"},{"taxonomy":"product_tag","embeddable":true,"href":"https:\/\/acecoll.com\/nb\/wp-json\/wp\/v2\/product_tag?post=220"}],"curies":[{"name":"wp","href":"https:\/\/api.w.org\/{rel}","templated":true}]}}