{"id":221,"date":"2025-10-28T07:38:40","date_gmt":"2025-10-28T07:38:40","guid":{"rendered":"https:\/\/acecoll.com\/?post_type=product&#038;p=221"},"modified":"2026-02-11T07:19:18","modified_gmt":"2026-02-11T07:19:18","slug":"af006-jaktkniv-i-m390-stal-for-utendors-jakt-og-overlevelse","status":"publish","type":"product","link":"https:\/\/acecoll.com\/nb\/product\/af006-jaktkniv-i-m390-stal-for-utendors-jakt-og-overlevelse\/","title":{"rendered":"AC006 Bowie-kniv for jakt og overlevelse utend\u00f8rs"},"content":{"rendered":"<p>AC006 Classic Hunting Bowie Knife is a premium outdoor knife that combines practicality with collectible value.<\/p>\n<p>Laget av h\u00f8ykvalitets M390 pulverst\u00e5l og h\u00e5ndsmidd for varig skarphet. Fulltangkonstruksjonen sikrer at bladet er solid og p\u00e5litelig, og opprettholder utmerket stabilitet selv under tung bruk.<\/p>\n<p>H\u00e5ndtaket er laget av naturlig rosentre og leveres med en skinnhylse av h\u00f8y kvalitet som gj\u00f8r den enkel \u00e5 b\u00e6re i beltet. AC006 gir enest\u00e5ende skj\u00e6reytelse og kontroll, enten det er til jakt, camping, overlevelse eller friluftsliv.<\/p>","protected":false},"excerpt":{"rendered":"<p>F\u00f8rsteklasses blad i M390 pulverst\u00e5l: Laget av M390 rustfritt pulverst\u00e5l for eksepsjonell skarphet og holdbarhet.<br \/>\nH\u00e5ndlaget med presisjon: Hver kniv er smidd og polert av dyktige h\u00e5ndverkere, noe som gir den enest\u00e5ende h\u00e5ndverksmessige kvaliteten og samlerverdien.<br \/>\nFulltang-konstruksjon: Bladet og h\u00e5ndtaket er formet i ett stykke, noe som gir h\u00f8y styrke og utmerket stabilitet.<br \/>\nH\u00e5ndtak i rosentre: H\u00e5ndtaket i rosentre gir et solid, sklisikkert grep som er komfortabelt ogs\u00e5 ved langvarig bruk.<br \/>\nL\u00e6rhylse av h\u00f8y kvalitet: Leveres med en fint utformet l\u00e6rhylse med detaljerte m\u00f8nstre, beltestropp og trykknapp for praktisk b\u00e6ring.<br \/>\nAllsidig utend\u00f8rs bruk: Perfekt for jakt, camping, overlevelse og beskyttelse utend\u00f8rs - din p\u00e5litelige f\u00f8lgesvenn i alle villmarkseventyr.<\/p>","protected":false},"featured_media":262,"comment_status":"open","ping_status":"closed","template":"","meta":{"_acf_changed":false,"inline_featured_image":false,"slim_seo":{"title":"Bowie-kniv for jakt og overlevelse utend\u00f8rs - ACECOLL","description":"AC006 Classic Hunting Bowie Knife er laget av f\u00f8rsteklasses st\u00e5l, h\u00e5ndsmidd og utstyrt med en skinnskede av h\u00f8y kvalitet som gj\u00f8r den enkel \u00e5 b\u00e6re. Perfekt for jakt, camping, overlevelse og friluftsliv. Storselger n\u00e5 - klikk for \u00e5 l\u00e6re mer!"}},"product_brand":[],"product_cat":[16,23],"product_tag":[],"class_list":{"0":"post-221","1":"product","2":"type-product","3":"status-publish","4":"has-post-thumbnail","6":"product_cat-fixed-blade-knife","7":"product_cat-hunting-knives","9":"first","10":"instock","11":"taxable","12":"shipping-taxable","13":"purchasable","14":"product-type-simple"},"acf":[],"_links":{"self":[{"href":"https:\/\/acecoll.com\/nb\/wp-json\/wp\/v2\/product\/221","targetHints":{"allow":["GET"]}}],"collection":[{"href":"https:\/\/acecoll.com\/nb\/wp-json\/wp\/v2\/product"}],"about":[{"href":"https:\/\/acecoll.com\/nb\/wp-json\/wp\/v2\/types\/product"}],"replies":[{"embeddable":true,"href":"https:\/\/acecoll.com\/nb\/wp-json\/wp\/v2\/comments?post=221"}],"version-history":[{"count":8,"href":"https:\/\/acecoll.com\/nb\/wp-json\/wp\/v2\/product\/221\/revisions"}],"predecessor-version":[{"id":1322,"href":"https:\/\/acecoll.com\/nb\/wp-json\/wp\/v2\/product\/221\/revisions\/1322"}],"wp:featuredmedia":[{"embeddable":true,"href":"https:\/\/acecoll.com\/nb\/wp-json\/wp\/v2\/media\/262"}],"wp:attachment":[{"href":"https:\/\/acecoll.com\/nb\/wp-json\/wp\/v2\/media?parent=221"}],"wp:term":[{"taxonomy":"product_brand","embeddable":true,"href":"https:\/\/acecoll.com\/nb\/wp-json\/wp\/v2\/product_brand?post=221"},{"taxonomy":"product_cat","embeddable":true,"href":"https:\/\/acecoll.com\/nb\/wp-json\/wp\/v2\/product_cat?post=221"},{"taxonomy":"product_tag","embeddable":true,"href":"https:\/\/acecoll.com\/nb\/wp-json\/wp\/v2\/product_tag?post=221"}],"curies":[{"name":"wp","href":"https:\/\/api.w.org\/{rel}","templated":true}]}}