{"id":222,"date":"2025-10-28T07:38:40","date_gmt":"2025-10-28T07:38:40","guid":{"rendered":"https:\/\/acecoll.com\/?post_type=product&#038;p=222"},"modified":"2026-02-11T07:19:31","modified_gmt":"2026-02-11T07:19:31","slug":"af007-taktisk-tantokniv-speilblank-10cr18mov-stal","status":"publish","type":"product","link":"https:\/\/acecoll.com\/nb\/product\/af007-taktisk-tantokniv-speilblank-10cr18mov-stal\/","title":{"rendered":"AC007 Tanto Fixed Blade Knife"},"content":{"rendered":"<p>AC007 Full-Tang Japanese-Style Tanto Fixed Blade Knife er en avansert kniv som forener \u00f8stlig estetikk med praktisk ytelse.<\/p>\n<p>Bladet er h\u00e5ndsmidd av f\u00f8rsteklasses 10Cr18MoV-st\u00e5l, noe som gj\u00f8r det sterkt og sylskarpt. Den geometriske Tanto-spissen gir utmerket piercing-evne, samtidig som den viser frem det raffinerte japanske h\u00e5ndverket.<\/p>\n<p>H\u00e5ndtaket er laget av naturlig asketre, n\u00f8ye utsk\u00e5ret og polert av dyktige h\u00e5ndverkere for \u00e5 gi et komfortabelt og sikkert grep. Kombinert med full-tang-konstruksjonen sikrer det p\u00e5litelig kontroll i alle utemilj\u00f8er.<\/p>\n<p>Et skinnhylster av h\u00f8y kvalitet gir en jevn og god passform for sikker og praktisk b\u00e6ring.<\/p>\n<p>AC007 er et mesterverk som forener skj\u00f8nnhet og ytelse, enten det er til friluftsliv, camping eller samling og utstilling.<\/p>","protected":false},"excerpt":{"rendered":"<div class=\"chat-turn-container model render\" tabindex=\"-1\" data-immersive-translate-walked=\"48a44ed9-a323-49f0-9b89-81f8dcac3def\">\n<div class=\"model-prompt-container\" data-turn-role=\"Model\" data-immersive-translate-walked=\"48a44ed9-a323-49f0-9b89-81f8dcac3def\">\n<div class=\"turn-content\" data-immersive-translate-walked=\"48a44ed9-a323-49f0-9b89-81f8dcac3def\">\n<div class=\"chat-turn-container model render\" tabindex=\"-1\" data-immersive-translate-walked=\"48a44ed9-a323-49f0-9b89-81f8dcac3def\">\n<div class=\"model-prompt-container\" data-turn-role=\"Model\" data-immersive-translate-walked=\"48a44ed9-a323-49f0-9b89-81f8dcac3def\">\n<div class=\"turn-content\" data-immersive-translate-walked=\"48a44ed9-a323-49f0-9b89-81f8dcac3def\">\n<ul>\n<li><strong>Kombinerer h\u00e5ndverk og samleregenskaper:<\/strong> Det klassiske utseendet, den raffinerte utf\u00f8relsen og de f\u00f8rsteklasses materialene gj\u00f8r den ikke bare til et praktisk verkt\u00f8y, men ogs\u00e5 til et kunstverk med samlerverdi.<\/li>\n<li><strong>Premium st\u00e5l:<\/strong> H\u00e5ndsmidd av f\u00f8rsteklasses \u201c10Cr18MoV\u201d-st\u00e5l.<\/li>\n<li><strong>Uts\u00f8kt h\u00e5ndsliping:<\/strong> Bladets overflate er blank og glatt, med en polert st\u00e5lrefleksjon som viser avanserte slipeteknikker og godt h\u00e5ndverksmessig h\u00e5ndverk.<\/li>\n<li><strong>Geometrisk Tanto-bladspiss:<\/strong> Den skarpe spissen gir en sterk gjennomboringskraft og et eksepsjonelt estetisk utseende.<\/li>\n<li><strong>H\u00e5ndtak i asketre:<\/strong> N\u00f8ye utsk\u00e5ret og polert av erfarne h\u00e5ndverkere, og kombinerer komfort og raffinert utseende.<\/li>\n<li><strong>Skaft i l\u00e6r av h\u00f8y kvalitet:<\/strong> H\u00e5ndsydd med detaljerte m\u00f8nstre og en jevn passform n\u00e5r den er lukket, noe som gjenspeiler en sterk japansk estetikk.<\/li>\n<\/ul>\n<\/div>\n<\/div>\n<\/div>\n<\/div>\n<\/div>\n<\/div>","protected":false},"featured_media":269,"comment_status":"open","ping_status":"closed","template":"","meta":{"_acf_changed":false,"inline_featured_image":false,"slim_seo":{"description":"AC007 Japansk Tanto fastbladkniv med fast blad, enten den brukes til utend\u00f8rsopplevelser eller som utstillingsobjekt i samlingen. N\u00e5 tilgjengelig. Klikk her for mer informasjon.","title":"AC007 Tanto Fixed Blade Knife - ACECOLL"}},"product_brand":[],"product_cat":[16,21],"product_tag":[],"class_list":{"0":"post-222","1":"product","2":"type-product","3":"status-publish","4":"has-post-thumbnail","6":"product_cat-fixed-blade-knife","7":"product_cat-tanto-knives","9":"first","10":"instock","11":"taxable","12":"shipping-taxable","13":"purchasable","14":"product-type-simple"},"acf":[],"_links":{"self":[{"href":"https:\/\/acecoll.com\/nb\/wp-json\/wp\/v2\/product\/222","targetHints":{"allow":["GET"]}}],"collection":[{"href":"https:\/\/acecoll.com\/nb\/wp-json\/wp\/v2\/product"}],"about":[{"href":"https:\/\/acecoll.com\/nb\/wp-json\/wp\/v2\/types\/product"}],"replies":[{"embeddable":true,"href":"https:\/\/acecoll.com\/nb\/wp-json\/wp\/v2\/comments?post=222"}],"version-history":[{"count":5,"href":"https:\/\/acecoll.com\/nb\/wp-json\/wp\/v2\/product\/222\/revisions"}],"predecessor-version":[{"id":897,"href":"https:\/\/acecoll.com\/nb\/wp-json\/wp\/v2\/product\/222\/revisions\/897"}],"wp:featuredmedia":[{"embeddable":true,"href":"https:\/\/acecoll.com\/nb\/wp-json\/wp\/v2\/media\/269"}],"wp:attachment":[{"href":"https:\/\/acecoll.com\/nb\/wp-json\/wp\/v2\/media?parent=222"}],"wp:term":[{"taxonomy":"product_brand","embeddable":true,"href":"https:\/\/acecoll.com\/nb\/wp-json\/wp\/v2\/product_brand?post=222"},{"taxonomy":"product_cat","embeddable":true,"href":"https:\/\/acecoll.com\/nb\/wp-json\/wp\/v2\/product_cat?post=222"},{"taxonomy":"product_tag","embeddable":true,"href":"https:\/\/acecoll.com\/nb\/wp-json\/wp\/v2\/product_tag?post=222"}],"curies":[{"name":"wp","href":"https:\/\/api.w.org\/{rel}","templated":true}]}}