{"id":223,"date":"2025-10-28T07:38:40","date_gmt":"2025-10-28T07:38:40","guid":{"rendered":"https:\/\/acecoll.com\/?post_type=product&#038;p=223"},"modified":"2025-11-29T03:53:10","modified_gmt":"2025-11-29T03:53:10","slug":"af008-taktisk-kniv-i-usmc-stil-d2-stal-med-stablet-trehandtak","status":"publish","type":"product","link":"https:\/\/acecoll.com\/nb\/product\/af008-taktisk-kniv-i-usmc-stil-d2-stal-med-stablet-trehandtak\/","title":{"rendered":"AC008 Taktisk kniv i marinestil med klipsespiss"},"content":{"rendered":"<p>AC008 Clip Point Marine-Style Tactical &amp; Survival Knife is a classic-style tactical field knife.<\/p>\n<p>Bladet er h\u00e5ndsmidd av h\u00f8yfast D2-st\u00e5l, noe som gj\u00f8r det solid og skarpt. Det klassiske Clip Point-designet gir utmerket gjennomslagskraft og skj\u00e6rekontroll, og representerer den praktiske og sterke marinekniven.<\/p>\n<p>Det finpolerte treh\u00e5ndtaket gir et sikkert og komfortabelt grep, og opprettholder p\u00e5litelig kontroll selv under v\u00e5te eller ekstreme forhold.<\/p>\n<p>Den leveres med en skinnhylse av h\u00f8y kvalitet som kan b\u00e6res vertikalt i et belte eller en stropp, slik at den er lett tilgjengelig og lett \u00e5 b\u00e6re.<\/p>\n<p>Enten det gjelder jakt, camping, overlevelse eller friluftsliv, er AC008 en p\u00e5litelig f\u00f8lgesvenn som kombinerer klassisk stil med overlegen ytelse.<\/p>","protected":false},"excerpt":{"rendered":"<ul>\n<li><strong>Klassisk design:<\/strong> Inspirert av den tradisjonelle taktiske kniven i marinestil, med et robust utseende som kombinerer kraft og samlerverdi.<\/li>\n<li><strong>Premium st\u00e5l:<\/strong> H\u00e5ndsmidd av h\u00f8yfast D2-st\u00e5l, hardt og skarpt.<\/li>\n<li><strong>Stablede treh\u00e5ndtak:<\/strong> Den klassiske konturformede designen sikrer et komfortabelt, sklisikkert grep under alle forhold.<\/li>\n<li><strong>Skinnhylse:<\/strong> Leveres med skinnhylse for enkel b\u00e6ring i beltet eller vertikalt, praktisk for b\u00e5de tilgang og oppbevaring.<\/li>\n<li><strong>Allsidig bruk:<\/strong> Egnet for utend\u00f8rs skj\u00e6ring, b\u00e5ltenning, matlaging og overlevelse - din p\u00e5litelige f\u00f8lgesvenn p\u00e5 alle eventyr.<\/li>\n<\/ul>","protected":false},"featured_media":275,"comment_status":"open","ping_status":"closed","template":"","meta":{"_acf_changed":false,"inline_featured_image":false,"slim_seo":{"description":"AC008 Clip Point Marine-Style Tactical &amp; Survival Knife er din p\u00e5litelige f\u00f8lgesvenn for jakt, camping, overlevelse og utend\u00f8rsopplevelser. Storselger n\u00e5 - klikk for \u00e5 l\u00e6re mer!","title":"AC008 Clip Point Marine-Style Tactical Knife - ACECOLL"}},"product_brand":[],"product_cat":[16,19],"product_tag":[],"class_list":{"0":"post-223","1":"product","2":"type-product","3":"status-publish","4":"has-post-thumbnail","6":"product_cat-fixed-blade-knife","7":"product_cat-tactical-knives","9":"first","10":"instock","11":"taxable","12":"shipping-taxable","13":"purchasable","14":"product-type-variable"},"acf":[],"_links":{"self":[{"href":"https:\/\/acecoll.com\/nb\/wp-json\/wp\/v2\/product\/223","targetHints":{"allow":["GET"]}}],"collection":[{"href":"https:\/\/acecoll.com\/nb\/wp-json\/wp\/v2\/product"}],"about":[{"href":"https:\/\/acecoll.com\/nb\/wp-json\/wp\/v2\/types\/product"}],"replies":[{"embeddable":true,"href":"https:\/\/acecoll.com\/nb\/wp-json\/wp\/v2\/comments?post=223"}],"version-history":[{"count":5,"href":"https:\/\/acecoll.com\/nb\/wp-json\/wp\/v2\/product\/223\/revisions"}],"predecessor-version":[{"id":1688,"href":"https:\/\/acecoll.com\/nb\/wp-json\/wp\/v2\/product\/223\/revisions\/1688"}],"wp:featuredmedia":[{"embeddable":true,"href":"https:\/\/acecoll.com\/nb\/wp-json\/wp\/v2\/media\/275"}],"wp:attachment":[{"href":"https:\/\/acecoll.com\/nb\/wp-json\/wp\/v2\/media?parent=223"}],"wp:term":[{"taxonomy":"product_brand","embeddable":true,"href":"https:\/\/acecoll.com\/nb\/wp-json\/wp\/v2\/product_brand?post=223"},{"taxonomy":"product_cat","embeddable":true,"href":"https:\/\/acecoll.com\/nb\/wp-json\/wp\/v2\/product_cat?post=223"},{"taxonomy":"product_tag","embeddable":true,"href":"https:\/\/acecoll.com\/nb\/wp-json\/wp\/v2\/product_tag?post=223"}],"curies":[{"name":"wp","href":"https:\/\/api.w.org\/{rel}","templated":true}]}}