{"id":226,"date":"2025-10-28T07:38:41","date_gmt":"2025-10-28T07:38:41","guid":{"rendered":"https:\/\/acecoll.com\/?post_type=product&#038;p=226"},"modified":"2026-02-11T07:21:02","modified_gmt":"2026-02-11T07:21:02","slug":"af011-taktisk-overlevelseskniv-dc53-stal-svart-g10-handtak","status":"publish","type":"product","link":"https:\/\/acecoll.com\/nb\/product\/af011-taktisk-overlevelseskniv-dc53-stal-svart-g10-handtak\/","title":{"rendered":"AC011 Postapokalyptisk taktisk overlevelseskniv"},"content":{"rendered":"<p>AC011 Post-Apocalyptic Tactical Survival Knife er en kraftig friluftskniv som kombinerer taktisk ytelse med en sl\u00e5ende visuell appell. Bladet er laget av h\u00f8ytytende DC53-st\u00e5l med en hardhet p\u00e5 57-61 HRC, og har utmerket skarphet, seighet og korrosjonsbestandighet.<\/p>\n<p>Overflaten har en steinvasket overflate med et unikt flaggermusm\u00f8nster, noe som gir den et aggressivt utseende og samtidig forbedrer rust- og oksidasjonsmotstanden.<\/p>\n<p>Kniven har en full-tang-konstruksjon med bladet som g\u00e5r gjennom h\u00e5ndtaket, forsterket med skruer og nagler for overlegen styrke og stabilitet.<\/p>\n<p>H\u00e5ndtaket er laget av et slitesterkt, sklisikkert materiale som gir et komfortabelt og sikkert grep, slik at du beholder utmerket kontroll selv ved langvarig bruk.<\/p>\n<p>Den leveres med et solid nylonhylster som kan festes til et belte eller en ryggsekk for enkel b\u00e6ring og rask tilgang.<\/p>\n<p>AC011 leverer p\u00e5litelig ytelse og en dristig taktisk stil, enten det gjelder camping, jakt, bushcraft, fiske eller utend\u00f8rs overlevelse, noe som gj\u00f8r den til et ideelt valg for friluftsentusiaster og taktiske fagfolk.<\/p>","protected":false},"excerpt":{"rendered":"<p>Postapokalyptisk taktisk design: Har en s\u00e6regen postapokalyptisk stil som kombinerer et aggressivt utseende med praktisk funksjonalitet.<br \/>\nDC53-st\u00e5l med h\u00f8y ytelse: Har en hardhet p\u00e5 57-61 HRC med utmerket slitestyrke, korrosjonsbestandighet og enest\u00e5ende seighet.<br \/>\nSteinvasket overflatefinish: Bladets overflate med flaggermusm\u00f8nster gir et sl\u00e5ende utseende samtidig som det forbedrer oksidasjons- og rustmotstanden.<br \/>\nFulltangkonstruksjon: Et enkelt stykke st\u00e5l g\u00e5r gjennom hele h\u00e5ndtaket, forsterket med skruer og nagler for overlegen styrke og stabilitet.<br \/>\nSklisikkert G10-h\u00e5ndtak: Laget av glassfiberkomposittmateriale for et slitesterkt, sklisikkert og komfortabelt grep som egner seg for langvarig bruk.<br \/>\nNylonhylster for b\u00e6rbarhet: Den er slitesterk og p\u00e5litelig, og kan festes til et belte eller en ryggsekk for rask tilgang i n\u00f8dsituasjoner utend\u00f8rs.<br \/>\nAllsidig utend\u00f8rs bruk: Perfekt for camping, jakt, fiske, bushcraft og overlevelsesoppdrag - et ideelt valg for taktiske brukere og samlere.<\/p>","protected":false},"featured_media":295,"comment_status":"open","ping_status":"closed","template":"","meta":{"_acf_changed":false,"inline_featured_image":false,"slim_seo":{"description":"AC011 Post-Apocalyptic Tactical Survival Knife kombinerer en sl\u00e5ende design med rustbestandig ytelse. Perfekt for camping, jakt, bushcraft og overlevelse utend\u00f8rs. Klikk for \u00e5 lese mer.","title":"AC011 Post-Apocalyptic Tactical Survival Knife - ACECOLL"}},"product_brand":[],"product_cat":[16,18],"product_tag":[],"class_list":{"0":"post-226","1":"product","2":"type-product","3":"status-publish","4":"has-post-thumbnail","6":"product_cat-fixed-blade-knife","7":"product_cat-survival-knives","9":"first","10":"instock","11":"taxable","12":"shipping-taxable","13":"purchasable","14":"product-type-simple"},"acf":[],"_links":{"self":[{"href":"https:\/\/acecoll.com\/nb\/wp-json\/wp\/v2\/product\/226","targetHints":{"allow":["GET"]}}],"collection":[{"href":"https:\/\/acecoll.com\/nb\/wp-json\/wp\/v2\/product"}],"about":[{"href":"https:\/\/acecoll.com\/nb\/wp-json\/wp\/v2\/types\/product"}],"replies":[{"embeddable":true,"href":"https:\/\/acecoll.com\/nb\/wp-json\/wp\/v2\/comments?post=226"}],"version-history":[{"count":5,"href":"https:\/\/acecoll.com\/nb\/wp-json\/wp\/v2\/product\/226\/revisions"}],"predecessor-version":[{"id":1965,"href":"https:\/\/acecoll.com\/nb\/wp-json\/wp\/v2\/product\/226\/revisions\/1965"}],"wp:featuredmedia":[{"embeddable":true,"href":"https:\/\/acecoll.com\/nb\/wp-json\/wp\/v2\/media\/295"}],"wp:attachment":[{"href":"https:\/\/acecoll.com\/nb\/wp-json\/wp\/v2\/media?parent=226"}],"wp:term":[{"taxonomy":"product_brand","embeddable":true,"href":"https:\/\/acecoll.com\/nb\/wp-json\/wp\/v2\/product_brand?post=226"},{"taxonomy":"product_cat","embeddable":true,"href":"https:\/\/acecoll.com\/nb\/wp-json\/wp\/v2\/product_cat?post=226"},{"taxonomy":"product_tag","embeddable":true,"href":"https:\/\/acecoll.com\/nb\/wp-json\/wp\/v2\/product_tag?post=226"}],"curies":[{"name":"wp","href":"https:\/\/api.w.org\/{rel}","templated":true}]}}