{"id":227,"date":"2025-10-28T07:38:41","date_gmt":"2025-10-28T07:38:41","guid":{"rendered":"https:\/\/acecoll.com\/?post_type=product&#038;p=227"},"modified":"2026-02-11T07:21:20","modified_gmt":"2026-02-11T07:21:20","slug":"af012-bowie-jaktkniv-cpm-t440v-stal","status":"publish","type":"product","link":"https:\/\/acecoll.com\/nb\/product\/af012-bowie-jaktkniv-cpm-t440v-stal\/","title":{"rendered":"AC012 Medium-large Bowie-kniv med klipsespiss"},"content":{"rendered":"<p>AC012 Medium-Large Clip Point Bowie Knife:** A premium outdoor knife that combines practical performance with refined craftsmanship.<\/p>\n<p>Bladet er presisjonssmidd av rustfritt h\u00f8ykarbonst\u00e5l **CPM-T440V**, og har en **full-tang-konstruksjon** som g\u00e5r gjennom h\u00e5ndtaket for eksepsjonell styrke og holdbarhet. Det forblir stabilt og p\u00e5litelig selv etter lengre tids bruk til \u00e5 kutte, hogge eller stikke hull.<\/p>\n<p>Det **svarte h\u00e5ndtaket i hardt tre** gir et komfortabelt, sklisikkert og sikkert grep.<\/p>\n<p>Den **svarte sliren** i ekte skinn har sikkerhetsknapp og beltestropp, noe som gj\u00f8r den enkel \u00e5 b\u00e6re og oppbevare under utend\u00f8rsaktiviteter.<\/p>\n<p>Whether for hunting, camping, bushcraft, or collection, the AC012 stands out with its solid build and sleek appearance\u2014an ideal and trustworthy companion for outdoor enthusiasts and hunters alike.<\/p>","protected":false},"excerpt":{"rendered":"<p>Sl\u00e5ende design: Bowie-lignende profil som kombinerer det praktiske med det estetiske. Den skarpe spissen gir utmerket piercing- og skj\u00e6reytelse.<br \/>\nSt\u00e5l med h\u00f8y ytelse: Laget av rustfritt h\u00f8ykarbonst\u00e5l CPM-T440V, som holder seg sterkt og sylskarpt selv etter langvarig bruk.<br \/>\nKlassisk Clip Point-form: Knivskarp spiss med enest\u00e5ende penetrasjon. Den buede ryggraden gir mulighet for presise kutt, samtidig som den forbedrer knivens visuelle appell.<br \/>\nH\u00e5ndtak i hardt tre: Konturformet h\u00e5ndflate gir et komfortabelt, sklisikkert grep for sikker og stabil h\u00e5ndtering.<br \/>\nFull-tang-konstruksjon: Fulltangblad i ett stykke som g\u00e5r gjennom h\u00e5ndtaket, noe som sikrer overlegen styrke og holdbarhet.<br \/>\nSlire i ekte l\u00e6r: F\u00f8rsteklasses l\u00e6rhylse med trykknapp og beltestropp for enkel b\u00e6ring og beskyttelse av bladet.<br \/>\nAllsidig bruk: Ideell til jakt, camping, overlevelsestrening og innsamling - et utmerket valg for friluftsentusiaster og jegere.<\/p>","protected":false},"featured_media":302,"comment_status":"open","ping_status":"closed","template":"","meta":{"_acf_changed":false,"inline_featured_image":false,"slim_seo":{"description":"AC012 Medium-Large Clip Point Bowie Knife har utmerket ytelse n\u00e5r det gjelder \u00e5 stikke og skj\u00e6re. AC012 er en p\u00e5litelig f\u00f8lgesvenn p\u00e5 jakt, camping, overlevelsestrening eller utend\u00f8rsopplevelser. Oppdag denne f\u00f8rsteklasses utend\u00f8rskniven som kombinerer styrke og h\u00e5ndverk","title":"AC012 Medium-Large Clip Point Bowie Knife - ACECOLL"}},"product_brand":[],"product_cat":[22,16,18],"product_tag":[],"class_list":{"0":"post-227","1":"product","2":"type-product","3":"status-publish","4":"has-post-thumbnail","6":"product_cat-bowie-knife","7":"product_cat-fixed-blade-knife","8":"product_cat-survival-knives","10":"first","11":"instock","12":"taxable","13":"shipping-taxable","14":"purchasable","15":"product-type-simple"},"acf":[],"_links":{"self":[{"href":"https:\/\/acecoll.com\/nb\/wp-json\/wp\/v2\/product\/227","targetHints":{"allow":["GET"]}}],"collection":[{"href":"https:\/\/acecoll.com\/nb\/wp-json\/wp\/v2\/product"}],"about":[{"href":"https:\/\/acecoll.com\/nb\/wp-json\/wp\/v2\/types\/product"}],"replies":[{"embeddable":true,"href":"https:\/\/acecoll.com\/nb\/wp-json\/wp\/v2\/comments?post=227"}],"version-history":[{"count":3,"href":"https:\/\/acecoll.com\/nb\/wp-json\/wp\/v2\/product\/227\/revisions"}],"predecessor-version":[{"id":940,"href":"https:\/\/acecoll.com\/nb\/wp-json\/wp\/v2\/product\/227\/revisions\/940"}],"wp:featuredmedia":[{"embeddable":true,"href":"https:\/\/acecoll.com\/nb\/wp-json\/wp\/v2\/media\/302"}],"wp:attachment":[{"href":"https:\/\/acecoll.com\/nb\/wp-json\/wp\/v2\/media?parent=227"}],"wp:term":[{"taxonomy":"product_brand","embeddable":true,"href":"https:\/\/acecoll.com\/nb\/wp-json\/wp\/v2\/product_brand?post=227"},{"taxonomy":"product_cat","embeddable":true,"href":"https:\/\/acecoll.com\/nb\/wp-json\/wp\/v2\/product_cat?post=227"},{"taxonomy":"product_tag","embeddable":true,"href":"https:\/\/acecoll.com\/nb\/wp-json\/wp\/v2\/product_tag?post=227"}],"curies":[{"name":"wp","href":"https:\/\/api.w.org\/{rel}","templated":true}]}}