{"id":228,"date":"2025-10-28T07:38:41","date_gmt":"2025-10-28T07:38:41","guid":{"rendered":"https:\/\/acecoll.com\/?post_type=product&#038;p=228"},"modified":"2026-02-11T07:21:29","modified_gmt":"2026-02-11T07:21:29","slug":"af013-fantasy-kukri-style-taktisk-kniv-aus-10-stal-svart-skaft","status":"publish","type":"product","link":"https:\/\/acecoll.com\/nb\/product\/af013-fantasy-kukri-style-taktisk-kniv-aus-10-stal-svart-skaft\/","title":{"rendered":"AC013 Kukri taktisk overlevelseskniv"},"content":{"rendered":"<p class=\"ng-star-inserted\"><span class=\"ng-star-inserted\">Forbered deg p\u00e5 nedslag. Det\u00a0<\/span><strong class=\"ng-star-inserted\"><span class=\"ng-star-inserted\">Havoc<\/span><\/strong><span class=\"ng-star-inserted\">\u00a0is a fixed blade born from raw power and aggressive design, a true beast in both form and function. This is a knife that doesn&#8217;t just perform; it makes a statement.<\/span><\/p>\n<p class=\"ng-star-inserted\"><strong class=\"ng-star-inserted\"><span class=\"ng-star-inserted\">The Blade: En symfoni av makt<\/span><\/strong><br class=\"ng-star-inserted\" \/><span class=\"ng-star-inserted\">Kjernen i Havoc er et massivt 7,8-tommers blad smidd av h\u00f8ytytende\u00a0<\/span><strong class=\"ng-star-inserted\"><span class=\"ng-star-inserted\">AUS-10 rustfritt st\u00e5l<\/span><\/strong><span class=\"ng-star-inserted\">. Bladet er kjent for sin utmerkede seighet, gode eggfasthet og overlegne korrosjonsbestandighet, og er herdet til 59-61 HRC for p\u00e5litelig ytelse. Den kraftige\u00a0<\/span><strong class=\"ng-star-inserted\"><span class=\"ng-star-inserted\">recurve &#8220;dog-leg&#8221; profile<\/span><\/strong><span class=\"ng-star-inserted\">\u00a0utmerker seg med dype, kraftige hakker og skiver. Det som virkelig skiller den ut, er den fantastiske\u00a0<\/span><strong class=\"ng-star-inserted\"><span class=\"ng-star-inserted\">spesialtilpasset tofarget finish<\/span><\/strong><span class=\"ng-star-inserted\">, combining a non-reflective blackwash on the flats with a satin-finished cutting edge, separated by a unique, aggressive &#8220;bat-wing&#8221; pattern.<\/span><\/p>\n<p class=\"ng-star-inserted\"><strong class=\"ng-star-inserted\"><span class=\"ng-star-inserted\">H\u00e5ndtaket: Ergonomisk og uforgjengelig<\/span><\/strong><br class=\"ng-star-inserted\" \/><span class=\"ng-star-inserted\">The full-tang handle is engineered for absolute control. It&#8217;s fitted with scales made from\u00a0<\/span><strong class=\"ng-star-inserted\"><span class=\"ng-star-inserted\">forsterket glassfibernylon med h\u00f8y tetthet<\/span><\/strong><span class=\"ng-star-inserted\">\u2014an advanced composite material that is even more stable and durable than standard G10. It\u2019s impervious to temperature, moisture, and wear, and will not shrink or swell. The ergonomic design and deep texturing provide a secure, non-slip grip for any hard-use scenario comfortable and convenient carry, ensuring this powerful tool can be deployed in an instant.<\/span><\/p>\n<p class=\"ng-star-inserted\"><strong class=\"ng-star-inserted\"><span class=\"ng-star-inserted\">Et beist av en kniv<\/span><\/strong><br class=\"ng-star-inserted\" \/><span class=\"ng-star-inserted\">The Havoc is more than a knife; it&#8217;s a centerpiece. Its sheer power and unique design make it a standout choice for collectors, a formidable tool for clearing a campsite, and an impressive piece of gear for any outdoor adventure. It&#8217;s a stunning.<\/span><\/p>\n<p class=\"ng-star-inserted\"><strong class=\"ng-star-inserted\"><span class=\"ng-star-inserted\">Sliren: Moderne og allsidig<\/span><\/strong><br class=\"ng-star-inserted\" \/><span class=\"ng-star-inserted\">Et beist som Havoc trenger et bur som passer til. Den leveres komplett med et lett og slitesterkt\u00a0<\/span><strong class=\"ng-star-inserted\"><span class=\"ng-star-inserted\">Kydex-kappe<\/span><\/strong><span class=\"ng-star-inserted\">, custom-molded for a perfect, rattle-free fit. The sheath is paired with a heavy-duty, reinforced nylon belt loop, allowing for secure and comfortable carry, ready for rapid deployment at a moment&#8217;s notice.<\/span><\/p>\n<p class=\"ng-star-inserted\"><strong class=\"ng-star-inserted\"><span class=\"ng-star-inserted\">Det ultimate statement-piece<\/span><\/strong><br class=\"ng-star-inserted\" \/><span class=\"ng-star-inserted\">Laget av Ashenforge for den kresne og uforglemmelige gaven til mannen som setter pris p\u00e5 dristig design og kompromissl\u00f8s styrke.<\/span><\/p>","protected":false},"excerpt":{"rendered":"<p>Blad i f\u00f8rsteklasses AUS-10-st\u00e5l: Laget av h\u00f8ytytende AUS-10 rustfritt st\u00e5l med 59-61HRC hardhet. Knivskarpt, t\u00f8ft og korrosjonsbestandig for lang holdbarhet.<br \/>\nFull-tang-konstruksjon: Gir overlegen styrke og stabilitet for krevende utend\u00f8rs bruk.<br \/>\nSl\u00e5ende bladfinish: Har en karakteristisk bat-m\u00f8nstret bladoverflate som forbedrer b\u00e5de taktisk appell og visuell effekt.<br \/>\nErgonomisk h\u00e5ndtak: Laget av et nytt, sklisikkert og slitesterkt materiale. Gir et sikkert og komfortabelt grep med utmerket ergonomi for langvarig bruk.<br \/>\nSlitesterk Kydex-kappe: Leveres med en forsterket beltestropp i Oxford-stoff. Sikker, lett og enkel \u00e5 b\u00e6re eller montere under utend\u00f8rsaktiviteter.<br \/>\nAllsidig taktisk verkt\u00f8y: Ideelt for camping, jakt, overlevelse, fiske og eventyr. Den unike formen gj\u00f8r den ogs\u00e5 til et verdifullt samleobjekt.<\/p>","protected":false},"featured_media":309,"comment_status":"open","ping_status":"closed","template":"","meta":{"_acf_changed":false,"inline_featured_image":false,"slim_seo":{"description":"AC013 Kukri Tactical Survival Knife har presisjonssmidd h\u00e5ndverk og et blad med flaggermusm\u00f8nster, som kombinerer styrke og stil. Ideell for camping, jakt, overlevelse og eventyr. Klikk for \u00e5 l\u00e6re mer!","title":"AC013 Kukri Tactical Survival Knife - ACECOLL"}},"product_brand":[],"product_cat":[16,26,19],"product_tag":[],"class_list":{"0":"post-228","1":"product","2":"type-product","3":"status-publish","4":"has-post-thumbnail","6":"product_cat-fixed-blade-knife","7":"product_cat-kukri-style-knives","8":"product_cat-tactical-knives","10":"first","11":"instock","12":"taxable","13":"shipping-taxable","14":"purchasable","15":"product-type-simple"},"acf":[],"_links":{"self":[{"href":"https:\/\/acecoll.com\/nb\/wp-json\/wp\/v2\/product\/228","targetHints":{"allow":["GET"]}}],"collection":[{"href":"https:\/\/acecoll.com\/nb\/wp-json\/wp\/v2\/product"}],"about":[{"href":"https:\/\/acecoll.com\/nb\/wp-json\/wp\/v2\/types\/product"}],"replies":[{"embeddable":true,"href":"https:\/\/acecoll.com\/nb\/wp-json\/wp\/v2\/comments?post=228"}],"version-history":[{"count":5,"href":"https:\/\/acecoll.com\/nb\/wp-json\/wp\/v2\/product\/228\/revisions"}],"predecessor-version":[{"id":1427,"href":"https:\/\/acecoll.com\/nb\/wp-json\/wp\/v2\/product\/228\/revisions\/1427"}],"wp:featuredmedia":[{"embeddable":true,"href":"https:\/\/acecoll.com\/nb\/wp-json\/wp\/v2\/media\/309"}],"wp:attachment":[{"href":"https:\/\/acecoll.com\/nb\/wp-json\/wp\/v2\/media?parent=228"}],"wp:term":[{"taxonomy":"product_brand","embeddable":true,"href":"https:\/\/acecoll.com\/nb\/wp-json\/wp\/v2\/product_brand?post=228"},{"taxonomy":"product_cat","embeddable":true,"href":"https:\/\/acecoll.com\/nb\/wp-json\/wp\/v2\/product_cat?post=228"},{"taxonomy":"product_tag","embeddable":true,"href":"https:\/\/acecoll.com\/nb\/wp-json\/wp\/v2\/product_tag?post=228"}],"curies":[{"name":"wp","href":"https:\/\/api.w.org\/{rel}","templated":true}]}}