{"id":229,"date":"2025-10-28T07:38:41","date_gmt":"2025-10-28T07:38:41","guid":{"rendered":"https:\/\/acecoll.com\/?post_type=product&#038;p=229"},"modified":"2026-02-11T07:22:10","modified_gmt":"2026-02-11T07:22:10","slug":"af014-kukri-kniv-i-brunt-tre-dc53-stal","status":"publish","type":"product","link":"https:\/\/acecoll.com\/nb\/product\/af014-kukri-kniv-i-brunt-tre-dc53-stal\/","title":{"rendered":"AC014 Medium Kukri overlevelseskniv"},"content":{"rendered":"<p>The AC014 Medium Kukri Survival Knife is a high-end outdoor blade that combines traditional craftsmanship with modern precision. Its design is inspired by the classic Nepali Kukri, featuring a forward-curved blade that delivers greater leverage and cutting efficiency with every swing.<\/p>\n<p>Bladet er smidd av h\u00f8ytytende DC53-verkt\u00f8yst\u00e5l med h\u00f8yt karboninnhold ved hjelp av avanserte smieteknikker. Det oppn\u00e5r en hardhet p\u00e5 60+ HRC, noe som sikrer langvarig skarphet i tillegg til utmerket seighet og slitestyrke.<\/p>\n<p>Bladet er bygget med en full-tang-struktur som g\u00e5r gjennom hele h\u00e5ndtaket for maksimal styrke og stabilitet.<\/p>\n<p>H\u00e5ndtaket i hardt tre har en ergonomisk kontur som gir et komfortabelt, sklisikkert grep, noe som gir god kontroll selv ved langvarig bruk.<\/p>\n<p>Kniven leveres med en m\u00f8rkebrun slire i ekte skinn med sikkerhetsrem og beltestropp for praktisk b\u00e6ring og oppbevaring.<\/p>\n<p>Whether for camping, hunting, bushcraft, or survival missions, the AC014 stands as a reliable companion\u2014embodying a perfect balance of power and craftsmanship.<\/p>","protected":false},"excerpt":{"rendered":"<p>Kukri-bladets design: Den klassiske, buede Kukri-profilen gir kraftig hakkekraft med mindre anstrengelse.<br \/>\nSt\u00e5l med h\u00f8y ytelse: Laget av DC53-verkt\u00f8yst\u00e5l med h\u00f8yt karboninnhold og avansert varmebehandlingsteknologi, som oppn\u00e5r 60+ HRC for eksepsjonell skarphet og styrke.<br \/>\nStabil og p\u00e5litelig: Fulltangskonstruksjon g\u00e5r gjennom hele h\u00e5ndtaket, noe som sikrer overlegen stabilitet og holdbarhet.<br \/>\nKomfortabelt, sklisikkert grep: F\u00f8rsteklasses h\u00e5ndtak i hardtre med ergonomisk, buet form gir et sikkert og komfortabelt grep som gir utmerket kontroll ved langvarig bruk.<br \/>\nSikker og b\u00e6rbar: Leveres med et hylster i ekte l\u00e6r med sikkerhetsstropp og beltestropp for enkel b\u00e6ring og rask tilgang i felten.<br \/>\nAllsidig utend\u00f8rsbruk: Ideell for camping, jakt, overlevelse og bushcraft-eventyr - et allroundverkt\u00f8y for krevende utend\u00f8rsoppgaver.<\/p>","protected":false},"featured_media":1391,"comment_status":"open","ping_status":"closed","template":"","meta":{"_acf_changed":false,"inline_featured_image":false,"slim_seo":{"description":"AC014 Medium Kukri Survival Knife kombinerer tradisjonelt h\u00e5ndverk med moderne presisjon. Perfekt for camping, jakt, bushcraft og overlevelse utend\u00f8rs. Utforsk flere f\u00f8rsteklasses utend\u00f8rskniver - n\u00e5 trendy, klikk for \u00e5 l\u00e6re mer!","title":"AC014 Medium Kukri Survival Knife - ACECOLL"}},"product_brand":[],"product_cat":[16,26],"product_tag":[],"class_list":{"0":"post-229","1":"product","2":"type-product","3":"status-publish","4":"has-post-thumbnail","6":"product_cat-fixed-blade-knife","7":"product_cat-kukri-style-knives","9":"first","10":"instock","11":"taxable","12":"shipping-taxable","13":"purchasable","14":"product-type-simple"},"acf":[],"_links":{"self":[{"href":"https:\/\/acecoll.com\/nb\/wp-json\/wp\/v2\/product\/229","targetHints":{"allow":["GET"]}}],"collection":[{"href":"https:\/\/acecoll.com\/nb\/wp-json\/wp\/v2\/product"}],"about":[{"href":"https:\/\/acecoll.com\/nb\/wp-json\/wp\/v2\/types\/product"}],"replies":[{"embeddable":true,"href":"https:\/\/acecoll.com\/nb\/wp-json\/wp\/v2\/comments?post=229"}],"version-history":[{"count":5,"href":"https:\/\/acecoll.com\/nb\/wp-json\/wp\/v2\/product\/229\/revisions"}],"predecessor-version":[{"id":1393,"href":"https:\/\/acecoll.com\/nb\/wp-json\/wp\/v2\/product\/229\/revisions\/1393"}],"wp:featuredmedia":[{"embeddable":true,"href":"https:\/\/acecoll.com\/nb\/wp-json\/wp\/v2\/media\/1391"}],"wp:attachment":[{"href":"https:\/\/acecoll.com\/nb\/wp-json\/wp\/v2\/media?parent=229"}],"wp:term":[{"taxonomy":"product_brand","embeddable":true,"href":"https:\/\/acecoll.com\/nb\/wp-json\/wp\/v2\/product_brand?post=229"},{"taxonomy":"product_cat","embeddable":true,"href":"https:\/\/acecoll.com\/nb\/wp-json\/wp\/v2\/product_cat?post=229"},{"taxonomy":"product_tag","embeddable":true,"href":"https:\/\/acecoll.com\/nb\/wp-json\/wp\/v2\/product_tag?post=229"}],"curies":[{"name":"wp","href":"https:\/\/api.w.org\/{rel}","templated":true}]}}