{"id":230,"date":"2025-10-28T07:38:41","date_gmt":"2025-10-28T07:38:41","guid":{"rendered":"https:\/\/acecoll.com\/?post_type=product&#038;p=230"},"modified":"2026-02-11T07:22:20","modified_gmt":"2026-02-11T07:22:20","slug":"af015-tanto-kniv-med-fast-blad-solv-d2-stal-ibenholt-handtak","status":"publish","type":"product","link":"https:\/\/acecoll.com\/nb\/product\/af015-tanto-kniv-med-fast-blad-solv-d2-stal-ibenholt-handtak\/","title":{"rendered":"AC015 Tanto Kniv med ibenholt h\u00e5ndtak"},"content":{"rendered":"<p>AC015 Ebony Handle Tanto Knife combines strength with refined craftsmanship.<br \/>\nBladet er laget av h\u00f8ytytende D2-st\u00e5l med en hardhet p\u00e5 over 60 HRC, noe som gir utmerket skarphet og holdbarhet.<br \/>\nDen har en full-tang-konstruksjon som g\u00e5r gjennom hele h\u00e5ndtaket og er forsterket med messingnagler for overlegen styrke og stabilitet.<br \/>\nDet utsk\u00e5rne ibenholtskaftet har en glatt tekstur, komfortabelt grep og p\u00e5litelig sklisikkerhet, og kombinerer praktisk bruk med samlerverdi.<br \/>\nDen leveres med en h\u00e5ndlaget skinn- og treslire som er n\u00f8yaktig tilpasset og finjustert for \u00e5 beskytte kniven samtidig som den har et elegant, f\u00f8rsteklasses utseende.<br \/>\nA truly collectible premium Tanto knife.<\/p>","protected":false},"excerpt":{"rendered":"<p data-start=\"1551\" data-end=\"1641\">Blad i f\u00f8rsteklasses D2-st\u00e5l - h\u00f8y hardhet og utmerket eggopprettholdelse for utend\u00f8rs bruk.<\/p>\n<p data-start=\"1644\" data-end=\"1727\">Full Tang-konstruksjon - sikrer holdbarhet og styrke for krevende oppgaver.<\/p>\n<p data-start=\"1730\" data-end=\"1806\">H\u00e5ndtak i utsk\u00e5ret ibenholt - komfortabelt grep med elegant, sklisikkert design.<\/p>\n<p data-start=\"1809\" data-end=\"1883\">L\u00e6r- og treslire - Sikker, stilig og slitesterk for belteb\u00e6ring.<\/p>\n<p data-start=\"1886\" data-end=\"1972\">Allsidig friluftsverkt\u00f8y - perfekt for jakt, overlevelse, camping og innsamling.<\/p>","protected":false},"featured_media":320,"comment_status":"open","ping_status":"closed","template":"","meta":{"_acf_changed":false,"inline_featured_image":false,"slim_seo":{"description":"AC015 Tanto Knife har D2-st\u00e5l med h\u00f8y ytelse, et ergonomisk ibenholtskaft og en h\u00e5ndlaget skinn- og treslire. En f\u00f8rsteklasses kniv som kombinerer holdbarhet, eleganse og godt h\u00e5ndverk.","title":"AC015 Ebony Handle Tanto Knife - ACECOLL"}},"product_brand":[],"product_cat":[16,21],"product_tag":[],"class_list":{"0":"post-230","1":"product","2":"type-product","3":"status-publish","4":"has-post-thumbnail","6":"product_cat-fixed-blade-knife","7":"product_cat-tanto-knives","9":"first","10":"instock","11":"taxable","12":"shipping-taxable","13":"purchasable","14":"product-type-simple"},"acf":[],"_links":{"self":[{"href":"https:\/\/acecoll.com\/nb\/wp-json\/wp\/v2\/product\/230","targetHints":{"allow":["GET"]}}],"collection":[{"href":"https:\/\/acecoll.com\/nb\/wp-json\/wp\/v2\/product"}],"about":[{"href":"https:\/\/acecoll.com\/nb\/wp-json\/wp\/v2\/types\/product"}],"replies":[{"embeddable":true,"href":"https:\/\/acecoll.com\/nb\/wp-json\/wp\/v2\/comments?post=230"}],"version-history":[{"count":6,"href":"https:\/\/acecoll.com\/nb\/wp-json\/wp\/v2\/product\/230\/revisions"}],"predecessor-version":[{"id":1635,"href":"https:\/\/acecoll.com\/nb\/wp-json\/wp\/v2\/product\/230\/revisions\/1635"}],"wp:featuredmedia":[{"embeddable":true,"href":"https:\/\/acecoll.com\/nb\/wp-json\/wp\/v2\/media\/320"}],"wp:attachment":[{"href":"https:\/\/acecoll.com\/nb\/wp-json\/wp\/v2\/media?parent=230"}],"wp:term":[{"taxonomy":"product_brand","embeddable":true,"href":"https:\/\/acecoll.com\/nb\/wp-json\/wp\/v2\/product_brand?post=230"},{"taxonomy":"product_cat","embeddable":true,"href":"https:\/\/acecoll.com\/nb\/wp-json\/wp\/v2\/product_cat?post=230"},{"taxonomy":"product_tag","embeddable":true,"href":"https:\/\/acecoll.com\/nb\/wp-json\/wp\/v2\/product_tag?post=230"}],"curies":[{"name":"wp","href":"https:\/\/api.w.org\/{rel}","templated":true}]}}