{"id":231,"date":"2025-10-28T07:38:41","date_gmt":"2025-10-28T07:38:41","guid":{"rendered":"https:\/\/acecoll.com\/?post_type=product&#038;p=231"},"modified":"2025-11-03T14:34:32","modified_gmt":"2025-11-03T14:34:32","slug":"af016-taktisk-overlevelseskniv-med-fast-blad-i-d2-stal","status":"publish","type":"product","link":"https:\/\/acecoll.com\/nb\/product\/af016-taktisk-overlevelseskniv-med-fast-blad-i-d2-stal\/","title":{"rendered":"AC016 Medium taktisk overlevelseskniv med klipsespiss"},"content":{"rendered":"<p>AC016 Medium Clip Point Tactical Survival Knife is a versatile outdoor tactical blade.<\/p>\n<p>The blade is forged from high-performance D2 tool steel with a hardness of 59\u201361 HRC, offering long-lasting sharpness and durability.<\/p>\n<p>Konstruksjonen med full-tang strekker seg gjennom hele h\u00e5ndtaket, noe som sikrer stabilitet og p\u00e5litelighet under tung bruk.<\/p>\n<p>H\u00e5ndtaket er laget av glassfiberforsterket nylon (GFN) med h\u00f8y styrke, noe som gir et komfortabelt, sklisikkert og sikkert grep for utmerket kontroll til enhver tid.<\/p>\n<p>Den leveres med en slitesterk og lett Kydex-kappe med et sikkert l\u00e5sesystem og justerbar belteklips for praktisk b\u00e6ring og rask utplassering.<\/p>\n<p>AC016 leverer p\u00e5litelig ytelse og en eksepsjonell brukeropplevelse, enten det gjelder camping, jakt, fiske, fotturer, utforsking av naturen eller daglig bruk av EDC.<\/p>\n<p>A professional-grade survival knife designed for true outdoor adventurers and tactical enthusiasts.<\/p>","protected":false},"excerpt":{"rendered":"<p data-start=\"1512\" data-end=\"1612\">Blad av f\u00f8rsteklasses D2-st\u00e5l: Laget av h\u00f8ytytende D2-verkt\u00f8yst\u00e5l med en hardhet p\u00e5 59-61 HRC, noe som sikrer eksepsjonell skarphet og lang holdbarhet.<br \/>\nP\u00e5litelig styrke: Fulltangskonstruksjon med bladet som g\u00e5r gjennom h\u00e5ndtaket for overlegen stivhet og holdbarhet under tung utend\u00f8rs bruk.<br \/>\nErgonomisk h\u00e5ndtak: Laget av h\u00f8yfast glassfiberforsterket nylon med fingerriller som gir et sikkert, komfortabelt og sklisikkert grep som gj\u00f8r h\u00e5ndteringen trygg.<br \/>\nSlitesterk og lett Kydex-kappe: Har et sikkert l\u00e5sesystem og justerbar belteklips for enkel b\u00e6ring og rask utplassering.<br \/>\nAllsidig bruk: Ideell for camping, jakt, fiske, fotturer, utend\u00f8rs overlevelse og EDC.<\/p>","protected":false},"featured_media":966,"comment_status":"open","ping_status":"closed","template":"","meta":{"_acf_changed":false,"inline_featured_image":false,"slim_seo":{"description":"AC016 er skarp, slitesterk og allsidig. Perfekt til camping, jakt, fiske, EDC og overlevelse utend\u00f8rs. En p\u00e5litelig f\u00f8lgesvenn for alle eventyr. N\u00e5 trendy - klikk for \u00e5 l\u00e6re mer","title":"AC016 Medium Clip Point Tactical Survival Knife - ACECOLL"}},"product_brand":[],"product_cat":[16,18,19],"product_tag":[],"class_list":{"0":"post-231","1":"product","2":"type-product","3":"status-publish","4":"has-post-thumbnail","6":"product_cat-fixed-blade-knife","7":"product_cat-survival-knives","8":"product_cat-tactical-knives","10":"first","11":"instock","12":"taxable","13":"shipping-taxable","14":"purchasable","15":"product-type-simple"},"acf":[],"_links":{"self":[{"href":"https:\/\/acecoll.com\/nb\/wp-json\/wp\/v2\/product\/231","targetHints":{"allow":["GET"]}}],"collection":[{"href":"https:\/\/acecoll.com\/nb\/wp-json\/wp\/v2\/product"}],"about":[{"href":"https:\/\/acecoll.com\/nb\/wp-json\/wp\/v2\/types\/product"}],"replies":[{"embeddable":true,"href":"https:\/\/acecoll.com\/nb\/wp-json\/wp\/v2\/comments?post=231"}],"version-history":[{"count":3,"href":"https:\/\/acecoll.com\/nb\/wp-json\/wp\/v2\/product\/231\/revisions"}],"predecessor-version":[{"id":974,"href":"https:\/\/acecoll.com\/nb\/wp-json\/wp\/v2\/product\/231\/revisions\/974"}],"wp:featuredmedia":[{"embeddable":true,"href":"https:\/\/acecoll.com\/nb\/wp-json\/wp\/v2\/media\/966"}],"wp:attachment":[{"href":"https:\/\/acecoll.com\/nb\/wp-json\/wp\/v2\/media?parent=231"}],"wp:term":[{"taxonomy":"product_brand","embeddable":true,"href":"https:\/\/acecoll.com\/nb\/wp-json\/wp\/v2\/product_brand?post=231"},{"taxonomy":"product_cat","embeddable":true,"href":"https:\/\/acecoll.com\/nb\/wp-json\/wp\/v2\/product_cat?post=231"},{"taxonomy":"product_tag","embeddable":true,"href":"https:\/\/acecoll.com\/nb\/wp-json\/wp\/v2\/product_tag?post=231"}],"curies":[{"name":"wp","href":"https:\/\/api.w.org\/{rel}","templated":true}]}}