{"id":232,"date":"2025-10-28T07:38:41","date_gmt":"2025-10-28T07:38:41","guid":{"rendered":"https:\/\/acecoll.com\/?post_type=product&#038;p=232"},"modified":"2026-02-11T07:22:54","modified_gmt":"2026-02-11T07:22:54","slug":"af019-medium-bowiekniv-med-full-tange-d2-stal","status":"publish","type":"product","link":"https:\/\/acecoll.com\/nb\/product\/af019-medium-bowiekniv-med-full-tange-d2-stal\/","title":{"rendered":"AC019 Arkansas tannpirkerkniv"},"content":{"rendered":"<p>AC019 Arkansas Toothpick-Style-kniven er en fin Bowie-kniv som b\u00e5de er funksjonell og har samlerverdi.<\/p>\n<p>Bladet er laget av h\u00f8ytytende D2-st\u00e5l, h\u00e5ndsmidd for \u00e5 oppn\u00e5 en hardhet p\u00e5 61\u00b1HRC. Det er skarpt, slitesterkt og sv\u00e6rt korrosjonsbestandig.<\/p>\n<p>Kniven er bygget med en full-tang-konstruksjon som gj\u00f8r den solid og p\u00e5litelig selv under krevende bruk.<\/p>\n<p>Den langstrakte profilen kombinert med en tykk ryggrad gir utmerket gjennomborings- og huggkraft, samtidig som den klassiske Bowie-estetikken med styrke og balanse fremheves.<\/p>\n<p>H\u00e5ndtaket i massivt tre ligger godt i h\u00e5nden, og st\u00e5lknotten forbedrer b\u00e5de balanse og holdbarhet.<\/p>\n<p>Sliren i ekte skinn er n\u00f8ye utformet for \u00e5 beskytte kniven og gj\u00f8r det enkelt \u00e5 b\u00e6re den i beltet eller i en ryggsekk.<\/p>\n<p>AC019 er et p\u00e5litelig v\u00e5pen for jakt, camping, overlevelse i jungelen, utend\u00f8rsopplevelser eller samleobjekter.<\/p>\n<p>&nbsp;<\/p>","protected":false},"excerpt":{"rendered":"<p><strong>Klassisk Bowie-design:<\/strong> Det langstrakte bladet med sverdlignende linjer gir b\u00e5de sterk gjennomslagskraft og elegant estetikk, og viser en perfekt balanse mellom styrke og h\u00e5ndverk.<br \/>\n<strong>Blad i D2-st\u00e5l med h\u00f8y ytelse:<\/strong> Med en skarphet p\u00e5 61\u00b1HRC gir den varig skarphet, utmerket slitestyrke og overlegen korrosjonsbestandighet, noe som gj\u00f8r den ideell for krevende utend\u00f8rsoppgaver.<br \/>\n<strong>Full-Tang-konstruksjon:<\/strong> Bladet er smidd i ett stykke for maksimal styrke og stabilitet, noe som gir sikkerhet og p\u00e5litelighet under hogging og dytting<br \/>\n<strong>Allsidig bruk utend\u00f8rs:<\/strong> Perfekt for jakt, camping, overlevelse i jungelen og friluftsliv; kombinerer praktisk ytelse med samlerverdi.<\/p>","protected":false},"featured_media":332,"comment_status":"open","ping_status":"closed","template":"","meta":{"_acf_changed":false,"inline_featured_image":false,"slim_seo":{"title":"Stor Bowie-kniv for utend\u00f8rs eventyr og samling - ACECOLL","description":"AC019 Large Bowie Knife, ideell for jakt, camping, jungeloverlevelse og friluftsliv. En f\u00f8rsteklasses Bowie-kniv som b\u00e5de er praktisk og har samlerverdi - n\u00e5 er den en storselger, klikk for \u00e5 lese mer!"}},"product_brand":[],"product_cat":[22,16,23,18],"product_tag":[],"class_list":{"0":"post-232","1":"product","2":"type-product","3":"status-publish","4":"has-post-thumbnail","6":"product_cat-bowie-knife","7":"product_cat-fixed-blade-knife","8":"product_cat-hunting-knives","9":"product_cat-survival-knives","11":"first","12":"instock","13":"taxable","14":"shipping-taxable","15":"purchasable","16":"product-type-simple"},"acf":[],"_links":{"self":[{"href":"https:\/\/acecoll.com\/nb\/wp-json\/wp\/v2\/product\/232","targetHints":{"allow":["GET"]}}],"collection":[{"href":"https:\/\/acecoll.com\/nb\/wp-json\/wp\/v2\/product"}],"about":[{"href":"https:\/\/acecoll.com\/nb\/wp-json\/wp\/v2\/types\/product"}],"replies":[{"embeddable":true,"href":"https:\/\/acecoll.com\/nb\/wp-json\/wp\/v2\/comments?post=232"}],"version-history":[{"count":5,"href":"https:\/\/acecoll.com\/nb\/wp-json\/wp\/v2\/product\/232\/revisions"}],"predecessor-version":[{"id":1971,"href":"https:\/\/acecoll.com\/nb\/wp-json\/wp\/v2\/product\/232\/revisions\/1971"}],"wp:featuredmedia":[{"embeddable":true,"href":"https:\/\/acecoll.com\/nb\/wp-json\/wp\/v2\/media\/332"}],"wp:attachment":[{"href":"https:\/\/acecoll.com\/nb\/wp-json\/wp\/v2\/media?parent=232"}],"wp:term":[{"taxonomy":"product_brand","embeddable":true,"href":"https:\/\/acecoll.com\/nb\/wp-json\/wp\/v2\/product_brand?post=232"},{"taxonomy":"product_cat","embeddable":true,"href":"https:\/\/acecoll.com\/nb\/wp-json\/wp\/v2\/product_cat?post=232"},{"taxonomy":"product_tag","embeddable":true,"href":"https:\/\/acecoll.com\/nb\/wp-json\/wp\/v2\/product_tag?post=232"}],"curies":[{"name":"wp","href":"https:\/\/api.w.org\/{rel}","templated":true}]}}