{"id":234,"date":"2025-10-28T07:38:41","date_gmt":"2025-10-28T07:38:41","guid":{"rendered":"https:\/\/acecoll.com\/?post_type=product&#038;p=234"},"modified":"2026-02-11T07:23:28","modified_gmt":"2026-02-11T07:23:28","slug":"af022-damaskusstal-utendorskniv-i-ibenholt-trehandtak","status":"publish","type":"product","link":"https:\/\/acecoll.com\/nb\/product\/af022-damaskusstal-utendorskniv-i-ibenholt-trehandtak\/","title":{"rendered":"AC022 Damaskus Tanto Kniv"},"content":{"rendered":"<p>AC022 Tanto Damascus knife is a premium handcrafted knife that combines artistry and performance.<br \/>\nBladet er laget av damaskusst\u00e5l av h\u00f8y kvalitet, smidd og varmebehandlet gjennom flere lag for \u00e5 skape et unikt 3D-b\u00f8lgem\u00f8nster. Det er skarpt, slitesterkt og har eksepsjonell seighet og stabilitet.<br \/>\nKniven har en full-tang-konstruksjon, der bladet g\u00e5r gjennom h\u00e5ndtaket for \u00e5 sikre styrke og p\u00e5litelighet under tung bruk.<br \/>\nH\u00e5ndtaket er laget av m\u00f8rkt ibenholt, noe som gir et komfortabelt grep og er b\u00e5de elegant og praktisk.<br \/>\nDen leveres med en uts\u00f8kt skinnhylse for praktisk transport og effektiv beskyttelse.<br \/>\nWhether for camping, hunting, outdoor adventures, or as a collector\u2019s display piece, the AC022 stands out with its superb craftsmanship and powerful aesthetics, making it a truly reliable and collectible Damascus knife.<\/p>","protected":false},"excerpt":{"rendered":"<p data-start=\"830\" data-end=\"928\">Blad i f\u00f8rsteklasses damaskusst\u00e5l - Laget av h\u00f8ytytende damaskusst\u00e5l, smidd og slokket gjennom flere lag for \u00e5 skape et unikt 3D-b\u00f8lgem\u00f8nster. Kombinerer b\u00e5de funksjonalitet og samlerverdi.<br \/>\nFulltangskonstruksjon - bladet g\u00e5r gjennom h\u00e5ndtaket, noe som sikrer eksepsjonell styrke, balanse og p\u00e5litelighet.<br \/>\nKomfortabelt og sklisikkert h\u00e5ndtak i ibenholt - Laget av utvalgt ibenholt, som gir et mykt, ergonomisk grep som er b\u00e5de elegant og praktisk.<br \/>\nUts\u00f8kt slire i ekte l\u00e6r - H\u00e5ndsydd l\u00e6rslire med tykk tekstur som beskytter kniven samtidig som den tilf\u00f8rer en vintage-estetikk.<br \/>\nH\u00e5ndsmidd h\u00e5ndverk med h\u00f8y samlerverdi - Hver kniv er individuelt h\u00e5ndsmidd av dyktige h\u00e5ndverkere, noe som krever en lang produksjonssyklus og komplekse teknikker, noe som gj\u00f8r den til et ekte samlerobjekt.<\/p>","protected":false},"featured_media":1025,"comment_status":"open","ping_status":"closed","template":"","meta":{"_acf_changed":false,"inline_featured_image":false,"slim_seo":{"description":"AC022 Tanto Damascus-kniv, enten den brukes til utend\u00f8rs overlevelse, camping, jakt eller som et samlerobjekt, viser eksepsjonell h\u00e5ndverksmessig utf\u00f8relse og styrke. N\u00e5 trendy - klikk for \u00e5 l\u00e6re mer!","title":"AC022 Damascus Tanto Knife - ACECOLL"}},"product_brand":[],"product_cat":[23,18,21],"product_tag":[],"class_list":{"0":"post-234","1":"product","2":"type-product","3":"status-publish","4":"has-post-thumbnail","6":"product_cat-hunting-knives","7":"product_cat-survival-knives","8":"product_cat-tanto-knives","10":"first","11":"instock","12":"taxable","13":"shipping-taxable","14":"purchasable","15":"product-type-simple"},"acf":[],"_links":{"self":[{"href":"https:\/\/acecoll.com\/nb\/wp-json\/wp\/v2\/product\/234","targetHints":{"allow":["GET"]}}],"collection":[{"href":"https:\/\/acecoll.com\/nb\/wp-json\/wp\/v2\/product"}],"about":[{"href":"https:\/\/acecoll.com\/nb\/wp-json\/wp\/v2\/types\/product"}],"replies":[{"embeddable":true,"href":"https:\/\/acecoll.com\/nb\/wp-json\/wp\/v2\/comments?post=234"}],"version-history":[{"count":6,"href":"https:\/\/acecoll.com\/nb\/wp-json\/wp\/v2\/product\/234\/revisions"}],"predecessor-version":[{"id":1705,"href":"https:\/\/acecoll.com\/nb\/wp-json\/wp\/v2\/product\/234\/revisions\/1705"}],"wp:featuredmedia":[{"embeddable":true,"href":"https:\/\/acecoll.com\/nb\/wp-json\/wp\/v2\/media\/1025"}],"wp:attachment":[{"href":"https:\/\/acecoll.com\/nb\/wp-json\/wp\/v2\/media?parent=234"}],"wp:term":[{"taxonomy":"product_brand","embeddable":true,"href":"https:\/\/acecoll.com\/nb\/wp-json\/wp\/v2\/product_brand?post=234"},{"taxonomy":"product_cat","embeddable":true,"href":"https:\/\/acecoll.com\/nb\/wp-json\/wp\/v2\/product_cat?post=234"},{"taxonomy":"product_tag","embeddable":true,"href":"https:\/\/acecoll.com\/nb\/wp-json\/wp\/v2\/product_tag?post=234"}],"curies":[{"name":"wp","href":"https:\/\/api.w.org\/{rel}","templated":true}]}}