{"id":235,"date":"2025-10-28T07:38:41","date_gmt":"2025-10-28T07:38:41","guid":{"rendered":"https:\/\/acecoll.com\/?post_type=product&#038;p=235"},"modified":"2026-02-11T07:23:39","modified_gmt":"2026-02-11T07:23:39","slug":"af023-taktisk-kniv-med-fast-blad-sand-g10-handtak-vg10-stal","status":"publish","type":"product","link":"https:\/\/acecoll.com\/nb\/product\/af023-taktisk-kniv-med-fast-blad-sand-g10-handtak-vg10-stal\/","title":{"rendered":"AC023 Taktisk kniv med fast blad - Sand G10-h\u00e5ndtak, VG10-st\u00e5l"},"content":{"rendered":"<p>AC023 Medium-Short Tactical Knife er en f\u00f8rsteklasses friluftskniv som kombinerer h\u00e5ndverk med ytelse i felten.<br \/>\nBladet er smidd av rustfritt VG10-st\u00e5l av h\u00f8y kvalitet og h\u00e5ndpolert gjennom tusenvis av sykluser til en speilblank finish, noe som viser eksepsjonelt godt h\u00e5ndverk.<br \/>\nEn 8 mm tykk ryggrad gir kraftig gjennomboring og hakkeevne.<br \/>\nG10-h\u00e5ndtaket gir et komfortabelt, sklisikkert og slitesterkt grep som sikrer sikker kontroll selv i t\u00f8ffe omgivelser.<br \/>\nDen leveres med en lett og slitesterk Kydex-kappe som gj\u00f8r den enkel \u00e5 b\u00e6re og raskt tilgjengelig.<br \/>\nAC023 leverer enest\u00e5ende ytelse og raffinert kvalitet, enten det gjelder camping, jakt, overlevelsesopplevelser eller daglig EDC, noe som gj\u00f8r den til en p\u00e5litelig taktisk f\u00f8lgesvenn.<\/p>","protected":false},"excerpt":{"rendered":"<p>F\u00f8rsteklasses h\u00e5ndverk: Blad i rustfritt VG10-st\u00e5l, speilpolert gjennom tusenvis av h\u00e5ndpolerte prosesser for en blank, reflekterende overflate.<br \/>\nBlad med h\u00f8y styrke: 8 mm tykk ryggrad gir eksepsjonell gjennomborings- og hakkekraft.<br \/>\nSikkert grep: Strukturert, solbrunt G10-h\u00e5ndtak gir bedre kontroll og stabilitet under alle forhold.<br \/>\nKydex-kappe: Leveres med en slitesterk Kydex-kappe for enkel b\u00e6ring og rask tilgang.<br \/>\nAllsidig bruk: Ideell for jakt, camping, utend\u00f8rs overlevelse, eventyr og EDC.<\/p>","protected":false},"featured_media":1415,"comment_status":"open","ping_status":"closed","template":"","meta":{"_acf_changed":false,"inline_featured_image":false,"slim_seo":{"title":"AC023 Tactical Fixed Blade Knife - Sand G10 Handle, VG10 Steel - ACECOLL","description":"F\u00f8rsteklasses h\u00e5ndverk: Blad i rustfritt VG10-st\u00e5l, speilpolert gjennom tusenvis av h\u00e5ndpolerte prosesser for en blank, reflekterende overflate. H\u00f8y styrke"}},"product_brand":[],"product_cat":[16,17,18,19],"product_tag":[],"class_list":{"0":"post-235","1":"product","2":"type-product","3":"status-publish","4":"has-post-thumbnail","6":"product_cat-fixed-blade-knife","7":"product_cat-full-tang-knives","8":"product_cat-survival-knives","9":"product_cat-tactical-knives","11":"first","12":"instock","13":"taxable","14":"shipping-taxable","15":"purchasable","16":"product-type-simple"},"acf":[],"_links":{"self":[{"href":"https:\/\/acecoll.com\/nb\/wp-json\/wp\/v2\/product\/235","targetHints":{"allow":["GET"]}}],"collection":[{"href":"https:\/\/acecoll.com\/nb\/wp-json\/wp\/v2\/product"}],"about":[{"href":"https:\/\/acecoll.com\/nb\/wp-json\/wp\/v2\/types\/product"}],"replies":[{"embeddable":true,"href":"https:\/\/acecoll.com\/nb\/wp-json\/wp\/v2\/comments?post=235"}],"version-history":[{"count":5,"href":"https:\/\/acecoll.com\/nb\/wp-json\/wp\/v2\/product\/235\/revisions"}],"predecessor-version":[{"id":1422,"href":"https:\/\/acecoll.com\/nb\/wp-json\/wp\/v2\/product\/235\/revisions\/1422"}],"wp:featuredmedia":[{"embeddable":true,"href":"https:\/\/acecoll.com\/nb\/wp-json\/wp\/v2\/media\/1415"}],"wp:attachment":[{"href":"https:\/\/acecoll.com\/nb\/wp-json\/wp\/v2\/media?parent=235"}],"wp:term":[{"taxonomy":"product_brand","embeddable":true,"href":"https:\/\/acecoll.com\/nb\/wp-json\/wp\/v2\/product_brand?post=235"},{"taxonomy":"product_cat","embeddable":true,"href":"https:\/\/acecoll.com\/nb\/wp-json\/wp\/v2\/product_cat?post=235"},{"taxonomy":"product_tag","embeddable":true,"href":"https:\/\/acecoll.com\/nb\/wp-json\/wp\/v2\/product_tag?post=235"}],"curies":[{"name":"wp","href":"https:\/\/api.w.org\/{rel}","templated":true}]}}