{"id":236,"date":"2025-10-28T07:38:41","date_gmt":"2025-10-28T07:38:41","guid":{"rendered":"https:\/\/acecoll.com\/?post_type=product&#038;p=236"},"modified":"2026-03-26T07:36:17","modified_gmt":"2026-03-26T07:36:17","slug":"af024-taktisk-kniv-med-fast-blad-san-mai-steel-g10-handtak-full-tang","status":"publish","type":"product","link":"https:\/\/acecoll.com\/nb\/product\/af024-taktisk-kniv-med-fast-blad-san-mai-steel-g10-handtak-full-tang\/","title":{"rendered":"AC024 San mai taktisk overlevelseskniv"},"content":{"rendered":"<p>AC024 San Mai Tactical Survival Knife er en f\u00f8rsteklasses friluftskniv som kombinerer avansert smieh\u00e5ndverk med praktisk ytelse.<br \/>\nBladet bruker avansert San Mai-smiingsteknologi, der tre ulike st\u00e5ltyper er perfekt integrert for \u00e5 oppn\u00e5 utmerket skarphet, seighet og korrosjonsbestandighet.<br \/>\nKniven har en full-tang-konstruksjon som sikrer stabilitet og p\u00e5litelighet under tung bruk.<br \/>\nDet ergonomiske, sklisikre h\u00e5ndtaket gir et komfortabelt grep og opprettholder kontrollen selv i v\u00e5te eller t\u00f8ffe omgivelser.<br \/>\nDen leveres med en slitesterk og lett Kydex-kappe som gj\u00f8r den enkel \u00e5 b\u00e6re og rask \u00e5 trekke ut, og som egner seg for utend\u00f8rsbruk, overlevelse og taktisk bruk.<br \/>\nHver AC024 er smidd etter h\u00f8ye standarder med komplisert h\u00e5ndverk og h\u00f8ye produksjonskostnader, og tilbyr b\u00e5de praktisk ytelse og samlerverdi.<\/p>","protected":false},"excerpt":{"rendered":"<p>F\u00f8rsteklasses San Mai-h\u00e5ndverk: Smidd med avansert San Mai-teknikk som kombinerer tre ulike st\u00e5lsorter for skarphet, seighet og utmerket korrosjonsbestandighet.<br \/>\nFulltang-konstruksjon: Bladet g\u00e5r gjennom hele h\u00e5ndtaket, noe som sikrer styrke og p\u00e5litelighet under krevende bruk.<br \/>\nErgonomisk, sklisikkert h\u00e5ndtak: Laget av slitesterkt materiale for et komfortabelt og sikkert grep som gir presis kontroll selv under v\u00e5te forhold.<br \/>\nKydex-slire: Lett og slitesterk, st\u00f8tter rask avtrekk og sikker b\u00e6ring, egnet for utend\u00f8rs, overlevelses- og taktisk bruk.<br \/>\nKvalitet i samlerklasse: San Mai-st\u00e5l krever sv\u00e6rt komplisert og kostbart h\u00e5ndverk, noe som gir enest\u00e5ende kvalitet og samlerverdi.<\/p>","protected":false},"featured_media":357,"comment_status":"open","ping_status":"closed","template":"","meta":{"_acf_changed":false,"inline_featured_image":false,"slim_seo":{"description":"AC024 San Mai Tactical Survival Knife kombinerer skarphet, seighet og utmerket korrosjonsbestandighet. Laget med f\u00f8rsteklasses San Mai-h\u00e5ndverk og samlerkvalitet","title":"AC024 San mai Tactical Survival Knife - ACECOLL"}},"product_brand":[],"product_cat":[16,18,19],"product_tag":[],"class_list":{"0":"post-236","1":"product","2":"type-product","3":"status-publish","4":"has-post-thumbnail","6":"product_cat-fixed-blade-knife","7":"product_cat-survival-knives","8":"product_cat-tactical-knives","10":"first","11":"instock","12":"taxable","13":"shipping-taxable","14":"purchasable","15":"product-type-simple"},"acf":[],"_links":{"self":[{"href":"https:\/\/acecoll.com\/nb\/wp-json\/wp\/v2\/product\/236","targetHints":{"allow":["GET"]}}],"collection":[{"href":"https:\/\/acecoll.com\/nb\/wp-json\/wp\/v2\/product"}],"about":[{"href":"https:\/\/acecoll.com\/nb\/wp-json\/wp\/v2\/types\/product"}],"replies":[{"embeddable":true,"href":"https:\/\/acecoll.com\/nb\/wp-json\/wp\/v2\/comments?post=236"}],"version-history":[{"count":5,"href":"https:\/\/acecoll.com\/nb\/wp-json\/wp\/v2\/product\/236\/revisions"}],"predecessor-version":[{"id":1975,"href":"https:\/\/acecoll.com\/nb\/wp-json\/wp\/v2\/product\/236\/revisions\/1975"}],"wp:featuredmedia":[{"embeddable":true,"href":"https:\/\/acecoll.com\/nb\/wp-json\/wp\/v2\/media\/357"}],"wp:attachment":[{"href":"https:\/\/acecoll.com\/nb\/wp-json\/wp\/v2\/media?parent=236"}],"wp:term":[{"taxonomy":"product_brand","embeddable":true,"href":"https:\/\/acecoll.com\/nb\/wp-json\/wp\/v2\/product_brand?post=236"},{"taxonomy":"product_cat","embeddable":true,"href":"https:\/\/acecoll.com\/nb\/wp-json\/wp\/v2\/product_cat?post=236"},{"taxonomy":"product_tag","embeddable":true,"href":"https:\/\/acecoll.com\/nb\/wp-json\/wp\/v2\/product_tag?post=236"}],"curies":[{"name":"wp","href":"https:\/\/api.w.org\/{rel}","templated":true}]}}