{"id":237,"date":"2025-10-28T07:38:41","date_gmt":"2025-10-28T07:38:41","guid":{"rendered":"https:\/\/acecoll.com\/?post_type=product&#038;p=237"},"modified":"2026-02-11T07:24:30","modified_gmt":"2026-02-11T07:24:30","slug":"af029-taktisk-overlevelseskniv-bowie-med-fast-blad-i-rustfritt-stal","status":"publish","type":"product","link":"https:\/\/acecoll.com\/nb\/product\/af029-taktisk-overlevelseskniv-bowie-med-fast-blad-i-rustfritt-stal\/","title":{"rendered":"AC029 Stor taktisk og overlevelsesbowiekniv"},"content":{"rendered":"<p>The AC029 Large Tactical &amp; Survival Bowie Knife is designed for outdoor adventure and survival situations.<\/p>\n<p>Den har en full-tang-konstruksjon med et blad i h\u00f8yfast premiumst\u00e5l, smidd og herdet ved h\u00f8ye temperaturer for overlegen hardhet og slitestyrke. Bladet holder seg skarpt og slitesterkt, med en tykkelse p\u00e5 opptil 5 mm, noe som sikrer ekstrem p\u00e5litelighet.<\/p>\n<p>Utstyrt med et svart h\u00e5ndtak i hardt tre for utmerket stabilitet og grep.<\/p>\n<p>Den karakteristiske designen og det gode h\u00e5ndverket gir den ogs\u00e5 samlerverdi, noe som gj\u00f8r den til et ideelt verkt\u00f8y for utend\u00f8rsaktiviteter, camping, overlevelsestrening og taktisk bruk.<\/p>","protected":false},"excerpt":{"rendered":"<p data-start=\"1413\" data-end=\"1505\">Stort blad med s\u00e6rpreget design: Den unike formen gir en sterk f\u00f8lelse av kraft og funksjonalitet, samtidig som den har samlerverdi.<br \/>\nSmiing og herding ved h\u00f8y temperatur: Fagmessig smidd og varmebehandlet ved h\u00f8ye temperaturer for overlegen hardhet, slitestyrke og langvarig kantbevaring.<br \/>\nFulltangskonstruksjon med h\u00f8y styrke: Bygget av ett enkelt stykke st\u00e5l for enest\u00e5ende slagfasthet og p\u00e5litelighet under tung bruk.<br \/>\nTaktisk og overlevelsesdesign med to bruksomr\u00e5der: Egnet til hogging, selvforsvar, camping og overlevelse - et ideelt verkt\u00f8y for utforsking utend\u00f8rs.<\/p>","protected":false},"featured_media":1144,"comment_status":"open","ping_status":"closed","template":"","meta":{"_acf_changed":false,"inline_featured_image":false,"slim_seo":{"title":"AC029 Large Tactical & Survival Bowie Knife - ACECOLL","description":"Stort blad med s\u00e6rpreget design: Den unike formen gir en sterk f\u00f8lelse av kraft og funksjonalitet, samtidig som den har samlerverdi. H\u00f8y temperatur"}},"product_brand":[],"product_cat":[22,16,23,18,19],"product_tag":[],"class_list":{"0":"post-237","1":"product","2":"type-product","3":"status-publish","4":"has-post-thumbnail","6":"product_cat-bowie-knife","7":"product_cat-fixed-blade-knife","8":"product_cat-hunting-knives","9":"product_cat-survival-knives","10":"product_cat-tactical-knives","12":"first","13":"instock","14":"taxable","15":"shipping-taxable","16":"purchasable","17":"product-type-simple"},"acf":[],"_links":{"self":[{"href":"https:\/\/acecoll.com\/nb\/wp-json\/wp\/v2\/product\/237","targetHints":{"allow":["GET"]}}],"collection":[{"href":"https:\/\/acecoll.com\/nb\/wp-json\/wp\/v2\/product"}],"about":[{"href":"https:\/\/acecoll.com\/nb\/wp-json\/wp\/v2\/types\/product"}],"replies":[{"embeddable":true,"href":"https:\/\/acecoll.com\/nb\/wp-json\/wp\/v2\/comments?post=237"}],"version-history":[{"count":6,"href":"https:\/\/acecoll.com\/nb\/wp-json\/wp\/v2\/product\/237\/revisions"}],"predecessor-version":[{"id":1690,"href":"https:\/\/acecoll.com\/nb\/wp-json\/wp\/v2\/product\/237\/revisions\/1690"}],"wp:featuredmedia":[{"embeddable":true,"href":"https:\/\/acecoll.com\/nb\/wp-json\/wp\/v2\/media\/1144"}],"wp:attachment":[{"href":"https:\/\/acecoll.com\/nb\/wp-json\/wp\/v2\/media?parent=237"}],"wp:term":[{"taxonomy":"product_brand","embeddable":true,"href":"https:\/\/acecoll.com\/nb\/wp-json\/wp\/v2\/product_brand?post=237"},{"taxonomy":"product_cat","embeddable":true,"href":"https:\/\/acecoll.com\/nb\/wp-json\/wp\/v2\/product_cat?post=237"},{"taxonomy":"product_tag","embeddable":true,"href":"https:\/\/acecoll.com\/nb\/wp-json\/wp\/v2\/product_tag?post=237"}],"curies":[{"name":"wp","href":"https:\/\/api.w.org\/{rel}","templated":true}]}}