{"id":238,"date":"2025-10-28T07:38:42","date_gmt":"2025-10-28T07:38:42","guid":{"rendered":"https:\/\/acecoll.com\/?post_type=product&#038;p=238"},"modified":"2026-03-31T08:03:19","modified_gmt":"2026-03-31T08:03:19","slug":"af030-taktisk-overlevelseskniv-bowie-med-fast-blad-handtak-i-redwood-a8-verktoystal","status":"publish","type":"product","link":"https:\/\/acecoll.com\/nb\/product\/af030-taktisk-overlevelseskniv-bowie-med-fast-blad-handtak-i-redwood-a8-verktoystal\/","title":{"rendered":"AC030 langbladet bowie jaktkniv"},"content":{"rendered":"<p>AC030 Long Blade Bowie Knife har et klassisk design med et robust utseende. Bladet er ekstra langt og tykt, egnet for jungelutforskning og overlevelse i villmarken, og er ogs\u00e5 verdt \u00e5 samle p\u00e5.<br \/>\nBladet er laget av h\u00f8yfast premiumst\u00e5l med h\u00f8ytemperaturherdet smiing. Konstruksjonen med full tange sikrer styrke og holdbarhet.<br \/>\nDet r\u00f8dbrune h\u00e5ndtaket i hardt tre gir et behagelig grep, og skinnhylsteret gj\u00f8r den enkel \u00e5 b\u00e6re og beskytte.<br \/>\nDenne taktiske kniven er et uunnv\u00e6rlig verkt\u00f8y, enten det gjelder friluftsliv, overlevelse eller samling.<\/p>","protected":false},"excerpt":{"rendered":"<p>Profesjonell taktisk design: Klassisk Bowie-knivform, robust utseende, kombinerer praktisk anvendelighet og samlerverdi.<\/p>\n<p>Ekstra langt blad for kraftig hogging og staking: Total lengde 15,55 tommer, bladlengde 10,2 tommer, ryggtykkelse 6,5 mm.<\/p>\n<p>Smidd, h\u00f8ytemperatur-slokket blad med full tang: Full tang-design styrker bladet, og h\u00f8ytemperaturbr\u00e5kj\u00f8ling forbedrer hardheten og slitestyrken.<\/p>\n<p>Multifunksjonell overlevelseskniv for utend\u00f8rsbruk: Egnet for jungelrydding, hakking, skj\u00e6ring; ideell utend\u00f8rs kniv for jungelutforskning og overlevelse i villmarken.<\/p>","protected":false},"featured_media":365,"comment_status":"open","ping_status":"closed","template":"","meta":{"_acf_changed":false,"inline_featured_image":false,"slim_seo":{"description":"AC030, klassisk design, egnet for jungelutforskning, overlevelse i villmarken, hugging og skj\u00e6ring, ogs\u00e5 samleobjekt. En m\u00e5-ha multifunksjonell taktisk kniv for utend\u00f8rs- og overlevelsesentusiaster, n\u00e5 hot selling.","title":"AC030 long blade bowie hunting knife - ACECOLL"}},"product_brand":[],"product_cat":[22,17,23,18],"product_tag":[],"class_list":{"0":"post-238","1":"product","2":"type-product","3":"status-publish","4":"has-post-thumbnail","6":"product_cat-bowie-knife","7":"product_cat-full-tang-knives","8":"product_cat-hunting-knives","9":"product_cat-survival-knives","11":"first","12":"instock","13":"taxable","14":"shipping-taxable","15":"purchasable","16":"product-type-simple"},"acf":[],"_links":{"self":[{"href":"https:\/\/acecoll.com\/nb\/wp-json\/wp\/v2\/product\/238","targetHints":{"allow":["GET"]}}],"collection":[{"href":"https:\/\/acecoll.com\/nb\/wp-json\/wp\/v2\/product"}],"about":[{"href":"https:\/\/acecoll.com\/nb\/wp-json\/wp\/v2\/types\/product"}],"replies":[{"embeddable":true,"href":"https:\/\/acecoll.com\/nb\/wp-json\/wp\/v2\/comments?post=238"}],"version-history":[{"count":6,"href":"https:\/\/acecoll.com\/nb\/wp-json\/wp\/v2\/product\/238\/revisions"}],"predecessor-version":[{"id":1636,"href":"https:\/\/acecoll.com\/nb\/wp-json\/wp\/v2\/product\/238\/revisions\/1636"}],"wp:featuredmedia":[{"embeddable":true,"href":"https:\/\/acecoll.com\/nb\/wp-json\/wp\/v2\/media\/365"}],"wp:attachment":[{"href":"https:\/\/acecoll.com\/nb\/wp-json\/wp\/v2\/media?parent=238"}],"wp:term":[{"taxonomy":"product_brand","embeddable":true,"href":"https:\/\/acecoll.com\/nb\/wp-json\/wp\/v2\/product_brand?post=238"},{"taxonomy":"product_cat","embeddable":true,"href":"https:\/\/acecoll.com\/nb\/wp-json\/wp\/v2\/product_cat?post=238"},{"taxonomy":"product_tag","embeddable":true,"href":"https:\/\/acecoll.com\/nb\/wp-json\/wp\/v2\/product_tag?post=238"}],"curies":[{"name":"wp","href":"https:\/\/api.w.org\/{rel}","templated":true}]}}