{"id":243,"date":"2025-10-28T07:38:42","date_gmt":"2025-10-28T07:38:42","guid":{"rendered":"https:\/\/acecoll.com\/?post_type=product&#038;p=243"},"modified":"2025-11-27T01:51:02","modified_gmt":"2025-11-27T01:51:02","slug":"af001-medium-taktisk-overlevelseskniv-med-clip-point","status":"publish","type":"product","link":"https:\/\/acecoll.com\/nb\/product\/af001-medium-taktisk-overlevelseskniv-med-clip-point\/","title":{"rendered":"AC001 Medium Clip Point taktisk kniv og overlevelseskniv"},"content":{"rendered":"<p>AC001 Medium Clip Point Tactical &amp; Survival Knife combines practical performance with a clean, minimalist design.<\/p>\n<p>Bladet er smidd av D2-verkt\u00f8yst\u00e5l med h\u00f8y ytelse, noe som gir skarphet, slitestyrke, utmerket korrosjonsbeskyttelse og lang holdbarhet. Full-Tang-konstruksjonen g\u00e5r gjennom hele h\u00e5ndtaket, noe som sikrer solid p\u00e5litelighet under intensiv utend\u00f8rs bruk.<\/p>\n<p>Det nylonforsterkede h\u00e5ndtaket er ergonomisk utformet for et sikkert, sklisikkert og komfortabelt grep. Den leveres med en slitesterk Kydex-kappe for enkel b\u00e6ring og rask tilgang, ideelt for camping, fotturer, overlevelse, jakt og hverdagsbruk.<\/p>\n<p>Finnes i svart og brun farge.<\/p>","protected":false},"excerpt":{"rendered":"<ul>\n<li><b><span data-font-family=\"\u5b8b\u4f53\">Blad i D2-st\u00e5l med h\u00f8y ytelse:<\/span><\/b><span data-font-family=\"\u5b8b\u4f53\"> Laget av f\u00f8rsteklasses D2-verkt\u00f8yst\u00e5l for overlegen skarphet, slitestyrke og korrosjonsbeskyttelse.<\/span><\/li>\n<li><b><span data-font-family=\"\u5b8b\u4f53\">Profesjonell utend\u00f8rs design:<\/span><\/b><span data-font-family=\"\u5b8b\u4f53\"> Utviklet av en erfaren friluftsentusiast. Den presise krumningen p\u00e5 bladet gir utmerket skj\u00e6reeffektivitet og kontroll. Den kryogeniske herdingsprosessen foredler st\u00e5lets struktur og \u00f8ker styrken og seigheten.<\/span><\/li>\n<li><b><span data-font-family=\"\u5b8b\u4f53\">Ergonomisk h\u00e5ndtak:<\/span><\/b><span data-font-family=\"\u5b8b\u4f53\"> Nylonforsterket h\u00e5ndtak gir et sikkert og sklisikkert grep. Dype fingerriller sikrer stabilitet og presisjon, selv med v\u00e5te hender.<\/span><\/li>\n<li><b><span data-font-family=\"\u5b8b\u4f53\">Lett og allsidig:<\/span><\/b><span data-font-family=\"\u5b8b\u4f53\"> Veier bare 230 g. Kompakt og smidig, ideell for camping, fotturer, overlevelse, jakt eller hverdagsbruk.<\/span><\/li>\n<li><b><span data-font-family=\"\u5b8b\u4f53\">Fargealternativer:<\/span><\/b><span data-font-family=\"\u5b8b\u4f53\"> Finnes i svart eller brun.<\/span><\/li>\n<\/ul>","protected":false},"featured_media":387,"comment_status":"open","ping_status":"closed","template":"","meta":{"_acf_changed":false,"inline_featured_image":false,"slim_seo":{"title":"Medium taktisk kniv med klipsespiss for overlevelse - ACECOLL","description":"AC001 Medium Clip Point Tactical &amp; Survival Knife, designet av erfarne friluftsentusiaster, ideell for camping, fotturer, overlevelse, jakt og EDC, klikk for \u00e5 l\u00e6re mer!"}},"product_brand":[],"product_cat":[16,17,18,19],"product_tag":[],"class_list":{"0":"post-243","1":"product","2":"type-product","3":"status-publish","4":"has-post-thumbnail","6":"product_cat-fixed-blade-knife","7":"product_cat-full-tang-knives","8":"product_cat-survival-knives","9":"product_cat-tactical-knives","11":"first","12":"instock","13":"taxable","14":"shipping-taxable","15":"purchasable","16":"product-type-variable"},"acf":[],"_links":{"self":[{"href":"https:\/\/acecoll.com\/nb\/wp-json\/wp\/v2\/product\/243","targetHints":{"allow":["GET"]}}],"collection":[{"href":"https:\/\/acecoll.com\/nb\/wp-json\/wp\/v2\/product"}],"about":[{"href":"https:\/\/acecoll.com\/nb\/wp-json\/wp\/v2\/types\/product"}],"replies":[{"embeddable":true,"href":"https:\/\/acecoll.com\/nb\/wp-json\/wp\/v2\/comments?post=243"}],"version-history":[{"count":10,"href":"https:\/\/acecoll.com\/nb\/wp-json\/wp\/v2\/product\/243\/revisions"}],"predecessor-version":[{"id":1680,"href":"https:\/\/acecoll.com\/nb\/wp-json\/wp\/v2\/product\/243\/revisions\/1680"}],"wp:featuredmedia":[{"embeddable":true,"href":"https:\/\/acecoll.com\/nb\/wp-json\/wp\/v2\/media\/387"}],"wp:attachment":[{"href":"https:\/\/acecoll.com\/nb\/wp-json\/wp\/v2\/media?parent=243"}],"wp:term":[{"taxonomy":"product_brand","embeddable":true,"href":"https:\/\/acecoll.com\/nb\/wp-json\/wp\/v2\/product_brand?post=243"},{"taxonomy":"product_cat","embeddable":true,"href":"https:\/\/acecoll.com\/nb\/wp-json\/wp\/v2\/product_cat?post=243"},{"taxonomy":"product_tag","embeddable":true,"href":"https:\/\/acecoll.com\/nb\/wp-json\/wp\/v2\/product_tag?post=243"}],"curies":[{"name":"wp","href":"https:\/\/api.w.org\/{rel}","templated":true}]}}