{"id":244,"date":"2025-10-28T07:38:42","date_gmt":"2025-10-28T07:38:42","guid":{"rendered":"https:\/\/acecoll.com\/?post_type=product&#038;p=244"},"modified":"2025-11-14T02:19:55","modified_gmt":"2025-11-14T02:19:55","slug":"af002-medium-spydspiss-taktisk-overlevelsesdolk","status":"publish","type":"product","link":"https:\/\/acecoll.com\/nb\/product\/af002-medium-spydspiss-taktisk-overlevelsesdolk\/","title":{"rendered":"AC002 Medium spydspiss taktisk dolk og overlevelsesdolk"},"content":{"rendered":"<p>AC002 Medium Spear Point Tactical &amp; Survival Dagger, designet for utend\u00f8rsbrukere som \u00f8nsker h\u00f8y ytelse og p\u00e5litelighet.<\/p>\n<p>The blade is made of premium M390 steel, sharp and durable, with excellent wear and corrosion resistance. The full tang structure further ensures a solid and stable build.<\/p>\n<p>Treh\u00e5ndtak for et komfortabelt grep, kombinert med en slire i ekte l\u00e6r. Den leveres ogs\u00e5 med en solid messingknapp og et hull for sn\u00f8re, slik at du raskt og enkelt kan f\u00e5 tilgang til den fra et belte eller en st\u00f8vel.<\/p>\n<p>Total lengde 10,2 tommer, bladlengde 5,5 tommer, en velbalansert st\u00f8rrelse som egner seg sv\u00e6rt godt til utend\u00f8rs bruk eller i n\u00f8dstilfeller.<\/p>\n<p>AC002 er et p\u00e5litelig universalverkt\u00f8y du kan stole p\u00e5, uansett om du skal p\u00e5 camping, fottur, EDC eller overlevelse utend\u00f8rs.<\/p>","protected":false},"excerpt":{"rendered":"<p>F\u00f8rsteklasses st\u00e5l: Bladet er laget av f\u00f8rsteklasses M390-st\u00e5l, skarpt og slitesterkt, med utmerket slitasje- og korrosjonsbestandighet. Konstruksjonen med full tange forbedrer knivens stabilitet ytterligere.<br \/>\nKomfortabelt h\u00e5ndtak: Designet med et h\u00e5ndtak i massivt tre, sklisikkert og slitesterkt, behagelig \u00e5 holde i, noe som sikrer stabil kontroll i ulike utemilj\u00f8er.<br \/>\nSikker oppbevaring: Leveres med et l\u00e6rhylster som beskytter bladet godt og forhindrer at det sklir. Med et hull i snoren kan den festes til et belte eller en st\u00f8vel for sikrere b\u00e6ring.<br \/>\nAllsidig bruk: Passer til camping, fotturer, EDC, overlevelse og et bredt spekter av utend\u00f8rsscenarier.<\/p>","protected":false},"featured_media":393,"comment_status":"open","ping_status":"closed","template":"","meta":{"_acf_changed":false,"inline_featured_image":false,"slim_seo":{"title":"AC002 Medium spydspiss taktisk dolk og overlevelsesdolk - ACECOLL","description":"AC002 Medium taktisk og overlevelsesdolk: f\u00f8rsteklasses M390-st\u00e5l + full tang. Ideell for camping, fotturer, EDC og utend\u00f8rs overlevelse. N\u00e5 tilgjengelig - klikk for \u00e5 l\u00e6re mer!"}},"product_brand":[],"product_cat":[16,20],"product_tag":[],"class_list":{"0":"post-244","1":"product","2":"type-product","3":"status-publish","4":"has-post-thumbnail","6":"product_cat-fixed-blade-knife","7":"product_cat-tactical-dagger","9":"first","10":"instock","11":"taxable","12":"shipping-taxable","13":"purchasable","14":"product-type-simple"},"acf":[],"_links":{"self":[{"href":"https:\/\/acecoll.com\/nb\/wp-json\/wp\/v2\/product\/244","targetHints":{"allow":["GET"]}}],"collection":[{"href":"https:\/\/acecoll.com\/nb\/wp-json\/wp\/v2\/product"}],"about":[{"href":"https:\/\/acecoll.com\/nb\/wp-json\/wp\/v2\/types\/product"}],"replies":[{"embeddable":true,"href":"https:\/\/acecoll.com\/nb\/wp-json\/wp\/v2\/comments?post=244"}],"version-history":[{"count":5,"href":"https:\/\/acecoll.com\/nb\/wp-json\/wp\/v2\/product\/244\/revisions"}],"predecessor-version":[{"id":1317,"href":"https:\/\/acecoll.com\/nb\/wp-json\/wp\/v2\/product\/244\/revisions\/1317"}],"wp:featuredmedia":[{"embeddable":true,"href":"https:\/\/acecoll.com\/nb\/wp-json\/wp\/v2\/media\/393"}],"wp:attachment":[{"href":"https:\/\/acecoll.com\/nb\/wp-json\/wp\/v2\/media?parent=244"}],"wp:term":[{"taxonomy":"product_brand","embeddable":true,"href":"https:\/\/acecoll.com\/nb\/wp-json\/wp\/v2\/product_brand?post=244"},{"taxonomy":"product_cat","embeddable":true,"href":"https:\/\/acecoll.com\/nb\/wp-json\/wp\/v2\/product_cat?post=244"},{"taxonomy":"product_tag","embeddable":true,"href":"https:\/\/acecoll.com\/nb\/wp-json\/wp\/v2\/product_tag?post=244"}],"curies":[{"name":"wp","href":"https:\/\/api.w.org\/{rel}","templated":true}]}}