{"id":245,"date":"2025-10-28T07:38:42","date_gmt":"2025-10-28T07:38:42","guid":{"rendered":"https:\/\/acecoll.com\/?post_type=product&#038;p=245"},"modified":"2025-11-12T14:52:42","modified_gmt":"2025-11-12T14:52:42","slug":"af003-tanto-jungel-taktisk-overlevelseskniv-medium","status":"publish","type":"product","link":"https:\/\/acecoll.com\/nb\/product\/af003-tanto-jungel-taktisk-overlevelseskniv-medium\/","title":{"rendered":"AC003 Tanto Jungle Tactical &amp; Survival Knife (Medium)"},"content":{"rendered":"<p>AC003 Medium Tanto Jungle Tactical &amp; Survival Knife, designed for outdoor adventure and heavy-duty tasks.<\/p>\n<p>Bladet er h\u00e5ndsmidd av SKD-11-st\u00e5l med en hardhet p\u00e5 opptil 61 HRC. Den V-formede eggen gj\u00f8r denne taktiske kniven egnet til et bredt spekter av skj\u00e6reoppgaver utend\u00f8rs.<\/p>\n<p>Full tang construction combined with a black G10 non-slip handle ensures greater stability and reliability.<\/p>\n<p>Utstyrt med en Kydex-kappe som er praktisk \u00e5 b\u00e6re i belte eller ryggsekk, noe som gj\u00f8r den mer fleksibel og praktisk \u00e5 bruke.<\/p>\n<p>For Camping, Hiking &amp; Bushcraft, the AC003 Tactical Survival Knife will be your trusted companion.<\/p>","protected":false},"excerpt":{"rendered":"<ul>\n<li><strong>Premium st\u00e5l:<\/strong> AC003 Jungle Tactical &amp; Survival Knife er h\u00e5ndsmidd av SKD-11-st\u00e5l med en hardhet p\u00e5 opptil 61 HRC, noe som sikrer lang holdbarhet.<\/li>\n<li><strong>Full-Tang-konstruksjon:<\/strong> Knivblad i ett stykke med sklisikkert G10-h\u00e5ndtak for et mer stabilt og p\u00e5litelig grep.<\/li>\n<li><strong>V-formet kant:<\/strong> Skarp og kraftig, egnet for kutting, hakking og ulike utend\u00f8rsoppgaver.<\/li>\n<li><strong>Kydex-kappe:<\/strong> Leveres med en lett og slitesterk Kydex-kappe som kan justeres i flere vinkler, og som er praktisk \u00e5 b\u00e6re i belte eller ryggsekk.<\/li>\n<li><strong>Allsidig bruk utend\u00f8rs:<\/strong> Ideell for camping, fotturer og overlevelse i jungelen. Kan ogs\u00e5 brukes til matlaging, vedhugging, kutting av tau og knusing av glass i n\u00f8dsituasjoner.<\/li>\n<\/ul>","protected":false},"featured_media":399,"comment_status":"open","ping_status":"closed","template":"","meta":{"_acf_changed":false,"inline_featured_image":false,"slim_seo":{"title":"Jungle Tanto taktisk kniv og overlevelseskniv (Medium) - ACECOLL","description":"AC003 Tanto Jungle Tactical &amp; Survival Knife (Medium): H\u00e5ndsmidd SKD-11 st\u00e5l + sklisikkert h\u00e5ndtak, Kydex-kappe, for camping, fotturer, bushcraft. N\u00e5 tilgjengelig - klikk for \u00e5 l\u00e6re mer!"}},"product_brand":[],"product_cat":[16,19,21],"product_tag":[],"class_list":{"0":"post-245","1":"product","2":"type-product","3":"status-publish","4":"has-post-thumbnail","6":"product_cat-fixed-blade-knife","7":"product_cat-tactical-knives","8":"product_cat-tanto-knives","10":"first","11":"instock","12":"taxable","13":"shipping-taxable","14":"purchasable","15":"product-type-simple"},"acf":[],"_links":{"self":[{"href":"https:\/\/acecoll.com\/nb\/wp-json\/wp\/v2\/product\/245","targetHints":{"allow":["GET"]}}],"collection":[{"href":"https:\/\/acecoll.com\/nb\/wp-json\/wp\/v2\/product"}],"about":[{"href":"https:\/\/acecoll.com\/nb\/wp-json\/wp\/v2\/types\/product"}],"replies":[{"embeddable":true,"href":"https:\/\/acecoll.com\/nb\/wp-json\/wp\/v2\/comments?post=245"}],"version-history":[{"count":5,"href":"https:\/\/acecoll.com\/nb\/wp-json\/wp\/v2\/product\/245\/revisions"}],"predecessor-version":[{"id":1214,"href":"https:\/\/acecoll.com\/nb\/wp-json\/wp\/v2\/product\/245\/revisions\/1214"}],"wp:featuredmedia":[{"embeddable":true,"href":"https:\/\/acecoll.com\/nb\/wp-json\/wp\/v2\/media\/399"}],"wp:attachment":[{"href":"https:\/\/acecoll.com\/nb\/wp-json\/wp\/v2\/media?parent=245"}],"wp:term":[{"taxonomy":"product_brand","embeddable":true,"href":"https:\/\/acecoll.com\/nb\/wp-json\/wp\/v2\/product_brand?post=245"},{"taxonomy":"product_cat","embeddable":true,"href":"https:\/\/acecoll.com\/nb\/wp-json\/wp\/v2\/product_cat?post=245"},{"taxonomy":"product_tag","embeddable":true,"href":"https:\/\/acecoll.com\/nb\/wp-json\/wp\/v2\/product_tag?post=245"}],"curies":[{"name":"wp","href":"https:\/\/api.w.org\/{rel}","templated":true}]}}