{"id":1807,"date":"2025-12-18T06:19:25","date_gmt":"2025-12-18T06:19:25","guid":{"rendered":"https:\/\/acecoll.com\/?page_id=1807"},"modified":"2026-03-13T02:15:44","modified_gmt":"2026-03-13T02:15:44","slug":"termos-de-servico","status":"publish","type":"page","link":"https:\/\/acecoll.com\/pt\/termos-de-servico\/","title":{"rendered":"Termos de Servi\u00e7o"},"content":{"rendered":"<h2 class=\"wp-block-heading\">Termos de Servi\u00e7o<\/h2>\n\n<p>Este site \u00e9 operado pela <a href=\"https:\/\/acecoll.com\/pt\/\">ACECOLL<\/a>. Neste contexto, \u201cn\u00f3s\u201d e \u201cnosso\u201d referem-se \u00e0 ACECOLL. N\u00f3s fornecemos ao senhor (o usu\u00e1rio) este site, incluindo todas as informa\u00e7\u00f5es, ferramentas e servi\u00e7os, sujeitos \u00e0 sua aceita\u00e7\u00e3o de todos os termos, condi\u00e7\u00f5es, pol\u00edticas e declara\u00e7\u00f5es aqui estabelecidos.<\/p>\n<p><span data-font-family=\"\u5fae\u8f6f\u96c5\u9ed1\">Ao acessar nosso site e\/ou comprar qualquer mercadoria de nossa empresa, o senhor concorda em usar nossos \u201cServi\u00e7os\u201d e em estar vinculado a estes Termos de Servi\u00e7o (\u201cTermos\u201d), incluindo quaisquer termos, condi\u00e7\u00f5es ou pol\u00edticas adicionais aqui mencionados ou vinculados a este site.<\/span><\/p>\n<p><span data-font-family=\"\u5fae\u8f6f\u96c5\u9ed1\">Estes Termos de Servi\u00e7o se aplicam a todos os usu\u00e1rios do site, incluindo, entre outros, visitantes, fornecedores, clientes, comerciantes e\/ou colaboradores de conte\u00fado.<\/span><\/p>\n<p><span data-font-family=\"\u5fae\u8f6f\u96c5\u9ed1\">Leia estes Termos cuidadosamente antes de acessar ou usar este site. Seu acesso ou uso de qualquer parte deste site constitui sua concord\u00e2ncia em obedecer a estes Termos. Se o senhor n\u00e3o concordar com todos os termos e condi\u00e7\u00f5es deste contrato, n\u00e3o poder\u00e1 acessar este site nem usar quaisquer servi\u00e7os. Se estes Termos de Servi\u00e7o forem considerados uma oferta, a aceita\u00e7\u00e3o \u00e9 limitada a estes Termos de Servi\u00e7o.<\/span><\/p>\n<p><span data-font-family=\"\u5fae\u8f6f\u96c5\u9ed1\">Quaisquer novos recursos ou ferramentas adicionados \u00e0 loja atual est\u00e3o sujeitos a estes Termos de Servi\u00e7o. O senhor pode visualizar a vers\u00e3o mais recente dos Termos de Servi\u00e7o nesta p\u00e1gina a qualquer momento. Reservamo-nos o direito de atualizar, alterar ou substituir qualquer parte destes Termos de Servi\u00e7o, publicando atualiza\u00e7\u00f5es e\/ou altera\u00e7\u00f5es no site. \u00c9 de sua responsabilidade verificar periodicamente se h\u00e1 altera\u00e7\u00f5es nesta p\u00e1gina. O uso cont\u00ednuo ou o acesso do senhor a este site ap\u00f3s a publica\u00e7\u00e3o de quaisquer altera\u00e7\u00f5es constitui sua aceita\u00e7\u00e3o dessas altera\u00e7\u00f5es.<\/span><\/p>\n<p><span data-font-family=\"\u5fae\u8f6f\u96c5\u9ed1\">Nossa loja on-line est\u00e1 hospedada na plataforma Woocommerce. Eles nos fornecem uma plataforma de com\u00e9rcio eletr\u00f4nico on-line que nos permite vender produtos e servi\u00e7os aos senhores.<\/span><\/p>\n\n<h2 class=\"wp-block-heading\">Termos da loja on-line<\/h2>\n\n<p>Ao concordar com estes Termos de Servi\u00e7o, o senhor declara que atingiu a maioridade legal em seu estado ou prov\u00edncia. O senhor tamb\u00e9m concorda em supervisionar quaisquer dependentes menores que possam usar este site.<\/p>\n<p>O senhor n\u00e3o pode usar nossos produtos ou servi\u00e7os para qualquer finalidade ilegal ou n\u00e3o autorizada. O senhor deve cumprir todas as leis aplic\u00e1veis, inclusive as leis de direitos autorais, e n\u00e3o pode distribuir worms, v\u00edrus ou qualquer outro c\u00f3digo destrutivo. A viola\u00e7\u00e3o desses termos pode resultar no cancelamento imediato de seu acesso ou de seus servi\u00e7os.<\/p>\n\n<h2 class=\"wp-block-heading\">Termos e condi\u00e7\u00f5es gerais<\/h2>\n\n<p>Reservamo-nos o direito de recusar a presta\u00e7\u00e3o de servi\u00e7os a qualquer pessoa, a qualquer momento e por qualquer motivo.<\/p><p>O senhor entende que seu conte\u00fado (exceto informa\u00e7\u00f5es de cart\u00e3o de cr\u00e9dito) pode ser transmitido sem criptografia e pode: <br \/>(a) passar por v\u00e1rias redes; e <br \/>(b) ser modificado para atender aos requisitos t\u00e9cnicos de redes ou dispositivos conectados. <br \/>As informa\u00e7\u00f5es de cart\u00e3o de cr\u00e9dito, no entanto, s\u00e3o sempre criptografadas durante a transmiss\u00e3o.<\/p><p>O senhor concorda em n\u00e3o copiar, reproduzir, vender, revender ou usar de outra forma qualquer parte do Servi\u00e7o, ou fazer qualquer contato por meio do site, sem nossa permiss\u00e3o expressa por escrito.<\/p><p>Os t\u00edtulos deste Contrato s\u00e3o apenas para conveni\u00eancia e n\u00e3o afetam a interpreta\u00e7\u00e3o destes termos.<\/p>\n\n<h2 class=\"wp-block-heading\">Exatid\u00e3o, integridade e pontualidade das informa\u00e7\u00f5es<\/h2>\n\n<p>N\u00e3o nos responsabilizamos por qualquer imprecis\u00e3o, incompletude ou inoportunidade das informa\u00e7\u00f5es fornecidas neste site. O conte\u00fado deste site \u00e9 apenas para refer\u00eancia geral e n\u00e3o deve ser usado como a \u00fanica base para a tomada de decis\u00f5es. Antes de tomar qualquer decis\u00e3o, o senhor deve consultar fontes de informa\u00e7\u00f5es mais confi\u00e1veis, precisas, completas ou oportunas. O senhor usa o conte\u00fado deste site por sua pr\u00f3pria conta e risco.<\/p><p>Este site pode conter informa\u00e7\u00f5es hist\u00f3ricas. As informa\u00e7\u00f5es hist\u00f3ricas n\u00e3o refletem necessariamente a situa\u00e7\u00e3o atual e servem apenas como refer\u00eancia. Reservamo-nos o direito de modificar o conte\u00fado deste site a qualquer momento, mas n\u00e3o temos nenhuma obriga\u00e7\u00e3o de atualizar qualquer informa\u00e7\u00e3o no site. O senhor concorda em ser o \u00fanico respons\u00e1vel pelo monitoramento das altera\u00e7\u00f5es feitas neste site.<\/p>\n\n<h2 class=\"wp-block-heading\">\u00a0Altera\u00e7\u00f5es nos Termos de Servi\u00e7o<\/h2>\n\n<p><span dir=\"auto\">O senhor pode visualizar a vers\u00e3o mais recente dos Termos de Servi\u00e7o nesta p\u00e1gina a qualquer momento.<\/span><\/p><p><span dir=\"auto\">Reservamo-nos o direito de atualizar, alterar ou substituir qualquer parte destes Termos de Servi\u00e7o a nosso crit\u00e9rio exclusivo, e essas atualiza\u00e7\u00f5es e altera\u00e7\u00f5es ser\u00e3o publicadas em nosso site. \u00c9 de sua responsabilidade verificar periodicamente se h\u00e1 altera\u00e7\u00f5es em nosso site. O uso cont\u00ednuo ou o acesso do senhor ao nosso site ou aos nossos servi\u00e7os ap\u00f3s qualquer altera\u00e7\u00e3o nestes Termos de Servi\u00e7o constitui sua aceita\u00e7\u00e3o dessas altera\u00e7\u00f5es.<\/span><\/p>\n\n<h2 class=\"wp-block-heading\">Entre em contato conosco<\/h2>\n\n<p>Em caso de d\u00favidas sobre os termos de servi\u00e7o, envie um e-mail para info@acecoll.com.<\/p>","protected":false},"excerpt":{"rendered":"<p>Terms of Service This website is operated by ACECOLL. In this context, \u201cwe\u201d and \u201cour\u201d refer to ACECOLL. We provide you (the user) with this website, including all information, tools, and services, subject to your acceptance of all terms, conditions, policies, and statements set forth herein. By accessing our website and\/or purchasing any goods from [&hellip;]<\/p>","protected":false},"author":4,"featured_media":0,"parent":0,"menu_order":0,"comment_status":"closed","ping_status":"closed","template":"","meta":{"_acf_changed":false,"inline_featured_image":false,"slim_seo":{"description":"Os Termos de Servi\u00e7o descrevem as regras, condi\u00e7\u00f5es e pol\u00edticas que regem o uso do site, dos produtos e dos servi\u00e7os da ACECOLL.","title":"Terms of Service - ACECOLL"},"footnotes":""},"class_list":["post-1807","page","type-page","status-publish","hentry"],"acf":[],"_links":{"self":[{"href":"https:\/\/acecoll.com\/pt\/wp-json\/wp\/v2\/pages\/1807","targetHints":{"allow":["GET"]}}],"collection":[{"href":"https:\/\/acecoll.com\/pt\/wp-json\/wp\/v2\/pages"}],"about":[{"href":"https:\/\/acecoll.com\/pt\/wp-json\/wp\/v2\/types\/page"}],"author":[{"embeddable":true,"href":"https:\/\/acecoll.com\/pt\/wp-json\/wp\/v2\/users\/4"}],"replies":[{"embeddable":true,"href":"https:\/\/acecoll.com\/pt\/wp-json\/wp\/v2\/comments?post=1807"}],"version-history":[{"count":17,"href":"https:\/\/acecoll.com\/pt\/wp-json\/wp\/v2\/pages\/1807\/revisions"}],"predecessor-version":[{"id":1987,"href":"https:\/\/acecoll.com\/pt\/wp-json\/wp\/v2\/pages\/1807\/revisions\/1987"}],"wp:attachment":[{"href":"https:\/\/acecoll.com\/pt\/wp-json\/wp\/v2\/media?parent=1807"}],"curies":[{"name":"wp","href":"https:\/\/api.w.org\/{rel}","templated":true}]}}