{"id":3,"date":"2025-10-28T04:18:07","date_gmt":"2025-10-28T04:18:07","guid":{"rendered":"http:\/\/acecoll.com\/?page_id=3"},"modified":"2026-03-13T03:05:01","modified_gmt":"2026-03-13T03:05:01","slug":"politica-de-privacidade","status":"publish","type":"page","link":"https:\/\/acecoll.com\/pt\/politica-de-privacidade\/","title":{"rendered":"Pol\u00edtica de Privacidade"},"content":{"rendered":"<h2 class=\"wp-block-heading\">Pol\u00edtica de Privacidade<\/h2>\n\n<h2 class=\"wp-block-heading\">O que fazemos com suas informa\u00e7\u00f5es?<\/h2>\n\n<p>Quando o senhor compra algo da <a href=\"https:\/\/acecoll.com\/pt\/\">ACECOLL<\/a>, Como parte do processo de compra e venda, coletamos as informa\u00e7\u00f5es pessoais que o senhor nos fornece, como seu nome, endere\u00e7o e endere\u00e7o de e-mail.<br \/>Quando o senhor navega em nossa loja, tamb\u00e9m recebemos automaticamente o endere\u00e7o de protocolo de Internet (IP) do seu computador para nos fornecer informa\u00e7\u00f5es que nos ajudam a conhecer seu navegador e sistema operacional.<\/p>\n<p>Marketing por e-mail (se aplic\u00e1vel): Com o seu consentimento, poderemos enviar-lhe e-mails sobre nossa loja, novos produtos e outras atualiza\u00e7\u00f5es.<\/p>\n\n<h2 class=\"wp-block-heading\">Como obtemos seu consentimento<\/h2>\n\n<p>Quando o senhor nos fornece informa\u00e7\u00f5es pessoais para concluir uma transa\u00e7\u00e3o, verificar seu m\u00e9todo de pagamento, fazer um pedido, providenciar a entrega ou devolver uma compra, o senhor consente com a coleta e o uso dessas informa\u00e7\u00f5es exclusivamente para esses fins espec\u00edficos.<\/p>\n<p>Se solicitarmos suas informa\u00e7\u00f5es pessoais para fins secund\u00e1rios, como marketing, solicitaremos seu consentimento expl\u00edcito ou lhe daremos a op\u00e7\u00e3o de recusar.<\/p>\n\n<h2 class=\"wp-block-heading\">Retirada de seu consentimento<\/h2>\n\n<p>Se o senhor tiver optado por participar e depois mudar de ideia, poder\u00e1 retirar seu consentimento para que entremos em contato com o senhor ou para que continuemos a coletar, usar ou divulgar suas informa\u00e7\u00f5es pessoais <strong data-start=\"894\" data-end=\"951\">a qualquer momento, entrando em contato conosco pelo e-mail <\/strong> info@acecoll.com.<\/p>\n\n<h2 class=\"wp-block-heading\">Divulga\u00e7\u00e3o de informa\u00e7\u00f5es pessoais<\/h2>\n\n<p>Podemos divulgar suas informa\u00e7\u00f5es pessoais se formos obrigados a faz\u00ea-lo por lei ou se o senhor violar nossos Termos de Servi\u00e7o.<\/p>\n\n<h2 class=\"wp-block-heading\">Servi\u00e7os de terceiros<\/h2>\n\n<p>Em geral, os provedores terceirizados que utilizamos coletar\u00e3o, usar\u00e3o e divulgar\u00e3o suas informa\u00e7\u00f5es somente na medida necess\u00e1ria para realizar seus servi\u00e7os para n\u00f3s. Alguns provedores, como gateways de pagamento, t\u00eam suas pr\u00f3prias pol\u00edticas de privacidade com rela\u00e7\u00e3o \u00e0s informa\u00e7\u00f5es que fornecemos para transa\u00e7\u00f5es relacionadas a compras.<\/p>\n<p>Recomendamos que o senhor analise as pol\u00edticas de privacidade desses provedores para entender como suas informa\u00e7\u00f5es pessoais ser\u00e3o tratadas. Observe que alguns provedores podem estar localizados em jurisdi\u00e7\u00f5es diferentes da sua ou da nossa. Ao prosseguir com uma transa\u00e7\u00e3o envolvendo um provedor terceirizado, suas informa\u00e7\u00f5es poder\u00e3o estar sujeitas \u00e0s leis dessa jurisdi\u00e7\u00e3o.<\/p>\n<p>Por exemplo, se o senhor estiver localizado no Canad\u00e1 e sua transa\u00e7\u00e3o for processada por um gateway de pagamento nos Estados Unidos, suas informa\u00e7\u00f5es pessoais poder\u00e3o estar sujeitas \u00e0 legisla\u00e7\u00e3o dos EUA, incluindo a Lei Patriota.<\/p>\n<p>Ao sair do nosso site ou ser redirecionado para um site de terceiros, o usu\u00e1rio n\u00e3o ser\u00e1 mais regido por esta Pol\u00edtica de Privacidade ou por nossos Termos de Servi\u00e7o.<\/p>\n\n<h2 class=\"wp-block-heading\">Seguran\u00e7a<\/h2>\n\n<p>Para proteger suas informa\u00e7\u00f5es pessoais, tomamos precau\u00e7\u00f5es razo\u00e1veis e seguimos as pr\u00e1ticas recomendadas do setor para garantir que elas n\u00e3o sejam perdidas, mal utilizadas, acessadas, divulgadas, alteradas ou destru\u00eddas de forma inadequada.<\/p>\n<p>Se o senhor nos fornecer informa\u00e7\u00f5es sobre seu cart\u00e3o de cr\u00e9dito, essas informa\u00e7\u00f5es ser\u00e3o criptografadas usando a tecnologia Secure Socket Layer (SSL) e armazenadas com criptografia AES. Embora nenhum m\u00e9todo de transmiss\u00e3o pela Internet ou de armazenamento eletr\u00f4nico seja 100% seguro, seguimos todos os requisitos do PCI-DSS e implementamos outros padr\u00f5es do setor geralmente aceitos.<\/p>\n\n<h2 class=\"wp-block-heading\">Cookies<\/h2>\n\n<p>Se o senhor deixar um coment\u00e1rio em nosso site, poder\u00e1 optar por salvar seu nome, endere\u00e7o de e-mail e site em cookies para sua conveni\u00eancia. Esses cookies t\u00eam dura\u00e7\u00e3o de um ano.<\/p>\n<p>Se o senhor visitar nossa p\u00e1gina de login, um cookie tempor\u00e1rio ser\u00e1 definido para determinar se o seu navegador aceita cookies. Esse cookie n\u00e3o cont\u00e9m dados pessoais e \u00e9 descartado quando o senhor fecha o navegador.<\/p>\n<p>Quando o senhor faz login, v\u00e1rios cookies s\u00e3o definidos para salvar suas informa\u00e7\u00f5es de login e op\u00e7\u00f5es de exibi\u00e7\u00e3o de tela. Os cookies de login duram dois dias, os cookies de op\u00e7\u00f5es de tela duram um ano e a sele\u00e7\u00e3o de \u201cRemember Me\u201d estende os cookies de login para duas semanas. Fazer logout remove os cookies de login.<\/p>\n\n<h2 class=\"wp-block-heading\">Idade de consentimento<\/h2>\n\n<p>Ao usar este site, o(a) senhor(a) declara que tem pelo menos a idade da maioridade em seu estado ou prov\u00edncia de resid\u00eancia. Se for menor de idade, o senhor confirma que obteve o consentimento dos pais ou do respons\u00e1vel para usar este site.<\/p>\n\n<h2 class=\"wp-block-heading\">Altera\u00e7\u00f5es a esta Pol\u00edtica de Privacidade<\/h2>\n\n<p>Reservamo-nos o direito de modificar esta Pol\u00edtica de Privacidade a qualquer momento. As altera\u00e7\u00f5es e esclarecimentos entrar\u00e3o em vigor imediatamente ap\u00f3s a publica\u00e7\u00e3o em nosso site.<\/p>\n<p>Se fizermos altera\u00e7\u00f5es substanciais, o notificaremos por meio do e-mail fornecido em sua conta para que o senhor esteja ciente das informa\u00e7\u00f5es que coletamos, como as usamos e em que circunst\u00e2ncias podemos divulg\u00e1-las.<\/p>\n\n<h2 class=\"wp-block-heading\">Perguntas e informa\u00e7\u00f5es de contato<\/h2>\n\n<p>Se quiser acessar, corrigir, alterar ou excluir qualquer informa\u00e7\u00e3o pessoal que tenhamos sobre o(a) senhor(a), registrar uma reclama\u00e7\u00e3o ou solicitar mais informa\u00e7\u00f5es, entre em contato conosco pelo e-mail info@acecoll.com.<\/p>","protected":false},"excerpt":{"rendered":"<p>Privacy Policy What Do We Do With Your Information? When you purchase something from ACECOLL, as part of the buying and selling process, we collect the personal information you give us such as your name, address and email address.When you browse our store, we also automatically receive your computer\u2019s internet protocol (IP) address in order [&hellip;]<\/p>","protected":false},"author":4,"featured_media":0,"parent":0,"menu_order":0,"comment_status":"closed","ping_status":"open","template":"","meta":{"_acf_changed":false,"inline_featured_image":false,"slim_seo":{"description":"A Pol\u00edtica de Privacidade oficial da ACECOLL explica como coletamos, usamos e protegemos suas informa\u00e7\u00f5es pessoais, incluindo consentimento, servi\u00e7os de terceiros, cookies e seus direitos.","title":"Privacy Policy - ACECOLL"},"footnotes":""},"class_list":["post-3","page","type-page","status-publish","hentry"],"acf":[],"_links":{"self":[{"href":"https:\/\/acecoll.com\/pt\/wp-json\/wp\/v2\/pages\/3","targetHints":{"allow":["GET"]}}],"collection":[{"href":"https:\/\/acecoll.com\/pt\/wp-json\/wp\/v2\/pages"}],"about":[{"href":"https:\/\/acecoll.com\/pt\/wp-json\/wp\/v2\/types\/page"}],"author":[{"embeddable":true,"href":"https:\/\/acecoll.com\/pt\/wp-json\/wp\/v2\/users\/4"}],"replies":[{"embeddable":true,"href":"https:\/\/acecoll.com\/pt\/wp-json\/wp\/v2\/comments?post=3"}],"version-history":[{"count":30,"href":"https:\/\/acecoll.com\/pt\/wp-json\/wp\/v2\/pages\/3\/revisions"}],"predecessor-version":[{"id":1993,"href":"https:\/\/acecoll.com\/pt\/wp-json\/wp\/v2\/pages\/3\/revisions\/1993"}],"wp:attachment":[{"href":"https:\/\/acecoll.com\/pt\/wp-json\/wp\/v2\/media?parent=3"}],"curies":[{"name":"wp","href":"https:\/\/api.w.org\/{rel}","templated":true}]}}