{"id":613,"date":"2025-10-28T11:05:26","date_gmt":"2025-10-28T11:05:26","guid":{"rendered":"https:\/\/acecoll.com\/?page_id=613"},"modified":"2026-03-13T01:52:07","modified_gmt":"2026-03-13T01:52:07","slug":"politica-de-remessa","status":"publish","type":"page","link":"https:\/\/acecoll.com\/pt\/politica-de-remessa\/","title":{"rendered":"Pol\u00edtica de remessa"},"content":{"rendered":"<h1 class=\"wp-block-heading\">Pol\u00edtica de remessa<\/h1>\n\n<h2 class=\"wp-block-heading\">Cobertura de remessa<\/h2>\n\n<p>Oferecemos remessa mundial com frete gr\u00e1tis para todos os pedidos.<\/p>\n\n<h2 class=\"wp-block-heading\">Tempo de processamento de pedidos<\/h2>\n\n<p>Tempo de processamento do pedido: 1 a 3 dias \u00fateis<br \/>Entrega estimada: 10 a 20 dias \u00fateis<\/p>\n\n<h2 class=\"wp-block-heading\">Rastreamento de pedidos<\/h2>\n\n<p>Para rastrear seu pedido, o senhor pode visitar o site de rastreamento da log\u00edstica global<br \/><a href=\"https:\/\/www.17track.net\/en\" target=\"_blank\" rel=\"noopener\">https:\/\/www.17track.net\/en<\/a><br \/>ou no site da empresa expressa<br \/><a href=\"https:\/\/www.ems.com.cn\/english\/\" target=\"_blank\" rel=\"noopener\">https:\/\/www.ems.com.cn\/english\/<\/a>, Verifique o status do seu pedido.<\/p>\n\n<h2 class=\"wp-block-heading\">Requisitos de endere\u00e7o de remessa<\/h2>\n\n<p>Para facilitar todo o processo de envio e garantir que o senhor receba o item em tempo h\u00e1bil, forne\u00e7a seu endere\u00e7o completo, incluindo cidade, estado e regi\u00e3o (se aplic\u00e1vel).<\/p>\n\n<h2 class=\"wp-block-heading\">Processamento de pedidos<\/h2>\n\n<p>Queremos garantir que o senhor receba seu item o mais r\u00e1pido poss\u00edvel. Ao fazer o pedido, certifique-se de selecionar o modelo e a cor corretos, pois n\u00e3o podemos alterar seu pedido. Depois que um pedido \u00e9 inserido no sistema, ele n\u00e3o pode ser modificado ou cancelado.<\/p>\n\n<h2 class=\"wp-block-heading\">Informa\u00e7\u00f5es de remessa incorretas<\/h2>\n\n<!-- wp:Array \/-->\n\n<h2 class=\"wp-block-heading\">Confirma\u00e7\u00e3o de envio<\/h2>\n\n<!-- wp:Array \/-->\n\n<h2 class=\"wp-block-heading\">Detalhes de rastreamento do pedido<\/h2>\n\n<p>Como destinat\u00e1rio, a alf\u00e2ndega local pode exigir documenta\u00e7\u00e3o adicional e tempo para liberar o pacote, o que pode atrasar o tempo estimado de entrega.<\/p><p>Seu pedido pode ser entregue ao senhor por meio do correio local ou de um servi\u00e7o de entrega local.<\/p><p>Se o senhor n\u00e3o estiver em casa quando a entrega for feita, o servi\u00e7o postal poder\u00e1 deixar um cart\u00e3o de notifica\u00e7\u00e3o com instru\u00e7\u00f5es sobre como e onde retir\u00e1-la.<\/p><p>Se o seu pacote foi marcado como \u201cEntregue\u201d, mas o senhor n\u00e3o o recebeu - os ve\u00edculos de entrega da UPS usam o GPS para atualizar automaticamente o pacote como \u201cEntregue\u201d antes do tempo.<\/p><p>Aguarde mais um dia \u00fatil, pois o pacote pode ser marcado incorretamente como entregue e chegar no dia seguinte.<\/p><p>Recomendamos que o senhor entre em contato com a ag\u00eancia de correios local da UPS. Sua ag\u00eancia de correios local poder\u00e1 oferecer um servi\u00e7o melhor e mais r\u00e1pido. Pergunte quem entregou o pacote e pe\u00e7a detalhes sobre a entrega daquele dia.<\/p>\n\n<h2 class=\"wp-block-heading\">Acordo de libera\u00e7\u00e3o de risco, libera\u00e7\u00e3o de responsabilidade e indeniza\u00e7\u00e3o<\/h2>\n\n<p><a href=\"https:\/\/acecoll.com\/pt\/\">ACECOLL<\/a> n\u00e3o garante que indiv\u00edduos ou empresas possam vender, comprar, possuir ou portar facas legalmente.<\/p>\n<p>Todo e qualquer item previsto na legisla\u00e7\u00e3o federal, estadual ou local. Esses itens incluem, mas n\u00e3o se limitam a, canivetes, canivetes, facas, itens com l\u00e2minas ocultas e l\u00e2minas de dois gumes.<\/p>\n<p>Acreditamos que \u00e9 extremamente importante seguir as diretrizes estabelecidas pela legisla\u00e7\u00e3o estadual. Ao comprar qualquer item da ACECOLL, o comprador garante que est\u00e1 em conformidade com todas as leis federais, locais e estaduais e que pode comprar o item legalmente.<\/p>\n<p>As facas podem ser perigosas se n\u00e3o forem manuseadas adequadamente. Mantenha-as fora do alcance de crian\u00e7as. Aconselhamos enfaticamente que os itens comprados da ACECOLL n\u00e3o sejam vendidos a menores de idade sem a permiss\u00e3o dos pais.<\/p>\n<p>Se o senhor tiver alguma d\u00favida, entre em contato conosco por telefone ou e-mail e responderemos o mais r\u00e1pido poss\u00edvel.<\/p>","protected":false},"excerpt":{"rendered":"<p>Shipping policy Shipping Coverage We offer worldwide shipping with free shipping on all orders. Order Processing Time Order processing time: 1-3 working daysEstimated Delivery: 10-20 business days Order Tracking To track your order, you can visit the global logistics tracking websitehttps:\/\/www.17track.net\/enor the express company\u2019s websitehttps:\/\/www.ems.com.cn\/english\/, check your order status. Shipping Address Requirements To facilitate the [&hellip;]<\/p>","protected":false},"author":4,"featured_media":0,"parent":0,"menu_order":0,"comment_status":"closed","ping_status":"closed","template":"","meta":{"_acf_changed":false,"inline_featured_image":false,"slim_seo":{"title":"Shipping policy - ACECOLL","description":"Pol\u00edtica de remessa Cobertura da remessa Oferecemos remessa mundial com frete gr\u00e1tis para todos os pedidos. Tempo de processamento do pedido Tempo de processamento do pedido: 1-3 dias \u00fateis Es"},"footnotes":""},"class_list":["post-613","page","type-page","status-publish","hentry"],"acf":[],"_links":{"self":[{"href":"https:\/\/acecoll.com\/pt\/wp-json\/wp\/v2\/pages\/613","targetHints":{"allow":["GET"]}}],"collection":[{"href":"https:\/\/acecoll.com\/pt\/wp-json\/wp\/v2\/pages"}],"about":[{"href":"https:\/\/acecoll.com\/pt\/wp-json\/wp\/v2\/types\/page"}],"author":[{"embeddable":true,"href":"https:\/\/acecoll.com\/pt\/wp-json\/wp\/v2\/users\/4"}],"replies":[{"embeddable":true,"href":"https:\/\/acecoll.com\/pt\/wp-json\/wp\/v2\/comments?post=613"}],"version-history":[{"count":11,"href":"https:\/\/acecoll.com\/pt\/wp-json\/wp\/v2\/pages\/613\/revisions"}],"predecessor-version":[{"id":1985,"href":"https:\/\/acecoll.com\/pt\/wp-json\/wp\/v2\/pages\/613\/revisions\/1985"}],"wp:attachment":[{"href":"https:\/\/acecoll.com\/pt\/wp-json\/wp\/v2\/media?parent=613"}],"curies":[{"name":"wp","href":"https:\/\/api.w.org\/{rel}","templated":true}]}}