{"id":1059,"date":"2025-11-05T05:49:47","date_gmt":"2025-11-05T05:49:47","guid":{"rendered":"https:\/\/acecoll.com\/?post_type=product&#038;p=1059"},"modified":"2026-03-26T07:37:01","modified_gmt":"2026-03-26T07:37:01","slug":"af026-faca-tatica-de-sobrevivencia-com-lamina-fixa-tanto-em-aco-sanmai","status":"publish","type":"product","link":"https:\/\/acecoll.com\/pt\/product\/af026-faca-tatica-de-sobrevivencia-com-lamina-fixa-tanto-em-aco-sanmai\/","title":{"rendered":"AC026 Faca T\u00e1tica e de Sobreviv\u00eancia San Mai Tanto"},"content":{"rendered":"<p>A AC026 San Mai Tanto Tactical &amp; Survival Knife \u00e9 uma l\u00e2mina fixa de alta qualidade para uso externo que combina praticidade e colecionabilidade.<br \/>\nA l\u00e2mina usa a tecnologia de forjamento San Mai, combinando tr\u00eas camadas de a\u00e7o de alto desempenho para equilibrar afia\u00e7\u00e3o, dureza e resist\u00eancia \u00e0 corros\u00e3o.<br \/>\nA estrutura Full-Tang garante estabilidade e confiabilidade sob uso intenso.<br \/>\nA l\u00e2mina Tanto tem borda afiada e ponta forte, adequada para tarefas de corte e perfura\u00e7\u00e3o.<br \/>\nA al\u00e7a G10 verde-clara proporciona uma pegada firme, combinada com uma bainha Kydex verde-clara que \u00e9 leve, dur\u00e1vel e f\u00e1cil de carregar.<br \/>\nSeja para EDC di\u00e1rio, aventura ao ar livre, uso de sobreviv\u00eancia ou cole\u00e7\u00e3o, o AC026 tem um bom desempenho<\/p>","protected":false},"excerpt":{"rendered":"<p>Combina\u00e7\u00e3o de coleta e utilidade: O forjamento San Mai e o acabamento acetinado da l\u00e2mina a tornam adequada tanto para uso externo quanto para cole\u00e7\u00e3o<br \/>\nL\u00e2mina forjada San Mai: Fabricada com tr\u00eas camadas de a\u00e7o de alto desempenho para proporcionar afia\u00e7\u00e3o, dureza e resist\u00eancia \u00e0 corros\u00e3o<br \/>\nConstru\u00e7\u00e3o Full-Tang: Oferece alta resist\u00eancia e estabilidade estrutural<br \/>\nCabo G10 antiderrapante: Superf\u00edcie texturizada para uma empunhadura firme e confort\u00e1vel<br \/>\nBainha t\u00e1tica de Kydex: Vem com um clipe de cinto ajust\u00e1vel para f\u00e1cil transporte e acesso r\u00e1pido<\/p>","protected":false},"featured_media":1066,"comment_status":"open","ping_status":"closed","template":"","meta":{"_acf_changed":false,"inline_featured_image":false,"slim_seo":{"description":"AC026 San Mai Tanto Tactical &amp; Survival Knife, ideal para EDC, sobreviv\u00eancia ao ar livre e cole\u00e7\u00e3o. J\u00e1 dispon\u00edvel, clique para saber mais.","title":"AC026 San Mai Tanto Tactical & Survival Knife - ACECOLL"}},"product_brand":[],"product_cat":[16,19,21],"product_tag":[],"class_list":{"0":"post-1059","1":"product","2":"type-product","3":"status-publish","4":"has-post-thumbnail","6":"product_cat-fixed-blade-knife","7":"product_cat-tactical-knives","8":"product_cat-tanto-knives","10":"first","11":"instock","12":"taxable","13":"shipping-taxable","14":"purchasable","15":"product-type-simple"},"acf":[],"_links":{"self":[{"href":"https:\/\/acecoll.com\/pt\/wp-json\/wp\/v2\/product\/1059","targetHints":{"allow":["GET"]}}],"collection":[{"href":"https:\/\/acecoll.com\/pt\/wp-json\/wp\/v2\/product"}],"about":[{"href":"https:\/\/acecoll.com\/pt\/wp-json\/wp\/v2\/types\/product"}],"replies":[{"embeddable":true,"href":"https:\/\/acecoll.com\/pt\/wp-json\/wp\/v2\/comments?post=1059"}],"version-history":[{"count":6,"href":"https:\/\/acecoll.com\/pt\/wp-json\/wp\/v2\/product\/1059\/revisions"}],"predecessor-version":[{"id":1708,"href":"https:\/\/acecoll.com\/pt\/wp-json\/wp\/v2\/product\/1059\/revisions\/1708"}],"wp:featuredmedia":[{"embeddable":true,"href":"https:\/\/acecoll.com\/pt\/wp-json\/wp\/v2\/media\/1066"}],"wp:attachment":[{"href":"https:\/\/acecoll.com\/pt\/wp-json\/wp\/v2\/media?parent=1059"}],"wp:term":[{"taxonomy":"product_brand","embeddable":true,"href":"https:\/\/acecoll.com\/pt\/wp-json\/wp\/v2\/product_brand?post=1059"},{"taxonomy":"product_cat","embeddable":true,"href":"https:\/\/acecoll.com\/pt\/wp-json\/wp\/v2\/product_cat?post=1059"},{"taxonomy":"product_tag","embeddable":true,"href":"https:\/\/acecoll.com\/pt\/wp-json\/wp\/v2\/product_tag?post=1059"}],"curies":[{"name":"wp","href":"https:\/\/api.w.org\/{rel}","templated":true}]}}