{"id":1077,"date":"2025-11-05T09:11:22","date_gmt":"2025-11-05T09:11:22","guid":{"rendered":"https:\/\/acecoll.com\/?post_type=product&#038;p=1077"},"modified":"2026-02-11T07:24:20","modified_gmt":"2026-02-11T07:24:20","slug":"ac028-facao-kukri-para-servico-pesado","status":"publish","type":"product","link":"https:\/\/acecoll.com\/pt\/product\/ac028-facao-kukri-para-servico-pesado\/","title":{"rendered":"AC028 Machete Kukri para servi\u00e7o pesado"},"content":{"rendered":"<p>O AC028 Heavy-Duty Kukri Machete apresenta um formato cl\u00e1ssico de kukri nepal\u00eas com uma l\u00e2mina de 7,5 mm de espessura e um design com peso para a frente, proporcionando um forte impulso de corte para tarefas pesadas, como cortar e remover obst\u00e1culos. Fabricada em a\u00e7o AUS-10 de alta resist\u00eancia, com tratamento t\u00e9rmico para dureza de at\u00e9 62\u00b1HRC, oferece excelente afia\u00e7\u00e3o, dureza e resist\u00eancia \u00e0 corros\u00e3o. A constru\u00e7\u00e3o full-tang garante estabilidade e confiabilidade sob uso pesado. Equipada com um cabo de madeira escura e uma bainha de couro artesanal, ela combina conforto com um visual cl\u00e1ssico, o que a torna uma ferramenta de ponta para uso pr\u00e1tico e para cole\u00e7\u00e3o.<\/p>","protected":false},"excerpt":{"rendered":"<p>Design de l\u00e2mina Kukri para servi\u00e7o pesado - Formato cl\u00e1ssico do kukri nepal\u00eas com uma l\u00e2mina balanceada para frente, proporcionando um forte impulso de corte para cortar, limpar e outras tarefas pesadas ao ar livre.<br \/>\nEstrutura da l\u00e2mina com 7,5 mm de espessura - Com uma espessura de 7,5 mm (0,295 polegadas), ela permanece est\u00e1vel e r\u00edgida sob uso de alto impacto, sem dobrar ou deformar.<br \/>\nForjamento em a\u00e7o AUS-10 de alta resist\u00eancia - Fabricado em a\u00e7o AUS-10 de alto teor de carbono e tratado termicamente para obter uma dureza de at\u00e9 62\u00b1HRC, oferecendo um equil\u00edbrio ideal entre afia\u00e7\u00e3o, tenacidade e resist\u00eancia \u00e0 corros\u00e3o.<br \/>\nConstru\u00e7\u00e3o Full-Tang para estabilidade - A l\u00e2mina atravessa todo o cabo para uma estrutura s\u00f3lida e confi\u00e1vel, garantindo resist\u00eancia e seguran\u00e7a em condi\u00e7\u00f5es externas exigentes.<br \/>\nCriado para aventura e sobreviv\u00eancia - Combina durabilidade, nitidez e pot\u00eancia, tornando-o uma ferramenta ideal para acampamentos, explora\u00e7\u00e3o da selva, ca\u00e7a e sobreviv\u00eancia ao ar livre.<\/p>","protected":false},"featured_media":1083,"comment_status":"open","ping_status":"closed","template":"","meta":{"_acf_changed":false,"inline_featured_image":false,"slim_seo":{"description":"AC028 Machete Kukri resistente para camping, bushcraft e sobreviv\u00eancia ao ar livre. Possui cabo de madeira e bainha de couro, combinando praticidade e valor colecion\u00e1vel.","title":"AC028 Heavy-Duty Kukri Machete - ACECOLL"}},"product_brand":[],"product_cat":[16,17,26],"product_tag":[],"class_list":{"0":"post-1077","1":"product","2":"type-product","3":"status-publish","4":"has-post-thumbnail","6":"product_cat-fixed-blade-knife","7":"product_cat-full-tang-knives","8":"product_cat-kukri-style-knives","10":"first","11":"instock","12":"taxable","13":"shipping-taxable","14":"purchasable","15":"product-type-simple"},"acf":[],"_links":{"self":[{"href":"https:\/\/acecoll.com\/pt\/wp-json\/wp\/v2\/product\/1077","targetHints":{"allow":["GET"]}}],"collection":[{"href":"https:\/\/acecoll.com\/pt\/wp-json\/wp\/v2\/product"}],"about":[{"href":"https:\/\/acecoll.com\/pt\/wp-json\/wp\/v2\/types\/product"}],"replies":[{"embeddable":true,"href":"https:\/\/acecoll.com\/pt\/wp-json\/wp\/v2\/comments?post=1077"}],"version-history":[{"count":3,"href":"https:\/\/acecoll.com\/pt\/wp-json\/wp\/v2\/product\/1077\/revisions"}],"predecessor-version":[{"id":1685,"href":"https:\/\/acecoll.com\/pt\/wp-json\/wp\/v2\/product\/1077\/revisions\/1685"}],"wp:featuredmedia":[{"embeddable":true,"href":"https:\/\/acecoll.com\/pt\/wp-json\/wp\/v2\/media\/1083"}],"wp:attachment":[{"href":"https:\/\/acecoll.com\/pt\/wp-json\/wp\/v2\/media?parent=1077"}],"wp:term":[{"taxonomy":"product_brand","embeddable":true,"href":"https:\/\/acecoll.com\/pt\/wp-json\/wp\/v2\/product_brand?post=1077"},{"taxonomy":"product_cat","embeddable":true,"href":"https:\/\/acecoll.com\/pt\/wp-json\/wp\/v2\/product_cat?post=1077"},{"taxonomy":"product_tag","embeddable":true,"href":"https:\/\/acecoll.com\/pt\/wp-json\/wp\/v2\/product_tag?post=1077"}],"curies":[{"name":"wp","href":"https:\/\/api.w.org\/{rel}","templated":true}]}}